{"id":1241,"date":"2015-11-10T15:31:34","date_gmt":"2015-09-10T15:31:34","guid":{"rendered":"https:\/\/www.zotal.com\/es\/product\/zotalin-cat-litter\/"},"modified":"2023-06-07T18:59:18","modified_gmt":"2023-06-07T16:59:18","slug":"zotalin-cat-litter","status":"publish","type":"product","link":"https:\/\/www.zotal.com\/en\/products\/pets\/zotalin-cat-litter\/","title":{"rendered":"ZOTALIN\u00ae <br>Cat Litter"},"content":{"rendered":"<p>ZOTAL\u00cdN\u00ae arena para gatos, es un producto totalmente\u00a0natural, de origen mineral, granulado y sin polvo,\u00a0que absorbe r\u00e1pidamente los l\u00edquidos, evitando la\u00a0formaci\u00f3n de malos olores.<\/p>\n<p>Nuestra arena para gatos es limpia e higi\u00e9nica,\u00a0no lleva aditivos y se encuentra libre de asbestos\u00a0y amianto. Impide la formaci\u00f3n de g\u00e9rmenes en la\u00a0bandeja de su gato y protege la piel de los animales\u00a0por ser un producto neutro, ideal para la salud de\u00a0su mascota.<\/p>\n<p>Adem\u00e1s su uso se ampl\u00eda a lechos para perros y aves, as\u00ed como garajes y talleres para absorber y limpiar derrames de aceites y otros l\u00edquidos. Puede ser empleado en frigor\u00edficos para evitar malos olores, as\u00ed como en cubos y recipientes para basuras para absorber restos de l\u00edquidos y evitar olores.<\/p>\n<h2><span style=\"color: #011168;\">Indicaciones, dosis recomendadas y modo de empleo<\/span><\/h2>\n<p><strong>Para lecho de gatos:<\/strong><\/p>\n<ol>\n<li>Despu\u00e9s de haber limpiado la bandeja o recipiente habitual, extender una capa de\u00a0ZOTAL\u00cdN\u00ae arena para gatos en el mismo, de unos 5 cm de espesor.<\/li>\n<li>Eliminar los excrementos desecados diariamente y remover la tierra.<\/li>\n<li>Cambiar todo el contenido de la bandeja al menos una vez a la semana, o antes si huele a orina de gato o si el animal muestra rechazo y no acude al recipiente.<\/li>\n<\/ol>\n<p><strong>Para lecho de cachorros de perro:<\/strong><\/p>\n<p>Debe extenderse una capa de 2-3 cm de\u00a0ZOTAL\u00cdN\u00ae arena en el lecho del cachorro, eliminando diariamente las zonas sucias.<\/p>\n<p><strong>Para p\u00e1jaros y otras aves:<\/strong><\/p>\n<p>Colocar en el fondo de la jaula una capa de\u00a0ZOTAL\u00cdN\u00ae arena, cambi\u00e1ndola cuando est\u00e9 sucia. Al poder prescindir de la rejilla, usando la capa de\u00a0ZOTAL\u00cdN\u00ae arena, el plumaje de los p\u00e1jaros lo agradece.<\/p>\n<p><strong>Garajes y talleres:<\/strong><\/p>\n<p>Esparcir\u00a0ZOTAL\u00cdN\u00ae arena sobre derrames de aceite u otros l\u00edquidos.<\/p>\n<p><strong>Frigor\u00edficos:<\/strong><\/p>\n<p>Poner un peque\u00f1o recipiente con\u00a0ZOTAL\u00cdN\u00ae arena y cambiarlo frecuentemente.<\/p>\n<p><strong>Recipientes o cubos de basura:<\/strong><\/p>\n<p>Poner en el recipiente de basuras una ligera capa de\u00a0ZOTAL\u00cdN\u00ae arena y sustituirla a diario. Absorbe los posibles restos de l\u00edquidos y evita malos olores.<\/p>\n<p>&nbsp;<\/p>\n<p>&nbsp;<\/p>\n","protected":false},"excerpt":{"rendered":"<p>A completely natural and innocuous product in granular form, with excellent absorption capacity. It can be used as litter for cats, puppies, pigeons, and canaries, or as an absorbent in workshops, waste bins, etc.<\/p>\n<p><img fetchpriority=\"high\" decoding=\"async\" class=\"alignnone size-full wp-image-1702\" src=\"https:\/\/www.zotal.com\/wp-content\/uploads\/2015\/09\/arena.jpg\" alt=\"arena\" width=\"296\" height=\"196\" \/><\/p>\n<p><iframe src=\"https:\/\/www.youtube.com\/embed\/cdG8uzkn-9M\" width=\"560\" height=\"315\" frameborder=\"0\" allowfullscreen=\"allowfullscreen\"><\/iframe><\/p>\n","protected":false},"featured_media":843,"comment_status":"closed","ping_status":"closed","template":"","meta":{"_acf_changed":false,"inline_featured_image":false},"product_brand":[],"product_cat":[188],"product_tag":[],"class_list":{"0":"post-1241","1":"product","2":"type-product","3":"status-publish","4":"has-post-thumbnail","6":"product_cat-pets","8":"first","9":"instock","10":"shipping-taxable","11":"product-type-simple"},"acf":[],"yoast_head":"<!-- This site is optimized with the Yoast SEO plugin v26.8 - https:\/\/yoast.com\/product\/yoast-seo-wordpress\/ -->\n<title>- ZOTALIN\u00ae Cat Litter - Zotal<\/title>\n<meta name=\"description\" content=\"- A completely natural and innocuous product in granular form, with excellent absorption capacity. It can be used as litter for cats, puppies, pigeons, and canaries, or as an absorbent in workshops, waste bins, etc.\" \/>\n<meta name=\"robots\" content=\"index, follow, max-snippet:-1, max-image-preview:large, max-video-preview:-1\" \/>\n<link rel=\"canonical\" href=\"https:\/\/www.zotal.com\/en\/products\/pets\/zotalin-cat-litter\/\" \/>\n<meta property=\"og:locale\" content=\"en_US\" \/>\n<meta property=\"og:type\" content=\"article\" \/>\n<meta property=\"og:title\" content=\"- ZOTALIN\u00ae Cat Litter - Zotal\" \/>\n<meta property=\"og:description\" content=\"- A completely natural and innocuous product in granular form, with excellent absorption capacity. It can be used as litter for cats, puppies, pigeons, and canaries, or as an absorbent in workshops, waste bins, etc.\" \/>\n<meta property=\"og:url\" content=\"https:\/\/www.zotal.com\/en\/products\/pets\/zotalin-cat-litter\/\" \/>\n<meta property=\"og:site_name\" content=\"Zotal\" \/>\n<meta property=\"article:publisher\" content=\"https:\/\/www.facebook.com\/zotallaboratorios\" \/>\n<meta property=\"article:modified_time\" content=\"2023-06-07T16:59:18+00:00\" \/>\n<meta property=\"og:image\" content=\"https:\/\/www.zotal.com\/wp-content\/uploads\/2015\/09\/arena-para-gatos-zotalin.jpg\" \/>\n\t<meta property=\"og:image:width\" content=\"500\" \/>\n\t<meta property=\"og:image:height\" content=\"500\" \/>\n\t<meta property=\"og:image:type\" content=\"image\/jpeg\" \/>\n<meta name=\"twitter:card\" content=\"summary_large_image\" \/>\n<meta name=\"twitter:site\" content=\"@zotallabs\" \/>\n<meta name=\"twitter:label1\" content=\"Est. reading time\" \/>\n\t<meta name=\"twitter:data1\" content=\"2 minutes\" \/>\n<script type=\"application\/ld+json\" class=\"yoast-schema-graph\">{\"@context\":\"https:\/\/schema.org\",\"@graph\":[{\"@type\":\"WebPage\",\"@id\":\"https:\/\/www.zotal.com\/en\/products\/pets\/zotalin-cat-litter\/\",\"url\":\"https:\/\/www.zotal.com\/en\/products\/pets\/zotalin-cat-litter\/\",\"name\":\"- ZOTALIN\u00ae Cat Litter - Zotal\",\"isPartOf\":{\"@id\":\"https:\/\/www.zotal.com\/en\/#website\"},\"primaryImageOfPage\":{\"@id\":\"https:\/\/www.zotal.com\/en\/products\/pets\/zotalin-cat-litter\/#primaryimage\"},\"image\":{\"@id\":\"https:\/\/www.zotal.com\/en\/products\/pets\/zotalin-cat-litter\/#primaryimage\"},\"thumbnailUrl\":\"https:\/\/www.zotal.com\/wp-content\/uploads\/2015\/09\/arena-para-gatos-zotalin.jpg\",\"datePublished\":\"2015-09-10T15:31:34+00:00\",\"dateModified\":\"2023-06-07T16:59:18+00:00\",\"description\":\"- A completely natural and innocuous product in granular form, with excellent absorption capacity. It can be used as litter for cats, puppies, pigeons, and canaries, or as an absorbent in workshops, waste bins, etc.\",\"breadcrumb\":{\"@id\":\"https:\/\/www.zotal.com\/en\/products\/pets\/zotalin-cat-litter\/#breadcrumb\"},\"inLanguage\":\"en-US\",\"potentialAction\":[{\"@type\":\"ReadAction\",\"target\":[\"https:\/\/www.zotal.com\/en\/products\/pets\/zotalin-cat-litter\/\"]}]},{\"@type\":\"ImageObject\",\"inLanguage\":\"en-US\",\"@id\":\"https:\/\/www.zotal.com\/en\/products\/pets\/zotalin-cat-litter\/#primaryimage\",\"url\":\"https:\/\/www.zotal.com\/wp-content\/uploads\/2015\/09\/arena-para-gatos-zotalin.jpg\",\"contentUrl\":\"https:\/\/www.zotal.com\/wp-content\/uploads\/2015\/09\/arena-para-gatos-zotalin.jpg\",\"width\":500,\"height\":500},{\"@type\":\"BreadcrumbList\",\"@id\":\"https:\/\/www.zotal.com\/en\/products\/pets\/zotalin-cat-litter\/#breadcrumb\",\"itemListElement\":[{\"@type\":\"ListItem\",\"position\":1,\"name\":\"Portada\",\"item\":\"https:\/\/www.zotal.com\/\"},{\"@type\":\"ListItem\",\"position\":2,\"name\":\"Productos\",\"item\":\"https:\/\/www.zotal.com\/shop\/\"},{\"@type\":\"ListItem\",\"position\":3,\"name\":\"ZOTALIN\u00ae Cat Litter\"}]},{\"@type\":\"WebSite\",\"@id\":\"https:\/\/www.zotal.com\/en\/#website\",\"url\":\"https:\/\/www.zotal.com\/en\/\",\"name\":\"Zotal\",\"description\":\"\",\"publisher\":{\"@id\":\"https:\/\/www.zotal.com\/en\/#organization\"},\"potentialAction\":[{\"@type\":\"SearchAction\",\"target\":{\"@type\":\"EntryPoint\",\"urlTemplate\":\"https:\/\/www.zotal.com\/en\/?s={search_term_string}\"},\"query-input\":{\"@type\":\"PropertyValueSpecification\",\"valueRequired\":true,\"valueName\":\"search_term_string\"}}],\"inLanguage\":\"en-US\"},{\"@type\":\"Organization\",\"@id\":\"https:\/\/www.zotal.com\/en\/#organization\",\"name\":\"Zotal Laboratorios\",\"url\":\"https:\/\/www.zotal.com\/en\/\",\"logo\":{\"@type\":\"ImageObject\",\"inLanguage\":\"en-US\",\"@id\":\"https:\/\/www.zotal.com\/en\/#\/schema\/logo\/image\/\",\"url\":\"https:\/\/www.zotal.com\/wp-content\/uploads\/2015\/08\/zotallogotipo.jpg\",\"contentUrl\":\"https:\/\/www.zotal.com\/wp-content\/uploads\/2015\/08\/zotallogotipo.jpg\",\"width\":706,\"height\":417,\"caption\":\"Zotal Laboratorios\"},\"image\":{\"@id\":\"https:\/\/www.zotal.com\/en\/#\/schema\/logo\/image\/\"},\"sameAs\":[\"https:\/\/www.facebook.com\/zotallaboratorios\",\"https:\/\/x.com\/zotallabs\",\"https:\/\/es.linkedin.com\/company\/laboratorios-zotal\",\"https:\/\/es.pinterest.com\/zotallabs\/\",\"https:\/\/www.youtube.com\/channel\/UCrNub93hYlNNSerE8khX8JQ\"]}]}<\/script>\n<!-- \/ Yoast SEO plugin. -->","yoast_head_json":{"title":"- ZOTALIN\u00ae Cat Litter - Zotal","description":"- A completely natural and innocuous product in granular form, with excellent absorption capacity. It can be used as litter for cats, puppies, pigeons, and canaries, or as an absorbent in workshops, waste bins, etc.","robots":{"index":"index","follow":"follow","max-snippet":"max-snippet:-1","max-image-preview":"max-image-preview:large","max-video-preview":"max-video-preview:-1"},"canonical":"https:\/\/www.zotal.com\/en\/products\/pets\/zotalin-cat-litter\/","og_locale":"en_US","og_type":"article","og_title":"- ZOTALIN\u00ae Cat Litter - Zotal","og_description":"- A completely natural and innocuous product in granular form, with excellent absorption capacity. It can be used as litter for cats, puppies, pigeons, and canaries, or as an absorbent in workshops, waste bins, etc.","og_url":"https:\/\/www.zotal.com\/en\/products\/pets\/zotalin-cat-litter\/","og_site_name":"Zotal","article_publisher":"https:\/\/www.facebook.com\/zotallaboratorios","article_modified_time":"2023-06-07T16:59:18+00:00","og_image":[{"width":500,"height":500,"url":"https:\/\/www.zotal.com\/wp-content\/uploads\/2015\/09\/arena-para-gatos-zotalin.jpg","type":"image\/jpeg"}],"twitter_card":"summary_large_image","twitter_site":"@zotallabs","twitter_misc":{"Est. reading time":"2 minutes"},"schema":{"@context":"https:\/\/schema.org","@graph":[{"@type":"WebPage","@id":"https:\/\/www.zotal.com\/en\/products\/pets\/zotalin-cat-litter\/","url":"https:\/\/www.zotal.com\/en\/products\/pets\/zotalin-cat-litter\/","name":"- ZOTALIN\u00ae Cat Litter - Zotal","isPartOf":{"@id":"https:\/\/www.zotal.com\/en\/#website"},"primaryImageOfPage":{"@id":"https:\/\/www.zotal.com\/en\/products\/pets\/zotalin-cat-litter\/#primaryimage"},"image":{"@id":"https:\/\/www.zotal.com\/en\/products\/pets\/zotalin-cat-litter\/#primaryimage"},"thumbnailUrl":"https:\/\/www.zotal.com\/wp-content\/uploads\/2015\/09\/arena-para-gatos-zotalin.jpg","datePublished":"2015-09-10T15:31:34+00:00","dateModified":"2023-06-07T16:59:18+00:00","description":"- A completely natural and innocuous product in granular form, with excellent absorption capacity. It can be used as litter for cats, puppies, pigeons, and canaries, or as an absorbent in workshops, waste bins, etc.","breadcrumb":{"@id":"https:\/\/www.zotal.com\/en\/products\/pets\/zotalin-cat-litter\/#breadcrumb"},"inLanguage":"en-US","potentialAction":[{"@type":"ReadAction","target":["https:\/\/www.zotal.com\/en\/products\/pets\/zotalin-cat-litter\/"]}]},{"@type":"ImageObject","inLanguage":"en-US","@id":"https:\/\/www.zotal.com\/en\/products\/pets\/zotalin-cat-litter\/#primaryimage","url":"https:\/\/www.zotal.com\/wp-content\/uploads\/2015\/09\/arena-para-gatos-zotalin.jpg","contentUrl":"https:\/\/www.zotal.com\/wp-content\/uploads\/2015\/09\/arena-para-gatos-zotalin.jpg","width":500,"height":500},{"@type":"BreadcrumbList","@id":"https:\/\/www.zotal.com\/en\/products\/pets\/zotalin-cat-litter\/#breadcrumb","itemListElement":[{"@type":"ListItem","position":1,"name":"Portada","item":"https:\/\/www.zotal.com\/"},{"@type":"ListItem","position":2,"name":"Productos","item":"https:\/\/www.zotal.com\/shop\/"},{"@type":"ListItem","position":3,"name":"ZOTALIN\u00ae Cat Litter"}]},{"@type":"WebSite","@id":"https:\/\/www.zotal.com\/en\/#website","url":"https:\/\/www.zotal.com\/en\/","name":"Zotal","description":"","publisher":{"@id":"https:\/\/www.zotal.com\/en\/#organization"},"potentialAction":[{"@type":"SearchAction","target":{"@type":"EntryPoint","urlTemplate":"https:\/\/www.zotal.com\/en\/?s={search_term_string}"},"query-input":{"@type":"PropertyValueSpecification","valueRequired":true,"valueName":"search_term_string"}}],"inLanguage":"en-US"},{"@type":"Organization","@id":"https:\/\/www.zotal.com\/en\/#organization","name":"Zotal Laboratorios","url":"https:\/\/www.zotal.com\/en\/","logo":{"@type":"ImageObject","inLanguage":"en-US","@id":"https:\/\/www.zotal.com\/en\/#\/schema\/logo\/image\/","url":"https:\/\/www.zotal.com\/wp-content\/uploads\/2015\/08\/zotallogotipo.jpg","contentUrl":"https:\/\/www.zotal.com\/wp-content\/uploads\/2015\/08\/zotallogotipo.jpg","width":706,"height":417,"caption":"Zotal Laboratorios"},"image":{"@id":"https:\/\/www.zotal.com\/en\/#\/schema\/logo\/image\/"},"sameAs":["https:\/\/www.facebook.com\/zotallaboratorios","https:\/\/x.com\/zotallabs","https:\/\/es.linkedin.com\/company\/laboratorios-zotal","https:\/\/es.pinterest.com\/zotallabs\/","https:\/\/www.youtube.com\/channel\/UCrNub93hYlNNSerE8khX8JQ"]}]}},"_links":{"self":[{"href":"https:\/\/www.zotal.com\/en\/wp-json\/wp\/v2\/product\/1241","targetHints":{"allow":["GET"]}}],"collection":[{"href":"https:\/\/www.zotal.com\/en\/wp-json\/wp\/v2\/product"}],"about":[{"href":"https:\/\/www.zotal.com\/en\/wp-json\/wp\/v2\/types\/product"}],"replies":[{"embeddable":true,"href":"https:\/\/www.zotal.com\/en\/wp-json\/wp\/v2\/comments?post=1241"}],"wp:featuredmedia":[{"embeddable":true,"href":"https:\/\/www.zotal.com\/en\/wp-json\/wp\/v2\/media\/843"}],"wp:attachment":[{"href":"https:\/\/www.zotal.com\/en\/wp-json\/wp\/v2\/media?parent=1241"}],"wp:term":[{"taxonomy":"product_brand","embeddable":true,"href":"https:\/\/www.zotal.com\/en\/wp-json\/wp\/v2\/product_brand?post=1241"},{"taxonomy":"product_cat","embeddable":true,"href":"https:\/\/www.zotal.com\/en\/wp-json\/wp\/v2\/product_cat?post=1241"},{"taxonomy":"product_tag","embeddable":true,"href":"https:\/\/www.zotal.com\/en\/wp-json\/wp\/v2\/product_tag?post=1241"}],"curies":[{"name":"wp","href":"https:\/\/api.w.org\/{rel}","templated":true}]}}