{"id":1243,"date":"2015-11-13T15:29:00","date_gmt":"2015-09-10T15:29:00","guid":{"rendered":"https:\/\/www.zotal.com\/es\/product\/parasital-lotion\/"},"modified":"2023-11-29T13:10:28","modified_gmt":"2023-11-29T12:10:28","slug":"parasital-lotion","status":"publish","type":"product","link":"https:\/\/www.zotal.com\/en\/products\/pets\/parasital-lotion\/","title":{"rendered":"PARASITAL\u00ae<br> Lotion"},"content":{"rendered":"<p>La <strong>loci\u00f3n<\/strong> <strong>repelente<\/strong>\u00a0<strong>PARASITAL\u00ae<\/strong> gracias a su composici\u00f3n, a base de ingredientes activos naturales, act\u00faa eficazmente contra los par\u00e1sitos externos. Es eficaz contra garrapatas, pulgas, moscas y el mosquito transmisor de la Leishmaniosis. De esta forma, estos insectos dejar\u00e1n de ser un problema, proporcionando bienestar y tranquilidad tanto a due\u00f1o como a mascotas.<\/p>\n<h2>Indicaciones<\/h2>\n<p>Los productos de la gama\u00a0<strong>PARASITAL\u00ae <\/strong>est\u00e1n indicados para acabar con las molestias causadas por los insectos y los \u00e1caros, tan comunes en la vida de nuestras mascotas.<\/p>\n<p>Con una alta capacidad de repelencia y persistencia, la <strong>loci\u00f3n repelente\u00a0PARASITAL\u00ae\u00a0 <\/strong>cuida a los animales de forma natural. Laboratorios independientes homologados garantizan la extraordinaria eficacia y persistencia de los ingredientes activos.<\/p>\n<p>Estudios experimentales han demostrado tambi\u00e9n su eficacia repelente frente a mosquitos del g\u00e9nero Phlebotomus, transmisores de la Leishmaniasis.<\/p>\n<p><strong>PARASITAL\u00ae\u00a0<\/strong>proporciona un grado de confortabilidad y bienestar necesarios que hacen m\u00e1s f\u00e1cil la vida diaria del animal y de su propietario.<\/p>\n<p>La loci\u00f3n repelente<strong> PARASITAL\u00ae\u00a0<\/strong>puede ser utilizada para repeler los ataques de pulgas, garrapatas, moscas y mosquitos sobre nuestros animales.<\/p>\n<h2>Modo de empleo<\/h2>\n<p>Pulverizar a unos 20-30 cm del animal un cierto n\u00famero de veces seg\u00fan el tama\u00f1o de este.<\/p>\n<p><strong>Perros<\/strong>: Apl\u00edquese de 0,5 \u00f3 1 mL\/Kg de peso vivo, dependiendo de la longitud del pelo del animal: 0,5 mL\/Kg de peso vivo para animales de pelo corto y hasta 1 mL\/Kg para animales de pelo largo, es decir de 1 a 2 pulverizaciones\/kg de peso.<\/p>\n<p><strong>Caballos<\/strong>: Apl\u00edquese 0,1 mL\/Kg de peso vivo, es decir, 1 pulverizaci\u00f3n\/5 Kg de peso del animal.<\/p>\n<p><strong>Cabras<\/strong>: Apl\u00edquese 0,5 mL\/Kg de peso vivo, es decir, 1 pulverizaci\u00f3n\/Kg de peso.<\/p>\n<p><strong>Ovejas<\/strong>: Apl\u00edquese de 0,5 a 1 mL\/Kg de peso vivo, dependiendo de la longitud de la Iana, es decir, de 1 a 2 pulverizaciones\/Kg de peso.<\/p>\n<p><strong>Aves<\/strong>: En aquellas con peso inferior a 1 Kg, aplicar de 2 a 4 pulverizaciones de manera que el producto alcance par debajo de ambas alas, cuello y obispillo. En aves de peso superior a 1 Kg, usar 5 pulverizaciones por Kg.<\/p>\n<p>La <strong>loci\u00f3n repelente\u00a0PARASITAL\u00ae<\/strong>\u00a0puede tambi\u00e9n pulverizarse sabre la cesta o estera de los perros a fin de repeler a los par\u00e1sitos que se encuentren en esta zona. Act\u00faa inmediatamente.<\/p>\n<p>Repetir el tratamiento coda 1 \u00f3 2 semanas en funci\u00f3n del grado de infestaci\u00f3n. En caso de reinfestaci\u00f3n puede acortarse el tiempo sin exceder de 2 aplicaciones por semana.<\/p>\n<p>No aplicar en gatos ni animales menores de dos meses. Pulverizar a unos 20 cm del animal.<\/p>\n<p><iframe src=\"https:\/\/www.youtube.com\/embed\/cdG8uzkn-9M\" width=\"560\" height=\"315\" frameborder=\"0\" allowfullscreen=\"allowfullscreen\" data-mce-fragment=\"1\"><\/iframe><\/p>\n","protected":false},"excerpt":{"rendered":"<p>PARASITAL\u00ae REPELLENT LOTION is a product that can be used on dogs, horses, ruminants, pigs and poultry. It contains a fixative ingredient to attach the active ingredients to the animal\u2019s hair or feathers, thus protecting it for 15 days against all kind of insects. Its all-natural formula has been lab tested to ensure excellent efficacy results as well as ease and safety for animals and owners. Do not use on cats.<\/p>\n<p>The PARASITAL\u00ae range of natural repellents is effective against PHLEBOTOMUS (the products repel mosquitoes belonging to the genus Phlebotomus, which are a vector for Leishmaniosis).<\/p>\n<p><img fetchpriority=\"high\" decoding=\"async\" class=\"alignnone size-full wp-image-1700\" src=\"https:\/\/www.zotal.com\/wp-content\/uploads\/2015\/09\/locion.jpg\" alt=\"locion\" width=\"296\" height=\"196\" \/><\/p>\n<p><iframe src=\"https:\/\/www.youtube.com\/embed\/cdG8uzkn-9M\" width=\"560\" height=\"315\" frameborder=\"0\" allowfullscreen=\"allowfullscreen\"><\/iframe><\/p>\n","protected":false},"featured_media":8137,"comment_status":"closed","ping_status":"closed","template":"","meta":{"_acf_changed":false,"inline_featured_image":false},"product_brand":[],"product_cat":[188],"product_tag":[],"class_list":{"0":"post-1243","1":"product","2":"type-product","3":"status-publish","4":"has-post-thumbnail","6":"product_cat-pets","8":"first","9":"instock","10":"shipping-taxable","11":"product-type-simple"},"acf":[],"yoast_head":"<!-- This site is optimized with the Yoast SEO plugin v26.8 - https:\/\/yoast.com\/product\/yoast-seo-wordpress\/ -->\n<title>PARASITAL\u00ae Loci\u00f3n Repelente | ZOTAL<\/title>\n<meta name=\"description\" content=\"PARASITAL\u00ae Loci\u00f3n Repelente es un producto destinado a perros, equinos, rumiantes y aves que le protege durante 15 d\u00edas de todo tipo de insectos.\" \/>\n<meta name=\"robots\" content=\"index, follow, max-snippet:-1, max-image-preview:large, max-video-preview:-1\" \/>\n<link rel=\"canonical\" href=\"https:\/\/www.zotal.com\/en\/products\/pets\/parasital-lotion\/\" \/>\n<meta property=\"og:locale\" content=\"en_US\" \/>\n<meta property=\"og:type\" content=\"article\" \/>\n<meta property=\"og:title\" content=\"PARASITAL\u00ae Loci\u00f3n Repelente | ZOTAL\" \/>\n<meta property=\"og:description\" content=\"PARASITAL\u00ae Loci\u00f3n Repelente es un producto destinado a perros, equinos, rumiantes y aves que le protege durante 15 d\u00edas de todo tipo de insectos.\" \/>\n<meta property=\"og:url\" content=\"https:\/\/www.zotal.com\/en\/products\/pets\/parasital-lotion\/\" \/>\n<meta property=\"og:site_name\" content=\"Zotal\" \/>\n<meta property=\"article:publisher\" content=\"https:\/\/www.facebook.com\/zotallaboratorios\" \/>\n<meta property=\"article:modified_time\" content=\"2023-11-29T12:10:28+00:00\" \/>\n<meta property=\"og:image\" content=\"https:\/\/www.zotal.com\/wp-content\/uploads\/2015\/11\/parasitallocion250.jpg\" \/>\n\t<meta property=\"og:image:width\" content=\"1000\" \/>\n\t<meta property=\"og:image:height\" content=\"1000\" \/>\n\t<meta property=\"og:image:type\" content=\"image\/jpeg\" \/>\n<meta name=\"twitter:card\" content=\"summary_large_image\" \/>\n<meta name=\"twitter:site\" content=\"@zotallabs\" \/>\n<meta name=\"twitter:label1\" content=\"Est. reading time\" \/>\n\t<meta name=\"twitter:data1\" content=\"2 minutes\" \/>\n<script type=\"application\/ld+json\" class=\"yoast-schema-graph\">{\"@context\":\"https:\/\/schema.org\",\"@graph\":[{\"@type\":\"WebPage\",\"@id\":\"https:\/\/www.zotal.com\/en\/products\/pets\/parasital-lotion\/\",\"url\":\"https:\/\/www.zotal.com\/en\/products\/pets\/parasital-lotion\/\",\"name\":\"PARASITAL\u00ae Loci\u00f3n Repelente | ZOTAL\",\"isPartOf\":{\"@id\":\"https:\/\/www.zotal.com\/en\/#website\"},\"primaryImageOfPage\":{\"@id\":\"https:\/\/www.zotal.com\/en\/products\/pets\/parasital-lotion\/#primaryimage\"},\"image\":{\"@id\":\"https:\/\/www.zotal.com\/en\/products\/pets\/parasital-lotion\/#primaryimage\"},\"thumbnailUrl\":\"https:\/\/www.zotal.com\/wp-content\/uploads\/2015\/11\/parasitallocion250.jpg\",\"datePublished\":\"2015-09-10T15:29:00+00:00\",\"dateModified\":\"2023-11-29T12:10:28+00:00\",\"description\":\"PARASITAL\u00ae Loci\u00f3n Repelente es un producto destinado a perros, equinos, rumiantes y aves que le protege durante 15 d\u00edas de todo tipo de insectos.\",\"breadcrumb\":{\"@id\":\"https:\/\/www.zotal.com\/en\/products\/pets\/parasital-lotion\/#breadcrumb\"},\"inLanguage\":\"en-US\",\"potentialAction\":[{\"@type\":\"ReadAction\",\"target\":[\"https:\/\/www.zotal.com\/en\/products\/pets\/parasital-lotion\/\"]}]},{\"@type\":\"ImageObject\",\"inLanguage\":\"en-US\",\"@id\":\"https:\/\/www.zotal.com\/en\/products\/pets\/parasital-lotion\/#primaryimage\",\"url\":\"https:\/\/www.zotal.com\/wp-content\/uploads\/2015\/11\/parasitallocion250.jpg\",\"contentUrl\":\"https:\/\/www.zotal.com\/wp-content\/uploads\/2015\/11\/parasitallocion250.jpg\",\"width\":1000,\"height\":1000,\"caption\":\"parasital locion repelente\"},{\"@type\":\"BreadcrumbList\",\"@id\":\"https:\/\/www.zotal.com\/en\/products\/pets\/parasital-lotion\/#breadcrumb\",\"itemListElement\":[{\"@type\":\"ListItem\",\"position\":1,\"name\":\"Portada\",\"item\":\"https:\/\/www.zotal.com\/\"},{\"@type\":\"ListItem\",\"position\":2,\"name\":\"Productos\",\"item\":\"https:\/\/www.zotal.com\/shop\/\"},{\"@type\":\"ListItem\",\"position\":3,\"name\":\"PARASITAL\u00ae Lotion\"}]},{\"@type\":\"WebSite\",\"@id\":\"https:\/\/www.zotal.com\/en\/#website\",\"url\":\"https:\/\/www.zotal.com\/en\/\",\"name\":\"Zotal\",\"description\":\"\",\"publisher\":{\"@id\":\"https:\/\/www.zotal.com\/en\/#organization\"},\"potentialAction\":[{\"@type\":\"SearchAction\",\"target\":{\"@type\":\"EntryPoint\",\"urlTemplate\":\"https:\/\/www.zotal.com\/en\/?s={search_term_string}\"},\"query-input\":{\"@type\":\"PropertyValueSpecification\",\"valueRequired\":true,\"valueName\":\"search_term_string\"}}],\"inLanguage\":\"en-US\"},{\"@type\":\"Organization\",\"@id\":\"https:\/\/www.zotal.com\/en\/#organization\",\"name\":\"Zotal Laboratorios\",\"url\":\"https:\/\/www.zotal.com\/en\/\",\"logo\":{\"@type\":\"ImageObject\",\"inLanguage\":\"en-US\",\"@id\":\"https:\/\/www.zotal.com\/en\/#\/schema\/logo\/image\/\",\"url\":\"https:\/\/www.zotal.com\/wp-content\/uploads\/2015\/08\/zotallogotipo.jpg\",\"contentUrl\":\"https:\/\/www.zotal.com\/wp-content\/uploads\/2015\/08\/zotallogotipo.jpg\",\"width\":706,\"height\":417,\"caption\":\"Zotal Laboratorios\"},\"image\":{\"@id\":\"https:\/\/www.zotal.com\/en\/#\/schema\/logo\/image\/\"},\"sameAs\":[\"https:\/\/www.facebook.com\/zotallaboratorios\",\"https:\/\/x.com\/zotallabs\",\"https:\/\/es.linkedin.com\/company\/laboratorios-zotal\",\"https:\/\/es.pinterest.com\/zotallabs\/\",\"https:\/\/www.youtube.com\/channel\/UCrNub93hYlNNSerE8khX8JQ\"]}]}<\/script>\n<!-- \/ Yoast SEO plugin. -->","yoast_head_json":{"title":"PARASITAL\u00ae Loci\u00f3n Repelente | ZOTAL","description":"PARASITAL\u00ae Loci\u00f3n Repelente es un producto destinado a perros, equinos, rumiantes y aves que le protege durante 15 d\u00edas de todo tipo de insectos.","robots":{"index":"index","follow":"follow","max-snippet":"max-snippet:-1","max-image-preview":"max-image-preview:large","max-video-preview":"max-video-preview:-1"},"canonical":"https:\/\/www.zotal.com\/en\/products\/pets\/parasital-lotion\/","og_locale":"en_US","og_type":"article","og_title":"PARASITAL\u00ae Loci\u00f3n Repelente | ZOTAL","og_description":"PARASITAL\u00ae Loci\u00f3n Repelente es un producto destinado a perros, equinos, rumiantes y aves que le protege durante 15 d\u00edas de todo tipo de insectos.","og_url":"https:\/\/www.zotal.com\/en\/products\/pets\/parasital-lotion\/","og_site_name":"Zotal","article_publisher":"https:\/\/www.facebook.com\/zotallaboratorios","article_modified_time":"2023-11-29T12:10:28+00:00","og_image":[{"width":1000,"height":1000,"url":"https:\/\/www.zotal.com\/wp-content\/uploads\/2015\/11\/parasitallocion250.jpg","type":"image\/jpeg"}],"twitter_card":"summary_large_image","twitter_site":"@zotallabs","twitter_misc":{"Est. reading time":"2 minutes"},"schema":{"@context":"https:\/\/schema.org","@graph":[{"@type":"WebPage","@id":"https:\/\/www.zotal.com\/en\/products\/pets\/parasital-lotion\/","url":"https:\/\/www.zotal.com\/en\/products\/pets\/parasital-lotion\/","name":"PARASITAL\u00ae Loci\u00f3n Repelente | ZOTAL","isPartOf":{"@id":"https:\/\/www.zotal.com\/en\/#website"},"primaryImageOfPage":{"@id":"https:\/\/www.zotal.com\/en\/products\/pets\/parasital-lotion\/#primaryimage"},"image":{"@id":"https:\/\/www.zotal.com\/en\/products\/pets\/parasital-lotion\/#primaryimage"},"thumbnailUrl":"https:\/\/www.zotal.com\/wp-content\/uploads\/2015\/11\/parasitallocion250.jpg","datePublished":"2015-09-10T15:29:00+00:00","dateModified":"2023-11-29T12:10:28+00:00","description":"PARASITAL\u00ae Loci\u00f3n Repelente es un producto destinado a perros, equinos, rumiantes y aves que le protege durante 15 d\u00edas de todo tipo de insectos.","breadcrumb":{"@id":"https:\/\/www.zotal.com\/en\/products\/pets\/parasital-lotion\/#breadcrumb"},"inLanguage":"en-US","potentialAction":[{"@type":"ReadAction","target":["https:\/\/www.zotal.com\/en\/products\/pets\/parasital-lotion\/"]}]},{"@type":"ImageObject","inLanguage":"en-US","@id":"https:\/\/www.zotal.com\/en\/products\/pets\/parasital-lotion\/#primaryimage","url":"https:\/\/www.zotal.com\/wp-content\/uploads\/2015\/11\/parasitallocion250.jpg","contentUrl":"https:\/\/www.zotal.com\/wp-content\/uploads\/2015\/11\/parasitallocion250.jpg","width":1000,"height":1000,"caption":"parasital locion repelente"},{"@type":"BreadcrumbList","@id":"https:\/\/www.zotal.com\/en\/products\/pets\/parasital-lotion\/#breadcrumb","itemListElement":[{"@type":"ListItem","position":1,"name":"Portada","item":"https:\/\/www.zotal.com\/"},{"@type":"ListItem","position":2,"name":"Productos","item":"https:\/\/www.zotal.com\/shop\/"},{"@type":"ListItem","position":3,"name":"PARASITAL\u00ae Lotion"}]},{"@type":"WebSite","@id":"https:\/\/www.zotal.com\/en\/#website","url":"https:\/\/www.zotal.com\/en\/","name":"Zotal","description":"","publisher":{"@id":"https:\/\/www.zotal.com\/en\/#organization"},"potentialAction":[{"@type":"SearchAction","target":{"@type":"EntryPoint","urlTemplate":"https:\/\/www.zotal.com\/en\/?s={search_term_string}"},"query-input":{"@type":"PropertyValueSpecification","valueRequired":true,"valueName":"search_term_string"}}],"inLanguage":"en-US"},{"@type":"Organization","@id":"https:\/\/www.zotal.com\/en\/#organization","name":"Zotal Laboratorios","url":"https:\/\/www.zotal.com\/en\/","logo":{"@type":"ImageObject","inLanguage":"en-US","@id":"https:\/\/www.zotal.com\/en\/#\/schema\/logo\/image\/","url":"https:\/\/www.zotal.com\/wp-content\/uploads\/2015\/08\/zotallogotipo.jpg","contentUrl":"https:\/\/www.zotal.com\/wp-content\/uploads\/2015\/08\/zotallogotipo.jpg","width":706,"height":417,"caption":"Zotal Laboratorios"},"image":{"@id":"https:\/\/www.zotal.com\/en\/#\/schema\/logo\/image\/"},"sameAs":["https:\/\/www.facebook.com\/zotallaboratorios","https:\/\/x.com\/zotallabs","https:\/\/es.linkedin.com\/company\/laboratorios-zotal","https:\/\/es.pinterest.com\/zotallabs\/","https:\/\/www.youtube.com\/channel\/UCrNub93hYlNNSerE8khX8JQ"]}]}},"_links":{"self":[{"href":"https:\/\/www.zotal.com\/en\/wp-json\/wp\/v2\/product\/1243","targetHints":{"allow":["GET"]}}],"collection":[{"href":"https:\/\/www.zotal.com\/en\/wp-json\/wp\/v2\/product"}],"about":[{"href":"https:\/\/www.zotal.com\/en\/wp-json\/wp\/v2\/types\/product"}],"replies":[{"embeddable":true,"href":"https:\/\/www.zotal.com\/en\/wp-json\/wp\/v2\/comments?post=1243"}],"wp:featuredmedia":[{"embeddable":true,"href":"https:\/\/www.zotal.com\/en\/wp-json\/wp\/v2\/media\/8137"}],"wp:attachment":[{"href":"https:\/\/www.zotal.com\/en\/wp-json\/wp\/v2\/media?parent=1243"}],"wp:term":[{"taxonomy":"product_brand","embeddable":true,"href":"https:\/\/www.zotal.com\/en\/wp-json\/wp\/v2\/product_brand?post=1243"},{"taxonomy":"product_cat","embeddable":true,"href":"https:\/\/www.zotal.com\/en\/wp-json\/wp\/v2\/product_cat?post=1243"},{"taxonomy":"product_tag","embeddable":true,"href":"https:\/\/www.zotal.com\/en\/wp-json\/wp\/v2\/product_tag?post=1243"}],"curies":[{"name":"wp","href":"https:\/\/api.w.org\/{rel}","templated":true}]}}