{"id":1244,"date":"2015-11-14T15:23:05","date_gmt":"2015-11-14T15:23:05","guid":{"rendered":"https:\/\/www.zotal.com\/es\/product\/parasital-spot-on-for-large-dogs\/"},"modified":"2023-11-20T16:29:05","modified_gmt":"2023-11-20T15:29:05","slug":"parasital-pipettes-large-dogs","status":"publish","type":"product","link":"https:\/\/www.zotal.com\/en\/products\/pets\/parasital-pipettes-large-dogs\/","title":{"rendered":"PARASITAL\u00ae Pipettes Large Dogs"},"content":{"rendered":"<p><strong>PARASITAL\u00ae Pipeta Perros Grandes<\/strong> gracias a su composici\u00f3n con ingredientes activos de origen natural, act\u00faa con eficacia contra los <strong>par\u00e1sitos externos<\/strong>. Es eficaz para la prevenci\u00f3n de infestaciones de pulgas, garrapatas y act\u00faa como repelente del mosquito transmisor de la <strong>Leishmaniosis<\/strong>.<\/p>\n<h2>Indicaciones<\/h2>\n<p>Las pipetas antipar\u00e1sitos para perros grandes\u00a0PARASITAL\u00ae est\u00e1n indicadas para evitar las molestias causadas por insectos y \u00e1caros, par\u00e1sitos comunes de nuestras mascotas. Puede ser utilizado para repeler los ataques de pulgas, garrapatas, moscas y mosquitos.<\/p>\n<p>PARASITAL\u00ae Pipeta Perros Grandes posee una alta repelencia y persistencia, cuidando a nuestros perros sin ingredientes qu\u00edmicos. Laboratorios independientes homologados garantizan la eficacia y persistencia de los ingredientes empleados.<\/p>\n<p>Los estudios experimentales realizados demuestran su eficacia como repelente de los mosquitos del g\u00e9nero\u00a0<em>Phlebotomus<\/em>, transmisores de la Leishmaniasis.<\/p>\n<h2>Modo de empleo<\/h2>\n<p>Aplicar el contenido de la pipeta en la zona de uni\u00f3n entre cuello y espalda, as\u00ed como en la base de la cola, levantando el pelo del perro para que el l\u00edquido contacte con la piel.<\/p>\n<p>Aplicar al menos una vez al mes para garantizar una protecci\u00f3n continua. En lugares donde los insectos sean un problema estacional aplicar con m\u00e1s frecuencia si es necesaria, recomendamos aplicar 3 o 4 semanas antes del comienza de actividad de los insectos.<\/p>\n<ul>\n<li><strong>Resistencia al agua:\u00a0<\/strong>las pipetas antipar\u00e1sitos para perros grandes\u00a0PARASITAL\u00ae contin\u00faan protegiendo al perro si se moja. En caso de ba\u00f1arle o al aplicar champ\u00fa en seco debe volverse a aplicar la pipeta, una vez limpio y seco.<\/li>\n<li><strong>En casa:<\/strong>\u00a0las pipetas antipar\u00e1sitos para perros grandes\u00a0PARASITAL\u00ae previenen la infestaci\u00f3n de pulgas, garrapatas, moscas y mosquitos pero no eliminan los existentes. Si su perro tiene pulgas o garrapatas, o si se encuentran en su casa o en el entorno del animal, debe realizar un tratamiento de desparasitaci\u00f3n previo.<\/li>\n<\/ul>\n<p>&nbsp;<\/p>\n<p><iframe src=\"https:\/\/www.youtube.com\/embed\/cdG8uzkn-9M\" width=\"560\" height=\"315\" frameborder=\"0\" allowfullscreen=\"allowfullscreen\" data-mce-fragment=\"1\"><\/iframe><\/p>\n","protected":false},"excerpt":{"rendered":"<p>Thanks to their geraniol-based composition, <strong>PARASITAL\u00ae Antiparasitic Pipettes for Big Dogs<\/strong> are effective against external parasites such as ticks, fleas, flies and the mosquito that transmits Leishmaniosis.<\/p>\n<p>They provide well-being and peace of mind to pets and owners alike.<\/p>\n<p><img fetchpriority=\"high\" decoding=\"async\" class=\"alignnone wp-image-5352 size-full\" src=\"https:\/\/www.zotal.com\/wp-content\/uploads\/2016\/05\/zotalparasitalpipetasantiparasitosperrosgrandesformatos.jpg\" alt=\"Pipetas Antiparasitos para Perros Grandes\" width=\"296\" height=\"196\" \/><\/p>\n<p>&nbsp;<\/p>\n","protected":false},"featured_media":15645,"comment_status":"closed","ping_status":"closed","template":"","meta":{"_acf_changed":false,"inline_featured_image":false},"product_brand":[],"product_cat":[188],"product_tag":[],"class_list":{"0":"post-1244","1":"product","2":"type-product","3":"status-publish","4":"has-post-thumbnail","6":"product_cat-pets","8":"first","9":"instock","10":"shipping-taxable","11":"product-type-simple"},"acf":[],"yoast_head":"<!-- This site is optimized with the Yoast SEO plugin v26.8 - https:\/\/yoast.com\/product\/yoast-seo-wordpress\/ -->\n<title>PARASITAL\u00ae Pipeta Antipar\u00e1sitos Perros Grandes | ZOTAL<\/title>\n<meta name=\"description\" content=\"PARASITAL\u00ae Pipeta Antipar\u00e1sitos Perros Grandes es eficaz contra garrapatas, pulgas y el mosquito transmisor de la leishmaniasis.\" \/>\n<meta name=\"robots\" content=\"index, follow, max-snippet:-1, max-image-preview:large, max-video-preview:-1\" \/>\n<link rel=\"canonical\" href=\"https:\/\/www.zotal.com\/en\/products\/pets\/parasital-pipettes-large-dogs\/\" \/>\n<meta property=\"og:locale\" content=\"en_US\" \/>\n<meta property=\"og:type\" content=\"article\" \/>\n<meta property=\"og:title\" content=\"PARASITAL\u00ae Pipeta Antipar\u00e1sitos Perros Grandes | ZOTAL\" \/>\n<meta property=\"og:description\" content=\"PARASITAL\u00ae Pipeta Antipar\u00e1sitos Perros Grandes es eficaz contra garrapatas, pulgas y el mosquito transmisor de la leishmaniasis.\" \/>\n<meta property=\"og:url\" content=\"https:\/\/www.zotal.com\/en\/products\/pets\/parasital-pipettes-large-dogs\/\" \/>\n<meta property=\"og:site_name\" content=\"Zotal\" \/>\n<meta property=\"article:publisher\" content=\"https:\/\/www.facebook.com\/zotallaboratorios\" \/>\n<meta property=\"article:modified_time\" content=\"2023-11-20T15:29:05+00:00\" \/>\n<meta property=\"og:image\" content=\"https:\/\/www.zotal.com\/wp-content\/uploads\/2015\/11\/zotal_parasital_perrosgrandes_pipetas.jpg\" \/>\n\t<meta property=\"og:image:width\" content=\"1000\" \/>\n\t<meta property=\"og:image:height\" content=\"1000\" \/>\n\t<meta property=\"og:image:type\" content=\"image\/jpeg\" \/>\n<meta name=\"twitter:card\" content=\"summary_large_image\" \/>\n<meta name=\"twitter:site\" content=\"@zotallabs\" \/>\n<meta name=\"twitter:label1\" content=\"Est. reading time\" \/>\n\t<meta name=\"twitter:data1\" content=\"2 minutes\" \/>\n<script type=\"application\/ld+json\" class=\"yoast-schema-graph\">{\"@context\":\"https:\/\/schema.org\",\"@graph\":[{\"@type\":\"WebPage\",\"@id\":\"https:\/\/www.zotal.com\/en\/products\/pets\/parasital-pipettes-large-dogs\/\",\"url\":\"https:\/\/www.zotal.com\/en\/products\/pets\/parasital-pipettes-large-dogs\/\",\"name\":\"PARASITAL\u00ae Pipeta Antipar\u00e1sitos Perros Grandes | ZOTAL\",\"isPartOf\":{\"@id\":\"https:\/\/www.zotal.com\/en\/#website\"},\"primaryImageOfPage\":{\"@id\":\"https:\/\/www.zotal.com\/en\/products\/pets\/parasital-pipettes-large-dogs\/#primaryimage\"},\"image\":{\"@id\":\"https:\/\/www.zotal.com\/en\/products\/pets\/parasital-pipettes-large-dogs\/#primaryimage\"},\"thumbnailUrl\":\"https:\/\/www.zotal.com\/wp-content\/uploads\/2015\/11\/zotal_parasital_perrosgrandes_pipetas.jpg\",\"datePublished\":\"2015-11-14T15:23:05+00:00\",\"dateModified\":\"2023-11-20T15:29:05+00:00\",\"description\":\"PARASITAL\u00ae Pipeta Antipar\u00e1sitos Perros Grandes es eficaz contra garrapatas, pulgas y el mosquito transmisor de la leishmaniasis.\",\"breadcrumb\":{\"@id\":\"https:\/\/www.zotal.com\/en\/products\/pets\/parasital-pipettes-large-dogs\/#breadcrumb\"},\"inLanguage\":\"en-US\",\"potentialAction\":[{\"@type\":\"ReadAction\",\"target\":[\"https:\/\/www.zotal.com\/en\/products\/pets\/parasital-pipettes-large-dogs\/\"]}]},{\"@type\":\"ImageObject\",\"inLanguage\":\"en-US\",\"@id\":\"https:\/\/www.zotal.com\/en\/products\/pets\/parasital-pipettes-large-dogs\/#primaryimage\",\"url\":\"https:\/\/www.zotal.com\/wp-content\/uploads\/2015\/11\/zotal_parasital_perrosgrandes_pipetas.jpg\",\"contentUrl\":\"https:\/\/www.zotal.com\/wp-content\/uploads\/2015\/11\/zotal_parasital_perrosgrandes_pipetas.jpg\",\"width\":1000,\"height\":1000},{\"@type\":\"BreadcrumbList\",\"@id\":\"https:\/\/www.zotal.com\/en\/products\/pets\/parasital-pipettes-large-dogs\/#breadcrumb\",\"itemListElement\":[{\"@type\":\"ListItem\",\"position\":1,\"name\":\"Portada\",\"item\":\"https:\/\/www.zotal.com\/\"},{\"@type\":\"ListItem\",\"position\":2,\"name\":\"Productos\",\"item\":\"https:\/\/www.zotal.com\/shop\/\"},{\"@type\":\"ListItem\",\"position\":3,\"name\":\"PARASITAL\u00ae Pipettes Large Dogs\"}]},{\"@type\":\"WebSite\",\"@id\":\"https:\/\/www.zotal.com\/en\/#website\",\"url\":\"https:\/\/www.zotal.com\/en\/\",\"name\":\"Zotal\",\"description\":\"\",\"publisher\":{\"@id\":\"https:\/\/www.zotal.com\/en\/#organization\"},\"potentialAction\":[{\"@type\":\"SearchAction\",\"target\":{\"@type\":\"EntryPoint\",\"urlTemplate\":\"https:\/\/www.zotal.com\/en\/?s={search_term_string}\"},\"query-input\":{\"@type\":\"PropertyValueSpecification\",\"valueRequired\":true,\"valueName\":\"search_term_string\"}}],\"inLanguage\":\"en-US\"},{\"@type\":\"Organization\",\"@id\":\"https:\/\/www.zotal.com\/en\/#organization\",\"name\":\"Zotal Laboratorios\",\"url\":\"https:\/\/www.zotal.com\/en\/\",\"logo\":{\"@type\":\"ImageObject\",\"inLanguage\":\"en-US\",\"@id\":\"https:\/\/www.zotal.com\/en\/#\/schema\/logo\/image\/\",\"url\":\"https:\/\/www.zotal.com\/wp-content\/uploads\/2015\/08\/zotallogotipo.jpg\",\"contentUrl\":\"https:\/\/www.zotal.com\/wp-content\/uploads\/2015\/08\/zotallogotipo.jpg\",\"width\":706,\"height\":417,\"caption\":\"Zotal Laboratorios\"},\"image\":{\"@id\":\"https:\/\/www.zotal.com\/en\/#\/schema\/logo\/image\/\"},\"sameAs\":[\"https:\/\/www.facebook.com\/zotallaboratorios\",\"https:\/\/x.com\/zotallabs\",\"https:\/\/es.linkedin.com\/company\/laboratorios-zotal\",\"https:\/\/es.pinterest.com\/zotallabs\/\",\"https:\/\/www.youtube.com\/channel\/UCrNub93hYlNNSerE8khX8JQ\"]}]}<\/script>\n<!-- \/ Yoast SEO plugin. -->","yoast_head_json":{"title":"PARASITAL\u00ae Pipeta Antipar\u00e1sitos Perros Grandes | ZOTAL","description":"PARASITAL\u00ae Pipeta Antipar\u00e1sitos Perros Grandes es eficaz contra garrapatas, pulgas y el mosquito transmisor de la leishmaniasis.","robots":{"index":"index","follow":"follow","max-snippet":"max-snippet:-1","max-image-preview":"max-image-preview:large","max-video-preview":"max-video-preview:-1"},"canonical":"https:\/\/www.zotal.com\/en\/products\/pets\/parasital-pipettes-large-dogs\/","og_locale":"en_US","og_type":"article","og_title":"PARASITAL\u00ae Pipeta Antipar\u00e1sitos Perros Grandes | ZOTAL","og_description":"PARASITAL\u00ae Pipeta Antipar\u00e1sitos Perros Grandes es eficaz contra garrapatas, pulgas y el mosquito transmisor de la leishmaniasis.","og_url":"https:\/\/www.zotal.com\/en\/products\/pets\/parasital-pipettes-large-dogs\/","og_site_name":"Zotal","article_publisher":"https:\/\/www.facebook.com\/zotallaboratorios","article_modified_time":"2023-11-20T15:29:05+00:00","og_image":[{"width":1000,"height":1000,"url":"https:\/\/www.zotal.com\/wp-content\/uploads\/2015\/11\/zotal_parasital_perrosgrandes_pipetas.jpg","type":"image\/jpeg"}],"twitter_card":"summary_large_image","twitter_site":"@zotallabs","twitter_misc":{"Est. reading time":"2 minutes"},"schema":{"@context":"https:\/\/schema.org","@graph":[{"@type":"WebPage","@id":"https:\/\/www.zotal.com\/en\/products\/pets\/parasital-pipettes-large-dogs\/","url":"https:\/\/www.zotal.com\/en\/products\/pets\/parasital-pipettes-large-dogs\/","name":"PARASITAL\u00ae Pipeta Antipar\u00e1sitos Perros Grandes | ZOTAL","isPartOf":{"@id":"https:\/\/www.zotal.com\/en\/#website"},"primaryImageOfPage":{"@id":"https:\/\/www.zotal.com\/en\/products\/pets\/parasital-pipettes-large-dogs\/#primaryimage"},"image":{"@id":"https:\/\/www.zotal.com\/en\/products\/pets\/parasital-pipettes-large-dogs\/#primaryimage"},"thumbnailUrl":"https:\/\/www.zotal.com\/wp-content\/uploads\/2015\/11\/zotal_parasital_perrosgrandes_pipetas.jpg","datePublished":"2015-11-14T15:23:05+00:00","dateModified":"2023-11-20T15:29:05+00:00","description":"PARASITAL\u00ae Pipeta Antipar\u00e1sitos Perros Grandes es eficaz contra garrapatas, pulgas y el mosquito transmisor de la leishmaniasis.","breadcrumb":{"@id":"https:\/\/www.zotal.com\/en\/products\/pets\/parasital-pipettes-large-dogs\/#breadcrumb"},"inLanguage":"en-US","potentialAction":[{"@type":"ReadAction","target":["https:\/\/www.zotal.com\/en\/products\/pets\/parasital-pipettes-large-dogs\/"]}]},{"@type":"ImageObject","inLanguage":"en-US","@id":"https:\/\/www.zotal.com\/en\/products\/pets\/parasital-pipettes-large-dogs\/#primaryimage","url":"https:\/\/www.zotal.com\/wp-content\/uploads\/2015\/11\/zotal_parasital_perrosgrandes_pipetas.jpg","contentUrl":"https:\/\/www.zotal.com\/wp-content\/uploads\/2015\/11\/zotal_parasital_perrosgrandes_pipetas.jpg","width":1000,"height":1000},{"@type":"BreadcrumbList","@id":"https:\/\/www.zotal.com\/en\/products\/pets\/parasital-pipettes-large-dogs\/#breadcrumb","itemListElement":[{"@type":"ListItem","position":1,"name":"Portada","item":"https:\/\/www.zotal.com\/"},{"@type":"ListItem","position":2,"name":"Productos","item":"https:\/\/www.zotal.com\/shop\/"},{"@type":"ListItem","position":3,"name":"PARASITAL\u00ae Pipettes Large Dogs"}]},{"@type":"WebSite","@id":"https:\/\/www.zotal.com\/en\/#website","url":"https:\/\/www.zotal.com\/en\/","name":"Zotal","description":"","publisher":{"@id":"https:\/\/www.zotal.com\/en\/#organization"},"potentialAction":[{"@type":"SearchAction","target":{"@type":"EntryPoint","urlTemplate":"https:\/\/www.zotal.com\/en\/?s={search_term_string}"},"query-input":{"@type":"PropertyValueSpecification","valueRequired":true,"valueName":"search_term_string"}}],"inLanguage":"en-US"},{"@type":"Organization","@id":"https:\/\/www.zotal.com\/en\/#organization","name":"Zotal Laboratorios","url":"https:\/\/www.zotal.com\/en\/","logo":{"@type":"ImageObject","inLanguage":"en-US","@id":"https:\/\/www.zotal.com\/en\/#\/schema\/logo\/image\/","url":"https:\/\/www.zotal.com\/wp-content\/uploads\/2015\/08\/zotallogotipo.jpg","contentUrl":"https:\/\/www.zotal.com\/wp-content\/uploads\/2015\/08\/zotallogotipo.jpg","width":706,"height":417,"caption":"Zotal Laboratorios"},"image":{"@id":"https:\/\/www.zotal.com\/en\/#\/schema\/logo\/image\/"},"sameAs":["https:\/\/www.facebook.com\/zotallaboratorios","https:\/\/x.com\/zotallabs","https:\/\/es.linkedin.com\/company\/laboratorios-zotal","https:\/\/es.pinterest.com\/zotallabs\/","https:\/\/www.youtube.com\/channel\/UCrNub93hYlNNSerE8khX8JQ"]}]}},"_links":{"self":[{"href":"https:\/\/www.zotal.com\/en\/wp-json\/wp\/v2\/product\/1244","targetHints":{"allow":["GET"]}}],"collection":[{"href":"https:\/\/www.zotal.com\/en\/wp-json\/wp\/v2\/product"}],"about":[{"href":"https:\/\/www.zotal.com\/en\/wp-json\/wp\/v2\/types\/product"}],"replies":[{"embeddable":true,"href":"https:\/\/www.zotal.com\/en\/wp-json\/wp\/v2\/comments?post=1244"}],"wp:featuredmedia":[{"embeddable":true,"href":"https:\/\/www.zotal.com\/en\/wp-json\/wp\/v2\/media\/15645"}],"wp:attachment":[{"href":"https:\/\/www.zotal.com\/en\/wp-json\/wp\/v2\/media?parent=1244"}],"wp:term":[{"taxonomy":"product_brand","embeddable":true,"href":"https:\/\/www.zotal.com\/en\/wp-json\/wp\/v2\/product_brand?post=1244"},{"taxonomy":"product_cat","embeddable":true,"href":"https:\/\/www.zotal.com\/en\/wp-json\/wp\/v2\/product_cat?post=1244"},{"taxonomy":"product_tag","embeddable":true,"href":"https:\/\/www.zotal.com\/en\/wp-json\/wp\/v2\/product_tag?post=1244"}],"curies":[{"name":"wp","href":"https:\/\/api.w.org\/{rel}","templated":true}]}}