{"id":1251,"date":"2015-11-15T14:56:39","date_gmt":"2015-09-10T14:56:39","guid":{"rendered":"https:\/\/www.zotal.com\/es\/product\/yodal-2\/"},"modified":"2023-11-17T13:42:51","modified_gmt":"2023-11-17T12:42:51","slug":"yodal","status":"publish","type":"product","link":"https:\/\/www.zotal.com\/en\/products\/disinfectants\/yodal\/","title":{"rendered":"YODAL\u00ae"},"content":{"rendered":"<p><strong>YODAL\u00ae<\/strong> is an antiseptic solution based on povidone iodine. The antimicrobial spectrum of povidone iodine includes gram-positive and gram-negative bacteria, fungi, protozoa, and viruses. In addition to its disinfectant action, it has excellent detergent power, which facilitates its penetration through mechanical action. Its excipients help the product remain on the skin, thus prolonging its activity. This makes it ideal for cleaning and antiseptic preparation of the skin before injections and surgical procedures.<\/p>\n<h2>Indications<\/h2>\n<p>For cleaning and antiseptic preparation of intact skin before injections and procedures.<\/p>\n<h2>Instructions for use<\/h2>\n<p>Apply a sufficient amount to the area to be treated using a cotton ball and leave it on for 2-3 minutes.<\/p>\n<h2>Precautions<\/h2>\n<p>Do not use in conjunction with mercury-based preparations. For external use only. Do not swallow. There is a possibility of skin hypersensitivity upon contact. Do not use in individuals sensitive to its components or with thyroid disorders. This product should not be used for prolonged periods or on large areas of the skin. Use with caution in children under 2 years of age. Avoid contact with eyes, mucous membranes, or sensitive areas of the skin. If contact occurs, rinse with plenty of water. Organic matter can reduce its activity. Keep out of reach of children, food, and beverages.<\/p>\n","protected":false},"excerpt":{"rendered":"<p>An antiseptic in solution, based on povidone-iodine. An excellent detergent power adds to its disinfectant action, which facilitates its penetration by means of mechanical action, whilst its excipients facilitate the permanence of the product on the skin, thereby prolonging its activity. This makes it ideal for cleaning and sterilizing the skin, and its preparation for injections and surgical interventions.<\/p>\n<p><img fetchpriority=\"high\" decoding=\"async\" class=\"alignnone size-full wp-image-1710\" src=\"https:\/\/www.zotal.com\/wp-content\/uploads\/2015\/09\/yodal.jpg\" alt=\"yodal\" width=\"296\" height=\"196\" \/><\/p>\n","protected":false},"featured_media":10761,"comment_status":"closed","ping_status":"closed","template":"","meta":{"_acf_changed":false,"inline_featured_image":false},"product_brand":[],"product_cat":[184],"product_tag":[],"class_list":{"0":"post-1251","1":"product","2":"type-product","3":"status-publish","4":"has-post-thumbnail","6":"product_cat-disinfectants","8":"first","9":"instock","10":"shipping-taxable","11":"product-type-simple"},"acf":[],"yoast_head":"<!-- This site is optimized with the Yoast SEO plugin v26.8 - https:\/\/yoast.com\/product\/yoast-seo-wordpress\/ -->\n<title>YODAL\u00ae Povidona Yodada | ZOTAL<\/title>\n<meta name=\"description\" content=\"YODAL\u00ae Povidona Yodada es un antis\u00e9ptico de acci\u00f3n desinfectante con un excelente poder detergente, lo cual facilita su penetraci\u00f3n.\" \/>\n<meta name=\"robots\" content=\"index, follow, max-snippet:-1, max-image-preview:large, max-video-preview:-1\" \/>\n<link rel=\"canonical\" href=\"https:\/\/www.zotal.com\/en\/products\/disinfectants\/yodal\/\" \/>\n<meta property=\"og:locale\" content=\"en_US\" \/>\n<meta property=\"og:type\" content=\"article\" \/>\n<meta property=\"og:title\" content=\"YODAL\u00ae Povidona Yodada | ZOTAL\" \/>\n<meta property=\"og:description\" content=\"YODAL\u00ae Povidona Yodada es un antis\u00e9ptico de acci\u00f3n desinfectante con un excelente poder detergente, lo cual facilita su penetraci\u00f3n.\" \/>\n<meta property=\"og:url\" content=\"https:\/\/www.zotal.com\/en\/products\/disinfectants\/yodal\/\" \/>\n<meta property=\"og:site_name\" content=\"Zotal\" \/>\n<meta property=\"article:publisher\" content=\"https:\/\/www.facebook.com\/zotallaboratorios\" \/>\n<meta property=\"article:modified_time\" content=\"2023-11-17T12:42:51+00:00\" \/>\n<meta property=\"og:image\" content=\"https:\/\/www.zotal.com\/wp-content\/uploads\/2015\/11\/zotal_yodal.jpg\" \/>\n\t<meta property=\"og:image:width\" content=\"600\" \/>\n\t<meta property=\"og:image:height\" content=\"600\" \/>\n\t<meta property=\"og:image:type\" content=\"image\/jpeg\" \/>\n<meta name=\"twitter:card\" content=\"summary_large_image\" \/>\n<meta name=\"twitter:site\" content=\"@zotallabs\" \/>\n<meta name=\"twitter:label1\" content=\"Est. reading time\" \/>\n\t<meta name=\"twitter:data1\" content=\"1 minute\" \/>\n<script type=\"application\/ld+json\" class=\"yoast-schema-graph\">{\"@context\":\"https:\/\/schema.org\",\"@graph\":[{\"@type\":\"WebPage\",\"@id\":\"https:\/\/www.zotal.com\/en\/products\/disinfectants\/yodal\/\",\"url\":\"https:\/\/www.zotal.com\/en\/products\/disinfectants\/yodal\/\",\"name\":\"YODAL\u00ae Povidona Yodada | ZOTAL\",\"isPartOf\":{\"@id\":\"https:\/\/www.zotal.com\/en\/#website\"},\"primaryImageOfPage\":{\"@id\":\"https:\/\/www.zotal.com\/en\/products\/disinfectants\/yodal\/#primaryimage\"},\"image\":{\"@id\":\"https:\/\/www.zotal.com\/en\/products\/disinfectants\/yodal\/#primaryimage\"},\"thumbnailUrl\":\"https:\/\/www.zotal.com\/wp-content\/uploads\/2015\/11\/zotal_yodal.jpg\",\"datePublished\":\"2015-09-10T14:56:39+00:00\",\"dateModified\":\"2023-11-17T12:42:51+00:00\",\"description\":\"YODAL\u00ae Povidona Yodada es un antis\u00e9ptico de acci\u00f3n desinfectante con un excelente poder detergente, lo cual facilita su penetraci\u00f3n.\",\"breadcrumb\":{\"@id\":\"https:\/\/www.zotal.com\/en\/products\/disinfectants\/yodal\/#breadcrumb\"},\"inLanguage\":\"en-US\",\"potentialAction\":[{\"@type\":\"ReadAction\",\"target\":[\"https:\/\/www.zotal.com\/en\/products\/disinfectants\/yodal\/\"]}]},{\"@type\":\"ImageObject\",\"inLanguage\":\"en-US\",\"@id\":\"https:\/\/www.zotal.com\/en\/products\/disinfectants\/yodal\/#primaryimage\",\"url\":\"https:\/\/www.zotal.com\/wp-content\/uploads\/2015\/11\/zotal_yodal.jpg\",\"contentUrl\":\"https:\/\/www.zotal.com\/wp-content\/uploads\/2015\/11\/zotal_yodal.jpg\",\"width\":600,\"height\":600},{\"@type\":\"BreadcrumbList\",\"@id\":\"https:\/\/www.zotal.com\/en\/products\/disinfectants\/yodal\/#breadcrumb\",\"itemListElement\":[{\"@type\":\"ListItem\",\"position\":1,\"name\":\"Portada\",\"item\":\"https:\/\/www.zotal.com\/\"},{\"@type\":\"ListItem\",\"position\":2,\"name\":\"Productos\",\"item\":\"https:\/\/www.zotal.com\/shop\/\"},{\"@type\":\"ListItem\",\"position\":3,\"name\":\"YODAL\u00ae\"}]},{\"@type\":\"WebSite\",\"@id\":\"https:\/\/www.zotal.com\/en\/#website\",\"url\":\"https:\/\/www.zotal.com\/en\/\",\"name\":\"Zotal\",\"description\":\"\",\"publisher\":{\"@id\":\"https:\/\/www.zotal.com\/en\/#organization\"},\"potentialAction\":[{\"@type\":\"SearchAction\",\"target\":{\"@type\":\"EntryPoint\",\"urlTemplate\":\"https:\/\/www.zotal.com\/en\/?s={search_term_string}\"},\"query-input\":{\"@type\":\"PropertyValueSpecification\",\"valueRequired\":true,\"valueName\":\"search_term_string\"}}],\"inLanguage\":\"en-US\"},{\"@type\":\"Organization\",\"@id\":\"https:\/\/www.zotal.com\/en\/#organization\",\"name\":\"Zotal Laboratorios\",\"url\":\"https:\/\/www.zotal.com\/en\/\",\"logo\":{\"@type\":\"ImageObject\",\"inLanguage\":\"en-US\",\"@id\":\"https:\/\/www.zotal.com\/en\/#\/schema\/logo\/image\/\",\"url\":\"https:\/\/www.zotal.com\/wp-content\/uploads\/2015\/08\/zotallogotipo.jpg\",\"contentUrl\":\"https:\/\/www.zotal.com\/wp-content\/uploads\/2015\/08\/zotallogotipo.jpg\",\"width\":706,\"height\":417,\"caption\":\"Zotal Laboratorios\"},\"image\":{\"@id\":\"https:\/\/www.zotal.com\/en\/#\/schema\/logo\/image\/\"},\"sameAs\":[\"https:\/\/www.facebook.com\/zotallaboratorios\",\"https:\/\/x.com\/zotallabs\",\"https:\/\/es.linkedin.com\/company\/laboratorios-zotal\",\"https:\/\/es.pinterest.com\/zotallabs\/\",\"https:\/\/www.youtube.com\/channel\/UCrNub93hYlNNSerE8khX8JQ\"]}]}<\/script>\n<!-- \/ Yoast SEO plugin. -->","yoast_head_json":{"title":"YODAL\u00ae Povidona Yodada | ZOTAL","description":"YODAL\u00ae Povidona Yodada es un antis\u00e9ptico de acci\u00f3n desinfectante con un excelente poder detergente, lo cual facilita su penetraci\u00f3n.","robots":{"index":"index","follow":"follow","max-snippet":"max-snippet:-1","max-image-preview":"max-image-preview:large","max-video-preview":"max-video-preview:-1"},"canonical":"https:\/\/www.zotal.com\/en\/products\/disinfectants\/yodal\/","og_locale":"en_US","og_type":"article","og_title":"YODAL\u00ae Povidona Yodada | ZOTAL","og_description":"YODAL\u00ae Povidona Yodada es un antis\u00e9ptico de acci\u00f3n desinfectante con un excelente poder detergente, lo cual facilita su penetraci\u00f3n.","og_url":"https:\/\/www.zotal.com\/en\/products\/disinfectants\/yodal\/","og_site_name":"Zotal","article_publisher":"https:\/\/www.facebook.com\/zotallaboratorios","article_modified_time":"2023-11-17T12:42:51+00:00","og_image":[{"width":600,"height":600,"url":"https:\/\/www.zotal.com\/wp-content\/uploads\/2015\/11\/zotal_yodal.jpg","type":"image\/jpeg"}],"twitter_card":"summary_large_image","twitter_site":"@zotallabs","twitter_misc":{"Est. reading time":"1 minute"},"schema":{"@context":"https:\/\/schema.org","@graph":[{"@type":"WebPage","@id":"https:\/\/www.zotal.com\/en\/products\/disinfectants\/yodal\/","url":"https:\/\/www.zotal.com\/en\/products\/disinfectants\/yodal\/","name":"YODAL\u00ae Povidona Yodada | ZOTAL","isPartOf":{"@id":"https:\/\/www.zotal.com\/en\/#website"},"primaryImageOfPage":{"@id":"https:\/\/www.zotal.com\/en\/products\/disinfectants\/yodal\/#primaryimage"},"image":{"@id":"https:\/\/www.zotal.com\/en\/products\/disinfectants\/yodal\/#primaryimage"},"thumbnailUrl":"https:\/\/www.zotal.com\/wp-content\/uploads\/2015\/11\/zotal_yodal.jpg","datePublished":"2015-09-10T14:56:39+00:00","dateModified":"2023-11-17T12:42:51+00:00","description":"YODAL\u00ae Povidona Yodada es un antis\u00e9ptico de acci\u00f3n desinfectante con un excelente poder detergente, lo cual facilita su penetraci\u00f3n.","breadcrumb":{"@id":"https:\/\/www.zotal.com\/en\/products\/disinfectants\/yodal\/#breadcrumb"},"inLanguage":"en-US","potentialAction":[{"@type":"ReadAction","target":["https:\/\/www.zotal.com\/en\/products\/disinfectants\/yodal\/"]}]},{"@type":"ImageObject","inLanguage":"en-US","@id":"https:\/\/www.zotal.com\/en\/products\/disinfectants\/yodal\/#primaryimage","url":"https:\/\/www.zotal.com\/wp-content\/uploads\/2015\/11\/zotal_yodal.jpg","contentUrl":"https:\/\/www.zotal.com\/wp-content\/uploads\/2015\/11\/zotal_yodal.jpg","width":600,"height":600},{"@type":"BreadcrumbList","@id":"https:\/\/www.zotal.com\/en\/products\/disinfectants\/yodal\/#breadcrumb","itemListElement":[{"@type":"ListItem","position":1,"name":"Portada","item":"https:\/\/www.zotal.com\/"},{"@type":"ListItem","position":2,"name":"Productos","item":"https:\/\/www.zotal.com\/shop\/"},{"@type":"ListItem","position":3,"name":"YODAL\u00ae"}]},{"@type":"WebSite","@id":"https:\/\/www.zotal.com\/en\/#website","url":"https:\/\/www.zotal.com\/en\/","name":"Zotal","description":"","publisher":{"@id":"https:\/\/www.zotal.com\/en\/#organization"},"potentialAction":[{"@type":"SearchAction","target":{"@type":"EntryPoint","urlTemplate":"https:\/\/www.zotal.com\/en\/?s={search_term_string}"},"query-input":{"@type":"PropertyValueSpecification","valueRequired":true,"valueName":"search_term_string"}}],"inLanguage":"en-US"},{"@type":"Organization","@id":"https:\/\/www.zotal.com\/en\/#organization","name":"Zotal Laboratorios","url":"https:\/\/www.zotal.com\/en\/","logo":{"@type":"ImageObject","inLanguage":"en-US","@id":"https:\/\/www.zotal.com\/en\/#\/schema\/logo\/image\/","url":"https:\/\/www.zotal.com\/wp-content\/uploads\/2015\/08\/zotallogotipo.jpg","contentUrl":"https:\/\/www.zotal.com\/wp-content\/uploads\/2015\/08\/zotallogotipo.jpg","width":706,"height":417,"caption":"Zotal Laboratorios"},"image":{"@id":"https:\/\/www.zotal.com\/en\/#\/schema\/logo\/image\/"},"sameAs":["https:\/\/www.facebook.com\/zotallaboratorios","https:\/\/x.com\/zotallabs","https:\/\/es.linkedin.com\/company\/laboratorios-zotal","https:\/\/es.pinterest.com\/zotallabs\/","https:\/\/www.youtube.com\/channel\/UCrNub93hYlNNSerE8khX8JQ"]}]}},"_links":{"self":[{"href":"https:\/\/www.zotal.com\/en\/wp-json\/wp\/v2\/product\/1251","targetHints":{"allow":["GET"]}}],"collection":[{"href":"https:\/\/www.zotal.com\/en\/wp-json\/wp\/v2\/product"}],"about":[{"href":"https:\/\/www.zotal.com\/en\/wp-json\/wp\/v2\/types\/product"}],"replies":[{"embeddable":true,"href":"https:\/\/www.zotal.com\/en\/wp-json\/wp\/v2\/comments?post=1251"}],"wp:featuredmedia":[{"embeddable":true,"href":"https:\/\/www.zotal.com\/en\/wp-json\/wp\/v2\/media\/10761"}],"wp:attachment":[{"href":"https:\/\/www.zotal.com\/en\/wp-json\/wp\/v2\/media?parent=1251"}],"wp:term":[{"taxonomy":"product_brand","embeddable":true,"href":"https:\/\/www.zotal.com\/en\/wp-json\/wp\/v2\/product_brand?post=1251"},{"taxonomy":"product_cat","embeddable":true,"href":"https:\/\/www.zotal.com\/en\/wp-json\/wp\/v2\/product_cat?post=1251"},{"taxonomy":"product_tag","embeddable":true,"href":"https:\/\/www.zotal.com\/en\/wp-json\/wp\/v2\/product_tag?post=1251"}],"curies":[{"name":"wp","href":"https:\/\/api.w.org\/{rel}","templated":true}]}}