{"id":1254,"date":"2015-11-17T14:49:26","date_gmt":"2015-09-10T14:49:26","guid":{"rendered":"https:\/\/www.zotal.com\/es\/product\/zooveca-2\/"},"modified":"2023-10-30T15:45:35","modified_gmt":"2023-10-30T14:45:35","slug":"zooveca","status":"publish","type":"product","link":"https:\/\/www.zotal.com\/en\/products\/pharmaceuticals\/zooveca\/","title":{"rendered":"ZOOVECA\u00ae"},"content":{"rendered":"<p><strong>ZOOVECA\u00ae<\/strong> is an ectoparasiticide and anti-scab solution for bathing and spraying. It is indicated for the control of external parasitic infestations in sheep. Its active ingredient, diazinon, is an external antiparasitic from the organophosphate group, which acts by inhibiting the parasite&#8217;s acetylcholinesterase.<\/p>\n<p>Diazinon is metabolized through hydrolysis of the phosphoric ester bond, either directly or after oxidation to the corresponding oxidized analog, diazoxon. The latter is more toxic but less stable than diazinon. This metabolism is slow in the parasite, maintaining its selective toxicity, while in mammals, due to faster metabolism, the toxicity is low. Diazinon is toxic to birds and cats.<\/p>\n<p>The ectoparasiticide and anti-scab solution is active against: scabies, fleas, lice, ticks, sheep keds, flies, and their larvae.<\/p>\n<h2>Mode of use<\/h2>\n<p>The application of this ectoparasiticide and anti-scab solution is done topically, either by bathing or spraying.<\/p>\n<p>Bathing: indicated for infestations by mites, fly larvae, ticks, lice, and Melophagus ovinus.<\/p>\n<p>Prepare the bath with a solution of 16 ml of <strong>ZOOVECA\u00ae<\/strong> in 10 liters of water (250 mg diazinon\/L of water). To replace the lost volume, prepare a solution of 50 ml of ZOOVECA\u00ae in 10 liters of water (750 mg diazinon\/L of water).<\/p>\n<p>Spraying: for infestations by fly larvae, ticks, lice, and Melophagus ovinus.<\/p>\n<p>Spray with a solution of 40 ml of <strong>ZOOVECA\u00ae<\/strong> in 10 liters of water (equivalent to 600 mg diazinon\/L of water).<\/p>\n<p>In both cases, the emulsion should be prepared beforehand in a small amount of water, stirring and then diluting to volume.<\/p>\n","protected":false},"excerpt":{"rendered":"<p>External antiparasitic belonging to the organophosphate group, which exerts its action by inhibiting the parasite\u2019s cholinesterase.<\/p>\n<p><strong>In sheep it is effective against:<\/strong><\/p>\n<ul>\n<li>Fly maggots:\u00a0<i>Lucilla spp.\u00a0<\/i><i>Phormia spp.\u00a0<\/i><i>Calliphora spp.<\/i><\/li>\n<li><i>Melophagus ovinus<\/i><\/li>\n<li>Lice:\u00a0<i>Bovicola spp.\u00a0<\/i><i>Linognathus spp.\u00a0<\/i><i>Damanilia spp.<\/i><\/li>\n<li>Ticks: <i>Ixodes ricinus<\/i><\/li>\n<li>Mites:\u00a0<i>Psoroptes ovis<\/i><\/li>\n<li><i>Chorioptes Boris\u00a0<\/i><i>Sarcoptes scabiei\u00a0<\/i><\/li>\n<\/ul>\n<p><img fetchpriority=\"high\" decoding=\"async\" class=\"alignnone size-full wp-image-1706\" src=\"https:\/\/www.zotal.com\/wp-content\/uploads\/2015\/09\/zooveca.jpg\" alt=\"zooveca\" width=\"296\" height=\"196\" \/><\/p>\n","protected":false},"featured_media":17893,"comment_status":"closed","ping_status":"closed","template":"","meta":{"_acf_changed":false,"inline_featured_image":false},"product_brand":[],"product_cat":[186],"product_tag":[],"class_list":{"0":"post-1254","1":"product","2":"type-product","3":"status-publish","4":"has-post-thumbnail","6":"product_cat-pharmaceuticals","8":"first","9":"instock","10":"shipping-taxable","11":"product-type-simple"},"acf":[],"yoast_head":"<!-- This site is optimized with the Yoast SEO plugin v26.8 - https:\/\/yoast.com\/product\/yoast-seo-wordpress\/ -->\n<title>ZOOVECA\u00ae: Ectoparasiticida Antis\u00e1rnico | ZOTAL<\/title>\n<meta name=\"description\" content=\"ZOOVECA\u00ae es un ectoparasiticida antis\u00e1rnico con diazin\u00f3n aplicable por ba\u00f1o o pulverizaci\u00f3n. Elimina la sarna y par\u00e1sitos externos del ganado ovino.\" \/>\n<meta name=\"robots\" content=\"index, follow, max-snippet:-1, max-image-preview:large, max-video-preview:-1\" \/>\n<link rel=\"canonical\" href=\"https:\/\/www.zotal.com\/en\/products\/pharmaceuticals\/zooveca\/\" \/>\n<meta property=\"og:locale\" content=\"en_US\" \/>\n<meta property=\"og:type\" content=\"article\" \/>\n<meta property=\"og:title\" content=\"ZOOVECA\u00ae: Ectoparasiticida Antis\u00e1rnico | ZOTAL\" \/>\n<meta property=\"og:description\" content=\"ZOOVECA\u00ae es un ectoparasiticida antis\u00e1rnico con diazin\u00f3n aplicable por ba\u00f1o o pulverizaci\u00f3n. Elimina la sarna y par\u00e1sitos externos del ganado ovino.\" \/>\n<meta property=\"og:url\" content=\"https:\/\/www.zotal.com\/en\/products\/pharmaceuticals\/zooveca\/\" \/>\n<meta property=\"og:site_name\" content=\"Zotal\" \/>\n<meta property=\"article:publisher\" content=\"https:\/\/www.facebook.com\/zotallaboratorios\" \/>\n<meta property=\"article:modified_time\" content=\"2023-10-30T14:45:35+00:00\" \/>\n<meta property=\"og:image\" content=\"https:\/\/www.zotal.com\/wp-content\/uploads\/2015\/11\/zotal_zooveca_2023-1.jpg\" \/>\n\t<meta property=\"og:image:width\" content=\"600\" \/>\n\t<meta property=\"og:image:height\" content=\"600\" \/>\n\t<meta property=\"og:image:type\" content=\"image\/jpeg\" \/>\n<meta name=\"twitter:card\" content=\"summary_large_image\" \/>\n<meta name=\"twitter:site\" content=\"@zotallabs\" \/>\n<meta name=\"twitter:label1\" content=\"Est. reading time\" \/>\n\t<meta name=\"twitter:data1\" content=\"2 minutes\" \/>\n<script type=\"application\/ld+json\" class=\"yoast-schema-graph\">{\"@context\":\"https:\/\/schema.org\",\"@graph\":[{\"@type\":\"WebPage\",\"@id\":\"https:\/\/www.zotal.com\/en\/products\/pharmaceuticals\/zooveca\/\",\"url\":\"https:\/\/www.zotal.com\/en\/products\/pharmaceuticals\/zooveca\/\",\"name\":\"ZOOVECA\u00ae: Ectoparasiticida Antis\u00e1rnico | ZOTAL\",\"isPartOf\":{\"@id\":\"https:\/\/www.zotal.com\/en\/#website\"},\"primaryImageOfPage\":{\"@id\":\"https:\/\/www.zotal.com\/en\/products\/pharmaceuticals\/zooveca\/#primaryimage\"},\"image\":{\"@id\":\"https:\/\/www.zotal.com\/en\/products\/pharmaceuticals\/zooveca\/#primaryimage\"},\"thumbnailUrl\":\"https:\/\/www.zotal.com\/wp-content\/uploads\/2015\/11\/zotal_zooveca_2023-1.jpg\",\"datePublished\":\"2015-09-10T14:49:26+00:00\",\"dateModified\":\"2023-10-30T14:45:35+00:00\",\"description\":\"ZOOVECA\u00ae es un ectoparasiticida antis\u00e1rnico con diazin\u00f3n aplicable por ba\u00f1o o pulverizaci\u00f3n. Elimina la sarna y par\u00e1sitos externos del ganado ovino.\",\"breadcrumb\":{\"@id\":\"https:\/\/www.zotal.com\/en\/products\/pharmaceuticals\/zooveca\/#breadcrumb\"},\"inLanguage\":\"en-US\",\"potentialAction\":[{\"@type\":\"ReadAction\",\"target\":[\"https:\/\/www.zotal.com\/en\/products\/pharmaceuticals\/zooveca\/\"]}]},{\"@type\":\"ImageObject\",\"inLanguage\":\"en-US\",\"@id\":\"https:\/\/www.zotal.com\/en\/products\/pharmaceuticals\/zooveca\/#primaryimage\",\"url\":\"https:\/\/www.zotal.com\/wp-content\/uploads\/2015\/11\/zotal_zooveca_2023-1.jpg\",\"contentUrl\":\"https:\/\/www.zotal.com\/wp-content\/uploads\/2015\/11\/zotal_zooveca_2023-1.jpg\",\"width\":600,\"height\":600},{\"@type\":\"BreadcrumbList\",\"@id\":\"https:\/\/www.zotal.com\/en\/products\/pharmaceuticals\/zooveca\/#breadcrumb\",\"itemListElement\":[{\"@type\":\"ListItem\",\"position\":1,\"name\":\"Portada\",\"item\":\"https:\/\/www.zotal.com\/\"},{\"@type\":\"ListItem\",\"position\":2,\"name\":\"Productos\",\"item\":\"https:\/\/www.zotal.com\/shop\/\"},{\"@type\":\"ListItem\",\"position\":3,\"name\":\"ZOOVECA\u00ae\"}]},{\"@type\":\"WebSite\",\"@id\":\"https:\/\/www.zotal.com\/en\/#website\",\"url\":\"https:\/\/www.zotal.com\/en\/\",\"name\":\"Zotal\",\"description\":\"\",\"publisher\":{\"@id\":\"https:\/\/www.zotal.com\/en\/#organization\"},\"potentialAction\":[{\"@type\":\"SearchAction\",\"target\":{\"@type\":\"EntryPoint\",\"urlTemplate\":\"https:\/\/www.zotal.com\/en\/?s={search_term_string}\"},\"query-input\":{\"@type\":\"PropertyValueSpecification\",\"valueRequired\":true,\"valueName\":\"search_term_string\"}}],\"inLanguage\":\"en-US\"},{\"@type\":\"Organization\",\"@id\":\"https:\/\/www.zotal.com\/en\/#organization\",\"name\":\"Zotal Laboratorios\",\"url\":\"https:\/\/www.zotal.com\/en\/\",\"logo\":{\"@type\":\"ImageObject\",\"inLanguage\":\"en-US\",\"@id\":\"https:\/\/www.zotal.com\/en\/#\/schema\/logo\/image\/\",\"url\":\"https:\/\/www.zotal.com\/wp-content\/uploads\/2015\/08\/zotallogotipo.jpg\",\"contentUrl\":\"https:\/\/www.zotal.com\/wp-content\/uploads\/2015\/08\/zotallogotipo.jpg\",\"width\":706,\"height\":417,\"caption\":\"Zotal Laboratorios\"},\"image\":{\"@id\":\"https:\/\/www.zotal.com\/en\/#\/schema\/logo\/image\/\"},\"sameAs\":[\"https:\/\/www.facebook.com\/zotallaboratorios\",\"https:\/\/x.com\/zotallabs\",\"https:\/\/es.linkedin.com\/company\/laboratorios-zotal\",\"https:\/\/es.pinterest.com\/zotallabs\/\",\"https:\/\/www.youtube.com\/channel\/UCrNub93hYlNNSerE8khX8JQ\"]}]}<\/script>\n<!-- \/ Yoast SEO plugin. -->","yoast_head_json":{"title":"ZOOVECA\u00ae: Ectoparasiticida Antis\u00e1rnico | ZOTAL","description":"ZOOVECA\u00ae es un ectoparasiticida antis\u00e1rnico con diazin\u00f3n aplicable por ba\u00f1o o pulverizaci\u00f3n. Elimina la sarna y par\u00e1sitos externos del ganado ovino.","robots":{"index":"index","follow":"follow","max-snippet":"max-snippet:-1","max-image-preview":"max-image-preview:large","max-video-preview":"max-video-preview:-1"},"canonical":"https:\/\/www.zotal.com\/en\/products\/pharmaceuticals\/zooveca\/","og_locale":"en_US","og_type":"article","og_title":"ZOOVECA\u00ae: Ectoparasiticida Antis\u00e1rnico | ZOTAL","og_description":"ZOOVECA\u00ae es un ectoparasiticida antis\u00e1rnico con diazin\u00f3n aplicable por ba\u00f1o o pulverizaci\u00f3n. Elimina la sarna y par\u00e1sitos externos del ganado ovino.","og_url":"https:\/\/www.zotal.com\/en\/products\/pharmaceuticals\/zooveca\/","og_site_name":"Zotal","article_publisher":"https:\/\/www.facebook.com\/zotallaboratorios","article_modified_time":"2023-10-30T14:45:35+00:00","og_image":[{"width":600,"height":600,"url":"https:\/\/www.zotal.com\/wp-content\/uploads\/2015\/11\/zotal_zooveca_2023-1.jpg","type":"image\/jpeg"}],"twitter_card":"summary_large_image","twitter_site":"@zotallabs","twitter_misc":{"Est. reading time":"2 minutes"},"schema":{"@context":"https:\/\/schema.org","@graph":[{"@type":"WebPage","@id":"https:\/\/www.zotal.com\/en\/products\/pharmaceuticals\/zooveca\/","url":"https:\/\/www.zotal.com\/en\/products\/pharmaceuticals\/zooveca\/","name":"ZOOVECA\u00ae: Ectoparasiticida Antis\u00e1rnico | ZOTAL","isPartOf":{"@id":"https:\/\/www.zotal.com\/en\/#website"},"primaryImageOfPage":{"@id":"https:\/\/www.zotal.com\/en\/products\/pharmaceuticals\/zooveca\/#primaryimage"},"image":{"@id":"https:\/\/www.zotal.com\/en\/products\/pharmaceuticals\/zooveca\/#primaryimage"},"thumbnailUrl":"https:\/\/www.zotal.com\/wp-content\/uploads\/2015\/11\/zotal_zooveca_2023-1.jpg","datePublished":"2015-09-10T14:49:26+00:00","dateModified":"2023-10-30T14:45:35+00:00","description":"ZOOVECA\u00ae es un ectoparasiticida antis\u00e1rnico con diazin\u00f3n aplicable por ba\u00f1o o pulverizaci\u00f3n. Elimina la sarna y par\u00e1sitos externos del ganado ovino.","breadcrumb":{"@id":"https:\/\/www.zotal.com\/en\/products\/pharmaceuticals\/zooveca\/#breadcrumb"},"inLanguage":"en-US","potentialAction":[{"@type":"ReadAction","target":["https:\/\/www.zotal.com\/en\/products\/pharmaceuticals\/zooveca\/"]}]},{"@type":"ImageObject","inLanguage":"en-US","@id":"https:\/\/www.zotal.com\/en\/products\/pharmaceuticals\/zooveca\/#primaryimage","url":"https:\/\/www.zotal.com\/wp-content\/uploads\/2015\/11\/zotal_zooveca_2023-1.jpg","contentUrl":"https:\/\/www.zotal.com\/wp-content\/uploads\/2015\/11\/zotal_zooveca_2023-1.jpg","width":600,"height":600},{"@type":"BreadcrumbList","@id":"https:\/\/www.zotal.com\/en\/products\/pharmaceuticals\/zooveca\/#breadcrumb","itemListElement":[{"@type":"ListItem","position":1,"name":"Portada","item":"https:\/\/www.zotal.com\/"},{"@type":"ListItem","position":2,"name":"Productos","item":"https:\/\/www.zotal.com\/shop\/"},{"@type":"ListItem","position":3,"name":"ZOOVECA\u00ae"}]},{"@type":"WebSite","@id":"https:\/\/www.zotal.com\/en\/#website","url":"https:\/\/www.zotal.com\/en\/","name":"Zotal","description":"","publisher":{"@id":"https:\/\/www.zotal.com\/en\/#organization"},"potentialAction":[{"@type":"SearchAction","target":{"@type":"EntryPoint","urlTemplate":"https:\/\/www.zotal.com\/en\/?s={search_term_string}"},"query-input":{"@type":"PropertyValueSpecification","valueRequired":true,"valueName":"search_term_string"}}],"inLanguage":"en-US"},{"@type":"Organization","@id":"https:\/\/www.zotal.com\/en\/#organization","name":"Zotal Laboratorios","url":"https:\/\/www.zotal.com\/en\/","logo":{"@type":"ImageObject","inLanguage":"en-US","@id":"https:\/\/www.zotal.com\/en\/#\/schema\/logo\/image\/","url":"https:\/\/www.zotal.com\/wp-content\/uploads\/2015\/08\/zotallogotipo.jpg","contentUrl":"https:\/\/www.zotal.com\/wp-content\/uploads\/2015\/08\/zotallogotipo.jpg","width":706,"height":417,"caption":"Zotal Laboratorios"},"image":{"@id":"https:\/\/www.zotal.com\/en\/#\/schema\/logo\/image\/"},"sameAs":["https:\/\/www.facebook.com\/zotallaboratorios","https:\/\/x.com\/zotallabs","https:\/\/es.linkedin.com\/company\/laboratorios-zotal","https:\/\/es.pinterest.com\/zotallabs\/","https:\/\/www.youtube.com\/channel\/UCrNub93hYlNNSerE8khX8JQ"]}]}},"_links":{"self":[{"href":"https:\/\/www.zotal.com\/en\/wp-json\/wp\/v2\/product\/1254","targetHints":{"allow":["GET"]}}],"collection":[{"href":"https:\/\/www.zotal.com\/en\/wp-json\/wp\/v2\/product"}],"about":[{"href":"https:\/\/www.zotal.com\/en\/wp-json\/wp\/v2\/types\/product"}],"replies":[{"embeddable":true,"href":"https:\/\/www.zotal.com\/en\/wp-json\/wp\/v2\/comments?post=1254"}],"wp:featuredmedia":[{"embeddable":true,"href":"https:\/\/www.zotal.com\/en\/wp-json\/wp\/v2\/media\/17893"}],"wp:attachment":[{"href":"https:\/\/www.zotal.com\/en\/wp-json\/wp\/v2\/media?parent=1254"}],"wp:term":[{"taxonomy":"product_brand","embeddable":true,"href":"https:\/\/www.zotal.com\/en\/wp-json\/wp\/v2\/product_brand?post=1254"},{"taxonomy":"product_cat","embeddable":true,"href":"https:\/\/www.zotal.com\/en\/wp-json\/wp\/v2\/product_cat?post=1254"},{"taxonomy":"product_tag","embeddable":true,"href":"https:\/\/www.zotal.com\/en\/wp-json\/wp\/v2\/product_tag?post=1254"}],"curies":[{"name":"wp","href":"https:\/\/api.w.org\/{rel}","templated":true}]}}