{"id":1277,"date":"2015-11-16T13:17:43","date_gmt":"2015-11-16T13:17:43","guid":{"rendered":"https:\/\/www.zotal.com\/es\/product\/previo-basic-2\/"},"modified":"2023-06-19T13:27:41","modified_gmt":"2023-06-19T11:27:41","slug":"previo-basic","status":"publish","type":"product","link":"https:\/\/www.zotal.com\/en\/products\/detergent-sanitizing\/previo-basic\/","title":{"rendered":"PREVIO\u00ae<br>Basic"},"content":{"rendered":"<p><strong>PREVIO\u00ae Basic<\/strong> is a disinfectant detergent that provides alkaline chlorinated foam hygiene. It contains high-foaming bleach with powerful degreasing properties, specifically designed for the regular cleaning of all types of livestock, industrial, and food industry facilities.<\/p>\n<p>Due to its composition, <strong>PREVIO\u00ae Basic<\/strong> is a disinfectant detergent that acts vigorously on adhered dirt, leaving the treated surfaces free from organic matter. This is achieved through its alkaline formulation, which has been developed to target the typical dirt found in these types of industries.<\/p>\n<p>Due to its versatility and cleaning capacity, <strong>PREVIO\u00ae Basic<\/strong> can be used in livestock facilities, transportation means, various premises, and the food industry.<\/p>\n<h2>Applications<\/h2>\n<p><strong>PREVIO\u00ae Basic<\/strong> is an ideal product for cleaning mobile materials in the food industry and livestock farming. It is also a disinfectant detergent that can be used during the alkaline cleaning phase in dairy farms.<\/p>\n<h2>Instructions for Use<\/h2>\n<p>The product can be applied by immersion, spraying, or using pressure washers with or without a foam generator. This disinfectant detergent is used diluted in water at concentrations ranging from 0.5% (1 part in 200 parts of water) to 6% (1 part in 16 parts of water), depending on the level of dirt present. In areas that are particularly greasy, the concentration can be increased or it can even be applied undiluted if necessary. After letting it act for a few minutes, rinse the surface with water or a damp cloth.<\/p>\n","protected":false},"excerpt":{"rendered":"<p><strong>PREVIO\u00ae Basic <\/strong>es un <strong>detergente desinfectante<\/strong> destinado a eliminar restos de materia org\u00e1nica, grasa y todo tipo de suciedad. Gracias a su estudiada formulaci\u00f3n que combina tensioactivos no i\u00f3nicos, bases y liberadores de cloro, higieniza y desinfecta.<\/p>\n<p><img fetchpriority=\"high\" decoding=\"async\" class=\"alignnone size-full wp-image-1732\" src=\"https:\/\/www.zotal.com\/wp-content\/uploads\/2015\/09\/basic.jpg\" alt=\"basic\" width=\"296\" height=\"196\" \/><\/p>\n","protected":false},"featured_media":21980,"comment_status":"closed","ping_status":"closed","template":"","meta":{"_acf_changed":false,"inline_featured_image":false},"product_brand":[],"product_cat":[185],"product_tag":[756,757],"class_list":{"0":"post-1277","1":"product","2":"type-product","3":"status-publish","4":"has-post-thumbnail","6":"product_cat-detergent-sanitizing","7":"product_tag-fungicides","8":"product_tag-pesticides","10":"first","11":"instock","12":"shipping-taxable","13":"product-type-simple"},"acf":[],"yoast_head":"<!-- This site is optimized with the Yoast SEO plugin v26.8 - https:\/\/yoast.com\/product\/yoast-seo-wordpress\/ -->\n<title>PREVIO\u00ae Basic Detergente Desinfectante | ZOTAL<\/title>\n<meta name=\"description\" content=\"PREVIO\u00ae Basic es un detergente desinfectante destinado a eliminar restos de materia org\u00e1nica, grasa y todo tipo de suciedad gracias a su formulaci\u00f3n.\" \/>\n<meta name=\"robots\" content=\"index, follow, max-snippet:-1, max-image-preview:large, max-video-preview:-1\" \/>\n<link rel=\"canonical\" href=\"https:\/\/www.zotal.com\/en\/products\/detergent-sanitizing\/previo-basic\/\" \/>\n<meta property=\"og:locale\" content=\"en_US\" \/>\n<meta property=\"og:type\" content=\"article\" \/>\n<meta property=\"og:title\" content=\"PREVIO\u00ae Basic Detergente Desinfectante | ZOTAL\" \/>\n<meta property=\"og:description\" content=\"PREVIO\u00ae Basic es un detergente desinfectante destinado a eliminar restos de materia org\u00e1nica, grasa y todo tipo de suciedad gracias a su formulaci\u00f3n.\" \/>\n<meta property=\"og:url\" content=\"https:\/\/www.zotal.com\/en\/products\/detergent-sanitizing\/previo-basic\/\" \/>\n<meta property=\"og:site_name\" content=\"Zotal\" \/>\n<meta property=\"article:publisher\" content=\"https:\/\/www.facebook.com\/zotallaboratorios\" \/>\n<meta property=\"article:modified_time\" content=\"2023-06-19T11:27:41+00:00\" \/>\n<meta property=\"og:image\" content=\"https:\/\/www.zotal.com\/wp-content\/uploads\/2015\/11\/zotal_previo_basic.jpg\" \/>\n\t<meta property=\"og:image:width\" content=\"600\" \/>\n\t<meta property=\"og:image:height\" content=\"600\" \/>\n\t<meta property=\"og:image:type\" content=\"image\/jpeg\" \/>\n<meta name=\"twitter:card\" content=\"summary_large_image\" \/>\n<meta name=\"twitter:site\" content=\"@zotallabs\" \/>\n<meta name=\"twitter:label1\" content=\"Est. reading time\" \/>\n\t<meta name=\"twitter:data1\" content=\"2 minutes\" \/>\n<script type=\"application\/ld+json\" class=\"yoast-schema-graph\">{\"@context\":\"https:\/\/schema.org\",\"@graph\":[{\"@type\":\"WebPage\",\"@id\":\"https:\/\/www.zotal.com\/en\/products\/detergent-sanitizing\/previo-basic\/\",\"url\":\"https:\/\/www.zotal.com\/en\/products\/detergent-sanitizing\/previo-basic\/\",\"name\":\"PREVIO\u00ae Basic Detergente Desinfectante | ZOTAL\",\"isPartOf\":{\"@id\":\"https:\/\/www.zotal.com\/en\/#website\"},\"primaryImageOfPage\":{\"@id\":\"https:\/\/www.zotal.com\/en\/products\/detergent-sanitizing\/previo-basic\/#primaryimage\"},\"image\":{\"@id\":\"https:\/\/www.zotal.com\/en\/products\/detergent-sanitizing\/previo-basic\/#primaryimage\"},\"thumbnailUrl\":\"https:\/\/www.zotal.com\/wp-content\/uploads\/2015\/11\/zotal_previo_basic.jpg\",\"datePublished\":\"2015-11-16T13:17:43+00:00\",\"dateModified\":\"2023-06-19T11:27:41+00:00\",\"description\":\"PREVIO\u00ae Basic es un detergente desinfectante destinado a eliminar restos de materia org\u00e1nica, grasa y todo tipo de suciedad gracias a su formulaci\u00f3n.\",\"breadcrumb\":{\"@id\":\"https:\/\/www.zotal.com\/en\/products\/detergent-sanitizing\/previo-basic\/#breadcrumb\"},\"inLanguage\":\"en-US\",\"potentialAction\":[{\"@type\":\"ReadAction\",\"target\":[\"https:\/\/www.zotal.com\/en\/products\/detergent-sanitizing\/previo-basic\/\"]}]},{\"@type\":\"ImageObject\",\"inLanguage\":\"en-US\",\"@id\":\"https:\/\/www.zotal.com\/en\/products\/detergent-sanitizing\/previo-basic\/#primaryimage\",\"url\":\"https:\/\/www.zotal.com\/wp-content\/uploads\/2015\/11\/zotal_previo_basic.jpg\",\"contentUrl\":\"https:\/\/www.zotal.com\/wp-content\/uploads\/2015\/11\/zotal_previo_basic.jpg\",\"width\":600,\"height\":600},{\"@type\":\"BreadcrumbList\",\"@id\":\"https:\/\/www.zotal.com\/en\/products\/detergent-sanitizing\/previo-basic\/#breadcrumb\",\"itemListElement\":[{\"@type\":\"ListItem\",\"position\":1,\"name\":\"Portada\",\"item\":\"https:\/\/www.zotal.com\/\"},{\"@type\":\"ListItem\",\"position\":2,\"name\":\"Productos\",\"item\":\"https:\/\/www.zotal.com\/shop\/\"},{\"@type\":\"ListItem\",\"position\":3,\"name\":\"PREVIO\u00aeBasic\"}]},{\"@type\":\"WebSite\",\"@id\":\"https:\/\/www.zotal.com\/en\/#website\",\"url\":\"https:\/\/www.zotal.com\/en\/\",\"name\":\"Zotal\",\"description\":\"\",\"publisher\":{\"@id\":\"https:\/\/www.zotal.com\/en\/#organization\"},\"potentialAction\":[{\"@type\":\"SearchAction\",\"target\":{\"@type\":\"EntryPoint\",\"urlTemplate\":\"https:\/\/www.zotal.com\/en\/?s={search_term_string}\"},\"query-input\":{\"@type\":\"PropertyValueSpecification\",\"valueRequired\":true,\"valueName\":\"search_term_string\"}}],\"inLanguage\":\"en-US\"},{\"@type\":\"Organization\",\"@id\":\"https:\/\/www.zotal.com\/en\/#organization\",\"name\":\"Zotal Laboratorios\",\"url\":\"https:\/\/www.zotal.com\/en\/\",\"logo\":{\"@type\":\"ImageObject\",\"inLanguage\":\"en-US\",\"@id\":\"https:\/\/www.zotal.com\/en\/#\/schema\/logo\/image\/\",\"url\":\"https:\/\/www.zotal.com\/wp-content\/uploads\/2015\/08\/zotallogotipo.jpg\",\"contentUrl\":\"https:\/\/www.zotal.com\/wp-content\/uploads\/2015\/08\/zotallogotipo.jpg\",\"width\":706,\"height\":417,\"caption\":\"Zotal Laboratorios\"},\"image\":{\"@id\":\"https:\/\/www.zotal.com\/en\/#\/schema\/logo\/image\/\"},\"sameAs\":[\"https:\/\/www.facebook.com\/zotallaboratorios\",\"https:\/\/x.com\/zotallabs\",\"https:\/\/es.linkedin.com\/company\/laboratorios-zotal\",\"https:\/\/es.pinterest.com\/zotallabs\/\",\"https:\/\/www.youtube.com\/channel\/UCrNub93hYlNNSerE8khX8JQ\"]}]}<\/script>\n<!-- \/ Yoast SEO plugin. -->","yoast_head_json":{"title":"PREVIO\u00ae Basic Detergente Desinfectante | ZOTAL","description":"PREVIO\u00ae Basic es un detergente desinfectante destinado a eliminar restos de materia org\u00e1nica, grasa y todo tipo de suciedad gracias a su formulaci\u00f3n.","robots":{"index":"index","follow":"follow","max-snippet":"max-snippet:-1","max-image-preview":"max-image-preview:large","max-video-preview":"max-video-preview:-1"},"canonical":"https:\/\/www.zotal.com\/en\/products\/detergent-sanitizing\/previo-basic\/","og_locale":"en_US","og_type":"article","og_title":"PREVIO\u00ae Basic Detergente Desinfectante | ZOTAL","og_description":"PREVIO\u00ae Basic es un detergente desinfectante destinado a eliminar restos de materia org\u00e1nica, grasa y todo tipo de suciedad gracias a su formulaci\u00f3n.","og_url":"https:\/\/www.zotal.com\/en\/products\/detergent-sanitizing\/previo-basic\/","og_site_name":"Zotal","article_publisher":"https:\/\/www.facebook.com\/zotallaboratorios","article_modified_time":"2023-06-19T11:27:41+00:00","og_image":[{"width":600,"height":600,"url":"https:\/\/www.zotal.com\/wp-content\/uploads\/2015\/11\/zotal_previo_basic.jpg","type":"image\/jpeg"}],"twitter_card":"summary_large_image","twitter_site":"@zotallabs","twitter_misc":{"Est. reading time":"2 minutes"},"schema":{"@context":"https:\/\/schema.org","@graph":[{"@type":"WebPage","@id":"https:\/\/www.zotal.com\/en\/products\/detergent-sanitizing\/previo-basic\/","url":"https:\/\/www.zotal.com\/en\/products\/detergent-sanitizing\/previo-basic\/","name":"PREVIO\u00ae Basic Detergente Desinfectante | ZOTAL","isPartOf":{"@id":"https:\/\/www.zotal.com\/en\/#website"},"primaryImageOfPage":{"@id":"https:\/\/www.zotal.com\/en\/products\/detergent-sanitizing\/previo-basic\/#primaryimage"},"image":{"@id":"https:\/\/www.zotal.com\/en\/products\/detergent-sanitizing\/previo-basic\/#primaryimage"},"thumbnailUrl":"https:\/\/www.zotal.com\/wp-content\/uploads\/2015\/11\/zotal_previo_basic.jpg","datePublished":"2015-11-16T13:17:43+00:00","dateModified":"2023-06-19T11:27:41+00:00","description":"PREVIO\u00ae Basic es un detergente desinfectante destinado a eliminar restos de materia org\u00e1nica, grasa y todo tipo de suciedad gracias a su formulaci\u00f3n.","breadcrumb":{"@id":"https:\/\/www.zotal.com\/en\/products\/detergent-sanitizing\/previo-basic\/#breadcrumb"},"inLanguage":"en-US","potentialAction":[{"@type":"ReadAction","target":["https:\/\/www.zotal.com\/en\/products\/detergent-sanitizing\/previo-basic\/"]}]},{"@type":"ImageObject","inLanguage":"en-US","@id":"https:\/\/www.zotal.com\/en\/products\/detergent-sanitizing\/previo-basic\/#primaryimage","url":"https:\/\/www.zotal.com\/wp-content\/uploads\/2015\/11\/zotal_previo_basic.jpg","contentUrl":"https:\/\/www.zotal.com\/wp-content\/uploads\/2015\/11\/zotal_previo_basic.jpg","width":600,"height":600},{"@type":"BreadcrumbList","@id":"https:\/\/www.zotal.com\/en\/products\/detergent-sanitizing\/previo-basic\/#breadcrumb","itemListElement":[{"@type":"ListItem","position":1,"name":"Portada","item":"https:\/\/www.zotal.com\/"},{"@type":"ListItem","position":2,"name":"Productos","item":"https:\/\/www.zotal.com\/shop\/"},{"@type":"ListItem","position":3,"name":"PREVIO\u00aeBasic"}]},{"@type":"WebSite","@id":"https:\/\/www.zotal.com\/en\/#website","url":"https:\/\/www.zotal.com\/en\/","name":"Zotal","description":"","publisher":{"@id":"https:\/\/www.zotal.com\/en\/#organization"},"potentialAction":[{"@type":"SearchAction","target":{"@type":"EntryPoint","urlTemplate":"https:\/\/www.zotal.com\/en\/?s={search_term_string}"},"query-input":{"@type":"PropertyValueSpecification","valueRequired":true,"valueName":"search_term_string"}}],"inLanguage":"en-US"},{"@type":"Organization","@id":"https:\/\/www.zotal.com\/en\/#organization","name":"Zotal Laboratorios","url":"https:\/\/www.zotal.com\/en\/","logo":{"@type":"ImageObject","inLanguage":"en-US","@id":"https:\/\/www.zotal.com\/en\/#\/schema\/logo\/image\/","url":"https:\/\/www.zotal.com\/wp-content\/uploads\/2015\/08\/zotallogotipo.jpg","contentUrl":"https:\/\/www.zotal.com\/wp-content\/uploads\/2015\/08\/zotallogotipo.jpg","width":706,"height":417,"caption":"Zotal Laboratorios"},"image":{"@id":"https:\/\/www.zotal.com\/en\/#\/schema\/logo\/image\/"},"sameAs":["https:\/\/www.facebook.com\/zotallaboratorios","https:\/\/x.com\/zotallabs","https:\/\/es.linkedin.com\/company\/laboratorios-zotal","https:\/\/es.pinterest.com\/zotallabs\/","https:\/\/www.youtube.com\/channel\/UCrNub93hYlNNSerE8khX8JQ"]}]}},"_links":{"self":[{"href":"https:\/\/www.zotal.com\/en\/wp-json\/wp\/v2\/product\/1277","targetHints":{"allow":["GET"]}}],"collection":[{"href":"https:\/\/www.zotal.com\/en\/wp-json\/wp\/v2\/product"}],"about":[{"href":"https:\/\/www.zotal.com\/en\/wp-json\/wp\/v2\/types\/product"}],"replies":[{"embeddable":true,"href":"https:\/\/www.zotal.com\/en\/wp-json\/wp\/v2\/comments?post=1277"}],"wp:featuredmedia":[{"embeddable":true,"href":"https:\/\/www.zotal.com\/en\/wp-json\/wp\/v2\/media\/21980"}],"wp:attachment":[{"href":"https:\/\/www.zotal.com\/en\/wp-json\/wp\/v2\/media?parent=1277"}],"wp:term":[{"taxonomy":"product_brand","embeddable":true,"href":"https:\/\/www.zotal.com\/en\/wp-json\/wp\/v2\/product_brand?post=1277"},{"taxonomy":"product_cat","embeddable":true,"href":"https:\/\/www.zotal.com\/en\/wp-json\/wp\/v2\/product_cat?post=1277"},{"taxonomy":"product_tag","embeddable":true,"href":"https:\/\/www.zotal.com\/en\/wp-json\/wp\/v2\/product_tag?post=1277"}],"curies":[{"name":"wp","href":"https:\/\/api.w.org\/{rel}","templated":true}]}}