{"id":1291,"date":"2015-11-13T11:04:14","date_gmt":"2015-11-06T11:04:14","guid":{"rendered":"https:\/\/www.zotal.com\/product\/sanitas-neozital-2\/"},"modified":"2023-06-05T13:45:15","modified_gmt":"2023-06-05T11:45:15","slug":"sanitas-neozital","status":"publish","type":"product","link":"https:\/\/www.zotal.com\/en\/products\/disinfectants\/sanitas-neozital\/","title":{"rendered":"SANITAS\u00ae <br>Neozital"},"content":{"rendered":"<p><strong>SANITAS\u00ae Neozital<\/strong> is a <strong>broad-spectrum oxidizing disinfectant<\/strong>. Thanks to its active ingredient, peracetic acid, it provides excellent disinfection capacity at very low concentrations. Its formula is extremely powerful, capable of eliminating bacteria, viruses, and fungi. SANITAS\u00ae Neozital is completely biodegradable, therefore it does not generate potentially hazardous residues for the environment.<\/p>\n<h2>Applications<\/h2>\n<p>It is a highly effective oxidizing disinfectant for achieving complete disinfection in all types of livestock facilities, poultry farms, rabbitries, kennels, as well as other premises housing animals. It is also suitable for the disinfection of utensils, machinery, and equipment, both for veterinary clinics (areas designated for animals, hospitalization cages, etc.) and animal housing areas in the meat industry.<\/p>\n<h2>Instructions for Use<\/h2>\n<p>SANITAS\u00ae Neozital can be used for the disinfection of all types of facilities. It can be applied by rubbing, spraying, or fogging, and it is equally effective in all these methods.<\/p>\n<p>Apply the product at the recommended dosage, allowing it to dry in the application area. If this is not possible, leave it in contact for at least 15 minutes. Utensils can be disinfected by immersing them in a 0.5% solution for a minimum of 30 minutes, then rinsing with plenty of water. If the size does not allow it, disinfect by spraying.<\/p>\n<p>Apply in the absence of animals. If applying by fogging, remove the animals from the area; they can be reintroduced once the walls have dried.<\/p>\n<p>SANITAS\u00ae Neozital is used diluted in water at concentrations of 0.5% (1 part in 200 parts of water) or 1% (1 part in 50 parts of water) depending on the level of dirt present. In areas where the presence of viral pathogens has been confirmed, use a 1% concentration. For sanitizing vehicle ramps, transportation means, and containers, a 0.5% application is recommended.<\/p>\n<p>For aerial fogging, the product should be used at a 0.5% dosage. As a general rule, it is recommended to apply 0.1-0.3 liters of diluted product per square meter to be treated.<\/p>\n","protected":false},"excerpt":{"rendered":"<p>SANITAS\u00ae Neozital is a broad spectrum disinfectant that, due to its active ingredient, peracetic acid, yields an excellent disinfectant effect at very low concentrations. Its very powerful formula ensures the elimination of bacteria, fungi and viruses, but it is at the same time completely biodegradable, thus not polluting the environment.<\/p>\n<p>It is a very capable product, which can be used for a complete disinfection of all kinds of premises and buildings used in livestock, poultry and rabbit farming, kennels and other facilities used in animal husbandry. It can also be used for the disinfection of equipment and machinery, in veterinary practices (animal housing areas, cages, etc.) and in slaughterhouses (animal stabling areas).<\/p>\n<p><img fetchpriority=\"high\" decoding=\"async\" class=\"alignnone size-full wp-image-1768\" src=\"https:\/\/www.zotal.com\/wp-content\/uploads\/2015\/09\/neozital.jpg\" alt=\"neozital\" width=\"296\" height=\"196\" \/><\/p>\n","protected":false},"featured_media":21978,"comment_status":"closed","ping_status":"closed","template":"","meta":{"_acf_changed":false,"inline_featured_image":false},"product_brand":[],"product_cat":[184],"product_tag":[755,1042,756],"class_list":{"0":"post-1291","1":"product","2":"type-product","3":"status-publish","4":"has-post-thumbnail","6":"product_cat-disinfectants","7":"product_tag-bactericides","8":"product_tag-desinfectante-uso-ganadero-en","9":"product_tag-fungicides","11":"first","12":"instock","13":"shipping-taxable","14":"product-type-simple"},"acf":[],"yoast_head":"<!-- This site is optimized with the Yoast SEO plugin v26.8 - https:\/\/yoast.com\/product\/yoast-seo-wordpress\/ -->\n<title>SANITAS\u00ae Neozital: Desinfectante Oxidante | ZOTAL<\/title>\n<meta name=\"description\" content=\"Desinfectante oxidante de amplio espectro que, gracias a su principio activo, el \u00e1cido perac\u00e9tico, proporciona una excelente capacidad de desinfecci\u00f3n.\" \/>\n<meta name=\"robots\" content=\"index, follow, max-snippet:-1, max-image-preview:large, max-video-preview:-1\" \/>\n<link rel=\"canonical\" href=\"https:\/\/www.zotal.com\/en\/products\/disinfectants\/sanitas-neozital\/\" \/>\n<meta property=\"og:locale\" content=\"en_US\" \/>\n<meta property=\"og:type\" content=\"article\" \/>\n<meta property=\"og:title\" content=\"SANITAS\u00ae Neozital: Desinfectante Oxidante | ZOTAL\" \/>\n<meta property=\"og:description\" content=\"Desinfectante oxidante de amplio espectro que, gracias a su principio activo, el \u00e1cido perac\u00e9tico, proporciona una excelente capacidad de desinfecci\u00f3n.\" \/>\n<meta property=\"og:url\" content=\"https:\/\/www.zotal.com\/en\/products\/disinfectants\/sanitas-neozital\/\" \/>\n<meta property=\"og:site_name\" content=\"Zotal\" \/>\n<meta property=\"article:publisher\" content=\"https:\/\/www.facebook.com\/zotallaboratorios\" \/>\n<meta property=\"article:modified_time\" content=\"2023-06-05T11:45:15+00:00\" \/>\n<meta property=\"og:image\" content=\"https:\/\/www.zotal.com\/wp-content\/uploads\/2015\/09\/SANITAS___Neozit_5369df1bce40c.jpg\" \/>\n\t<meta property=\"og:image:width\" content=\"2480\" \/>\n\t<meta property=\"og:image:height\" content=\"2480\" \/>\n\t<meta property=\"og:image:type\" content=\"image\/jpeg\" \/>\n<meta name=\"twitter:card\" content=\"summary_large_image\" \/>\n<meta name=\"twitter:site\" content=\"@zotallabs\" \/>\n<meta name=\"twitter:label1\" content=\"Est. reading time\" \/>\n\t<meta name=\"twitter:data1\" content=\"2 minutes\" \/>\n<script type=\"application\/ld+json\" class=\"yoast-schema-graph\">{\"@context\":\"https:\/\/schema.org\",\"@graph\":[{\"@type\":\"WebPage\",\"@id\":\"https:\/\/www.zotal.com\/en\/products\/disinfectants\/sanitas-neozital\/\",\"url\":\"https:\/\/www.zotal.com\/en\/products\/disinfectants\/sanitas-neozital\/\",\"name\":\"SANITAS\u00ae Neozital: Desinfectante Oxidante | ZOTAL\",\"isPartOf\":{\"@id\":\"https:\/\/www.zotal.com\/en\/#website\"},\"primaryImageOfPage\":{\"@id\":\"https:\/\/www.zotal.com\/en\/products\/disinfectants\/sanitas-neozital\/#primaryimage\"},\"image\":{\"@id\":\"https:\/\/www.zotal.com\/en\/products\/disinfectants\/sanitas-neozital\/#primaryimage\"},\"thumbnailUrl\":\"https:\/\/www.zotal.com\/wp-content\/uploads\/2015\/11\/zotal_sanitas_neozital-1.jpg\",\"datePublished\":\"2015-11-06T11:04:14+00:00\",\"dateModified\":\"2023-06-05T11:45:15+00:00\",\"description\":\"Desinfectante oxidante de amplio espectro que, gracias a su principio activo, el \u00e1cido perac\u00e9tico, proporciona una excelente capacidad de desinfecci\u00f3n.\",\"breadcrumb\":{\"@id\":\"https:\/\/www.zotal.com\/en\/products\/disinfectants\/sanitas-neozital\/#breadcrumb\"},\"inLanguage\":\"en-US\",\"potentialAction\":[{\"@type\":\"ReadAction\",\"target\":[\"https:\/\/www.zotal.com\/en\/products\/disinfectants\/sanitas-neozital\/\"]}]},{\"@type\":\"ImageObject\",\"inLanguage\":\"en-US\",\"@id\":\"https:\/\/www.zotal.com\/en\/products\/disinfectants\/sanitas-neozital\/#primaryimage\",\"url\":\"https:\/\/www.zotal.com\/wp-content\/uploads\/2015\/11\/zotal_sanitas_neozital-1.jpg\",\"contentUrl\":\"https:\/\/www.zotal.com\/wp-content\/uploads\/2015\/11\/zotal_sanitas_neozital-1.jpg\",\"width\":600,\"height\":600},{\"@type\":\"BreadcrumbList\",\"@id\":\"https:\/\/www.zotal.com\/en\/products\/disinfectants\/sanitas-neozital\/#breadcrumb\",\"itemListElement\":[{\"@type\":\"ListItem\",\"position\":1,\"name\":\"Portada\",\"item\":\"https:\/\/www.zotal.com\/\"},{\"@type\":\"ListItem\",\"position\":2,\"name\":\"Productos\",\"item\":\"https:\/\/www.zotal.com\/shop\/\"},{\"@type\":\"ListItem\",\"position\":3,\"name\":\"SANITAS\u00ae Neozital\"}]},{\"@type\":\"WebSite\",\"@id\":\"https:\/\/www.zotal.com\/en\/#website\",\"url\":\"https:\/\/www.zotal.com\/en\/\",\"name\":\"Zotal\",\"description\":\"\",\"publisher\":{\"@id\":\"https:\/\/www.zotal.com\/en\/#organization\"},\"potentialAction\":[{\"@type\":\"SearchAction\",\"target\":{\"@type\":\"EntryPoint\",\"urlTemplate\":\"https:\/\/www.zotal.com\/en\/?s={search_term_string}\"},\"query-input\":{\"@type\":\"PropertyValueSpecification\",\"valueRequired\":true,\"valueName\":\"search_term_string\"}}],\"inLanguage\":\"en-US\"},{\"@type\":\"Organization\",\"@id\":\"https:\/\/www.zotal.com\/en\/#organization\",\"name\":\"Zotal Laboratorios\",\"url\":\"https:\/\/www.zotal.com\/en\/\",\"logo\":{\"@type\":\"ImageObject\",\"inLanguage\":\"en-US\",\"@id\":\"https:\/\/www.zotal.com\/en\/#\/schema\/logo\/image\/\",\"url\":\"https:\/\/www.zotal.com\/wp-content\/uploads\/2015\/08\/zotallogotipo.jpg\",\"contentUrl\":\"https:\/\/www.zotal.com\/wp-content\/uploads\/2015\/08\/zotallogotipo.jpg\",\"width\":706,\"height\":417,\"caption\":\"Zotal Laboratorios\"},\"image\":{\"@id\":\"https:\/\/www.zotal.com\/en\/#\/schema\/logo\/image\/\"},\"sameAs\":[\"https:\/\/www.facebook.com\/zotallaboratorios\",\"https:\/\/x.com\/zotallabs\",\"https:\/\/es.linkedin.com\/company\/laboratorios-zotal\",\"https:\/\/es.pinterest.com\/zotallabs\/\",\"https:\/\/www.youtube.com\/channel\/UCrNub93hYlNNSerE8khX8JQ\"]}]}<\/script>\n<!-- \/ Yoast SEO plugin. -->","yoast_head_json":{"title":"SANITAS\u00ae Neozital: Desinfectante Oxidante | ZOTAL","description":"Desinfectante oxidante de amplio espectro que, gracias a su principio activo, el \u00e1cido perac\u00e9tico, proporciona una excelente capacidad de desinfecci\u00f3n.","robots":{"index":"index","follow":"follow","max-snippet":"max-snippet:-1","max-image-preview":"max-image-preview:large","max-video-preview":"max-video-preview:-1"},"canonical":"https:\/\/www.zotal.com\/en\/products\/disinfectants\/sanitas-neozital\/","og_locale":"en_US","og_type":"article","og_title":"SANITAS\u00ae Neozital: Desinfectante Oxidante | ZOTAL","og_description":"Desinfectante oxidante de amplio espectro que, gracias a su principio activo, el \u00e1cido perac\u00e9tico, proporciona una excelente capacidad de desinfecci\u00f3n.","og_url":"https:\/\/www.zotal.com\/en\/products\/disinfectants\/sanitas-neozital\/","og_site_name":"Zotal","article_publisher":"https:\/\/www.facebook.com\/zotallaboratorios","article_modified_time":"2023-06-05T11:45:15+00:00","og_image":[{"width":2480,"height":2480,"url":"https:\/\/www.zotal.com\/wp-content\/uploads\/2015\/09\/SANITAS___Neozit_5369df1bce40c.jpg","type":"image\/jpeg"}],"twitter_card":"summary_large_image","twitter_site":"@zotallabs","twitter_misc":{"Est. reading time":"2 minutes"},"schema":{"@context":"https:\/\/schema.org","@graph":[{"@type":"WebPage","@id":"https:\/\/www.zotal.com\/en\/products\/disinfectants\/sanitas-neozital\/","url":"https:\/\/www.zotal.com\/en\/products\/disinfectants\/sanitas-neozital\/","name":"SANITAS\u00ae Neozital: Desinfectante Oxidante | ZOTAL","isPartOf":{"@id":"https:\/\/www.zotal.com\/en\/#website"},"primaryImageOfPage":{"@id":"https:\/\/www.zotal.com\/en\/products\/disinfectants\/sanitas-neozital\/#primaryimage"},"image":{"@id":"https:\/\/www.zotal.com\/en\/products\/disinfectants\/sanitas-neozital\/#primaryimage"},"thumbnailUrl":"https:\/\/www.zotal.com\/wp-content\/uploads\/2015\/11\/zotal_sanitas_neozital-1.jpg","datePublished":"2015-11-06T11:04:14+00:00","dateModified":"2023-06-05T11:45:15+00:00","description":"Desinfectante oxidante de amplio espectro que, gracias a su principio activo, el \u00e1cido perac\u00e9tico, proporciona una excelente capacidad de desinfecci\u00f3n.","breadcrumb":{"@id":"https:\/\/www.zotal.com\/en\/products\/disinfectants\/sanitas-neozital\/#breadcrumb"},"inLanguage":"en-US","potentialAction":[{"@type":"ReadAction","target":["https:\/\/www.zotal.com\/en\/products\/disinfectants\/sanitas-neozital\/"]}]},{"@type":"ImageObject","inLanguage":"en-US","@id":"https:\/\/www.zotal.com\/en\/products\/disinfectants\/sanitas-neozital\/#primaryimage","url":"https:\/\/www.zotal.com\/wp-content\/uploads\/2015\/11\/zotal_sanitas_neozital-1.jpg","contentUrl":"https:\/\/www.zotal.com\/wp-content\/uploads\/2015\/11\/zotal_sanitas_neozital-1.jpg","width":600,"height":600},{"@type":"BreadcrumbList","@id":"https:\/\/www.zotal.com\/en\/products\/disinfectants\/sanitas-neozital\/#breadcrumb","itemListElement":[{"@type":"ListItem","position":1,"name":"Portada","item":"https:\/\/www.zotal.com\/"},{"@type":"ListItem","position":2,"name":"Productos","item":"https:\/\/www.zotal.com\/shop\/"},{"@type":"ListItem","position":3,"name":"SANITAS\u00ae Neozital"}]},{"@type":"WebSite","@id":"https:\/\/www.zotal.com\/en\/#website","url":"https:\/\/www.zotal.com\/en\/","name":"Zotal","description":"","publisher":{"@id":"https:\/\/www.zotal.com\/en\/#organization"},"potentialAction":[{"@type":"SearchAction","target":{"@type":"EntryPoint","urlTemplate":"https:\/\/www.zotal.com\/en\/?s={search_term_string}"},"query-input":{"@type":"PropertyValueSpecification","valueRequired":true,"valueName":"search_term_string"}}],"inLanguage":"en-US"},{"@type":"Organization","@id":"https:\/\/www.zotal.com\/en\/#organization","name":"Zotal Laboratorios","url":"https:\/\/www.zotal.com\/en\/","logo":{"@type":"ImageObject","inLanguage":"en-US","@id":"https:\/\/www.zotal.com\/en\/#\/schema\/logo\/image\/","url":"https:\/\/www.zotal.com\/wp-content\/uploads\/2015\/08\/zotallogotipo.jpg","contentUrl":"https:\/\/www.zotal.com\/wp-content\/uploads\/2015\/08\/zotallogotipo.jpg","width":706,"height":417,"caption":"Zotal Laboratorios"},"image":{"@id":"https:\/\/www.zotal.com\/en\/#\/schema\/logo\/image\/"},"sameAs":["https:\/\/www.facebook.com\/zotallaboratorios","https:\/\/x.com\/zotallabs","https:\/\/es.linkedin.com\/company\/laboratorios-zotal","https:\/\/es.pinterest.com\/zotallabs\/","https:\/\/www.youtube.com\/channel\/UCrNub93hYlNNSerE8khX8JQ"]}]}},"_links":{"self":[{"href":"https:\/\/www.zotal.com\/en\/wp-json\/wp\/v2\/product\/1291","targetHints":{"allow":["GET"]}}],"collection":[{"href":"https:\/\/www.zotal.com\/en\/wp-json\/wp\/v2\/product"}],"about":[{"href":"https:\/\/www.zotal.com\/en\/wp-json\/wp\/v2\/types\/product"}],"replies":[{"embeddable":true,"href":"https:\/\/www.zotal.com\/en\/wp-json\/wp\/v2\/comments?post=1291"}],"wp:featuredmedia":[{"embeddable":true,"href":"https:\/\/www.zotal.com\/en\/wp-json\/wp\/v2\/media\/21978"}],"wp:attachment":[{"href":"https:\/\/www.zotal.com\/en\/wp-json\/wp\/v2\/media?parent=1291"}],"wp:term":[{"taxonomy":"product_brand","embeddable":true,"href":"https:\/\/www.zotal.com\/en\/wp-json\/wp\/v2\/product_brand?post=1291"},{"taxonomy":"product_cat","embeddable":true,"href":"https:\/\/www.zotal.com\/en\/wp-json\/wp\/v2\/product_cat?post=1291"},{"taxonomy":"product_tag","embeddable":true,"href":"https:\/\/www.zotal.com\/en\/wp-json\/wp\/v2\/product_tag?post=1291"}],"curies":[{"name":"wp","href":"https:\/\/api.w.org\/{rel}","templated":true}]}}