{"id":13886,"date":"2019-02-26T15:16:04","date_gmt":"2023-05-18T11:53:09","guid":{"rendered":"https:\/\/www.zotal.com\/?post_type=product&#038;p=13886"},"modified":"2023-06-05T16:57:08","modified_gmt":"2023-06-05T14:57:08","slug":"previo-dairy-acid","status":"publish","type":"product","link":"https:\/\/www.zotal.com\/en\/products\/detergent-sanitizing\/previo-dairy-acid\/","title":{"rendered":"PREVIO\u00ae <br>Dairy Acid"},"content":{"rendered":"<p>Non-foaming liquid with an acidic pH.<\/p>\n<p>Energetic action against scale deposits.<\/p>\n<h2>Uses\/alternatives:<\/h2>\n<p><strong>PREVIO DAIRY Acid<\/strong> is a powerful descaler formulated with inorganic acids and anticorrosive agents. It has a high descaling power for calcium and magnesium salts, as well as organic-mineral precipitates (milkstone).<\/p>\n<p>It is biodegradable and, being non-foaming, it does not cause any issues in circuits with higher turbulence.<\/p>\n<p>It is not corrosive to stainless steel when used according to the provided instructions.<\/p>\n<h2>Dosage:<\/h2>\n<ul>\n<li>For milking equipment and CIP cleaning.<br \/>\nConcentration: 0.5-1%.<br \/>\nTemperature: 50-60\u00b0C.<br \/>\nIt should be used daily or once or twice a week.<\/li>\n<li>For immersion:<br \/>\nConcentration: 2-5%.<br \/>\nTemperature: 40-60\u00b0C<\/li>\n<\/ul>\n<p>Rinse thoroughly after use, avoiding contact of the resulting acidity with food or beverages.<\/p>\n","protected":false},"excerpt":{"rendered":"<p>PREVIO DAIRY ACID es un detergente desincrustante \u00e1cido que se presenta en forma de l\u00edquido no espumante con pH \u00e1cido para usar en industria alimentaria especialmente en instalaciones lecheras y en circuitos de agua para evitar las incrustaciones de calcio y magnesio. <img fetchpriority=\"high\" decoding=\"async\" class=\"alignleft wp-image-8677 size-full\" title=\"formato previo dairy acid\" src=\"https:\/\/www.zotal.com\/wp-content\/uploads\/2019\/02\/formatopreviodairyacid.jpg\" alt=\"formato previo dairy acid\" width=\"296\" height=\"196\" \/><\/p>\n","protected":false},"featured_media":7614,"comment_status":"open","ping_status":"closed","template":"","meta":{"_acf_changed":false,"inline_featured_image":false},"product_brand":[],"product_cat":[185],"product_tag":[],"class_list":{"0":"post-13886","1":"product","2":"type-product","3":"status-publish","4":"has-post-thumbnail","6":"product_cat-detergent-sanitizing","8":"first","9":"instock","10":"shipping-taxable","11":"product-type-simple"},"acf":[],"yoast_head":"<!-- This site is optimized with the Yoast SEO plugin v26.8 - https:\/\/yoast.com\/product\/yoast-seo-wordpress\/ -->\n<title>- PREVIO\u00ae Dairy Acid - Zotal<\/title>\n<meta name=\"description\" content=\"- PREVIO DAIRY ACID es un detergente desincrustante \u00e1cido que se presenta en forma de l\u00edquido no espumante con pH \u00e1cido para usar en industria alimentaria especialmente en instalaciones lecheras y en circuitos de agua para evitar las incrustaciones de calcio y magnesio.\" \/>\n<meta name=\"robots\" content=\"index, follow, max-snippet:-1, max-image-preview:large, max-video-preview:-1\" \/>\n<link rel=\"canonical\" href=\"https:\/\/www.zotal.com\/en\/products\/detergent-sanitizing\/previo-dairy-acid\/\" \/>\n<meta property=\"og:locale\" content=\"en_US\" \/>\n<meta property=\"og:type\" content=\"article\" \/>\n<meta property=\"og:title\" content=\"- PREVIO\u00ae Dairy Acid - Zotal\" \/>\n<meta property=\"og:description\" content=\"- PREVIO DAIRY ACID es un detergente desincrustante \u00e1cido que se presenta en forma de l\u00edquido no espumante con pH \u00e1cido para usar en industria alimentaria especialmente en instalaciones lecheras y en circuitos de agua para evitar las incrustaciones de calcio y magnesio.\" \/>\n<meta property=\"og:url\" content=\"https:\/\/www.zotal.com\/en\/products\/detergent-sanitizing\/previo-dairy-acid\/\" \/>\n<meta property=\"og:site_name\" content=\"Zotal\" \/>\n<meta property=\"article:publisher\" content=\"https:\/\/www.facebook.com\/zotallaboratorios\" \/>\n<meta property=\"article:modified_time\" content=\"2023-06-05T14:57:08+00:00\" \/>\n<meta property=\"og:image\" content=\"https:\/\/www.zotal.com\/wp-content\/uploads\/2019\/02\/previodairyacid-1.jpg\" \/>\n\t<meta property=\"og:image:width\" content=\"1500\" \/>\n\t<meta property=\"og:image:height\" content=\"1500\" \/>\n\t<meta property=\"og:image:type\" content=\"image\/jpeg\" \/>\n<meta name=\"twitter:card\" content=\"summary_large_image\" \/>\n<meta name=\"twitter:site\" content=\"@zotallabs\" \/>\n<meta name=\"twitter:label1\" content=\"Est. reading time\" \/>\n\t<meta name=\"twitter:data1\" content=\"1 minute\" \/>\n<script type=\"application\/ld+json\" class=\"yoast-schema-graph\">{\"@context\":\"https:\/\/schema.org\",\"@graph\":[{\"@type\":\"WebPage\",\"@id\":\"https:\/\/www.zotal.com\/en\/products\/detergent-sanitizing\/previo-dairy-acid\/\",\"url\":\"https:\/\/www.zotal.com\/en\/products\/detergent-sanitizing\/previo-dairy-acid\/\",\"name\":\"- PREVIO\u00ae Dairy Acid - Zotal\",\"isPartOf\":{\"@id\":\"https:\/\/www.zotal.com\/en\/#website\"},\"primaryImageOfPage\":{\"@id\":\"https:\/\/www.zotal.com\/en\/products\/detergent-sanitizing\/previo-dairy-acid\/#primaryimage\"},\"image\":{\"@id\":\"https:\/\/www.zotal.com\/en\/products\/detergent-sanitizing\/previo-dairy-acid\/#primaryimage\"},\"thumbnailUrl\":\"https:\/\/www.zotal.com\/wp-content\/uploads\/2019\/02\/previodairyacid-1.jpg\",\"datePublished\":\"2023-05-18T11:53:09+00:00\",\"dateModified\":\"2023-06-05T14:57:08+00:00\",\"description\":\"- PREVIO DAIRY ACID es un detergente desincrustante \u00e1cido que se presenta en forma de l\u00edquido no espumante con pH \u00e1cido para usar en industria alimentaria especialmente en instalaciones lecheras y en circuitos de agua para evitar las incrustaciones de calcio y magnesio.\",\"breadcrumb\":{\"@id\":\"https:\/\/www.zotal.com\/en\/products\/detergent-sanitizing\/previo-dairy-acid\/#breadcrumb\"},\"inLanguage\":\"en-US\",\"potentialAction\":[{\"@type\":\"ReadAction\",\"target\":[\"https:\/\/www.zotal.com\/en\/products\/detergent-sanitizing\/previo-dairy-acid\/\"]}]},{\"@type\":\"ImageObject\",\"inLanguage\":\"en-US\",\"@id\":\"https:\/\/www.zotal.com\/en\/products\/detergent-sanitizing\/previo-dairy-acid\/#primaryimage\",\"url\":\"https:\/\/www.zotal.com\/wp-content\/uploads\/2019\/02\/previodairyacid-1.jpg\",\"contentUrl\":\"https:\/\/www.zotal.com\/wp-content\/uploads\/2019\/02\/previodairyacid-1.jpg\",\"width\":1500,\"height\":1500,\"caption\":\"previo dairy acid\"},{\"@type\":\"BreadcrumbList\",\"@id\":\"https:\/\/www.zotal.com\/en\/products\/detergent-sanitizing\/previo-dairy-acid\/#breadcrumb\",\"itemListElement\":[{\"@type\":\"ListItem\",\"position\":1,\"name\":\"Portada\",\"item\":\"https:\/\/www.zotal.com\/\"},{\"@type\":\"ListItem\",\"position\":2,\"name\":\"Productos\",\"item\":\"https:\/\/www.zotal.com\/shop\/\"},{\"@type\":\"ListItem\",\"position\":3,\"name\":\"PREVIO\u00ae Dairy Acid\"}]},{\"@type\":\"WebSite\",\"@id\":\"https:\/\/www.zotal.com\/en\/#website\",\"url\":\"https:\/\/www.zotal.com\/en\/\",\"name\":\"Zotal\",\"description\":\"\",\"publisher\":{\"@id\":\"https:\/\/www.zotal.com\/en\/#organization\"},\"potentialAction\":[{\"@type\":\"SearchAction\",\"target\":{\"@type\":\"EntryPoint\",\"urlTemplate\":\"https:\/\/www.zotal.com\/en\/?s={search_term_string}\"},\"query-input\":{\"@type\":\"PropertyValueSpecification\",\"valueRequired\":true,\"valueName\":\"search_term_string\"}}],\"inLanguage\":\"en-US\"},{\"@type\":\"Organization\",\"@id\":\"https:\/\/www.zotal.com\/en\/#organization\",\"name\":\"Zotal Laboratorios\",\"url\":\"https:\/\/www.zotal.com\/en\/\",\"logo\":{\"@type\":\"ImageObject\",\"inLanguage\":\"en-US\",\"@id\":\"https:\/\/www.zotal.com\/en\/#\/schema\/logo\/image\/\",\"url\":\"https:\/\/www.zotal.com\/wp-content\/uploads\/2015\/08\/zotallogotipo.jpg\",\"contentUrl\":\"https:\/\/www.zotal.com\/wp-content\/uploads\/2015\/08\/zotallogotipo.jpg\",\"width\":706,\"height\":417,\"caption\":\"Zotal Laboratorios\"},\"image\":{\"@id\":\"https:\/\/www.zotal.com\/en\/#\/schema\/logo\/image\/\"},\"sameAs\":[\"https:\/\/www.facebook.com\/zotallaboratorios\",\"https:\/\/x.com\/zotallabs\",\"https:\/\/es.linkedin.com\/company\/laboratorios-zotal\",\"https:\/\/es.pinterest.com\/zotallabs\/\",\"https:\/\/www.youtube.com\/channel\/UCrNub93hYlNNSerE8khX8JQ\"]}]}<\/script>\n<!-- \/ Yoast SEO plugin. -->","yoast_head_json":{"title":"- PREVIO\u00ae Dairy Acid - Zotal","description":"- PREVIO DAIRY ACID es un detergente desincrustante \u00e1cido que se presenta en forma de l\u00edquido no espumante con pH \u00e1cido para usar en industria alimentaria especialmente en instalaciones lecheras y en circuitos de agua para evitar las incrustaciones de calcio y magnesio.","robots":{"index":"index","follow":"follow","max-snippet":"max-snippet:-1","max-image-preview":"max-image-preview:large","max-video-preview":"max-video-preview:-1"},"canonical":"https:\/\/www.zotal.com\/en\/products\/detergent-sanitizing\/previo-dairy-acid\/","og_locale":"en_US","og_type":"article","og_title":"- PREVIO\u00ae Dairy Acid - Zotal","og_description":"- PREVIO DAIRY ACID es un detergente desincrustante \u00e1cido que se presenta en forma de l\u00edquido no espumante con pH \u00e1cido para usar en industria alimentaria especialmente en instalaciones lecheras y en circuitos de agua para evitar las incrustaciones de calcio y magnesio.","og_url":"https:\/\/www.zotal.com\/en\/products\/detergent-sanitizing\/previo-dairy-acid\/","og_site_name":"Zotal","article_publisher":"https:\/\/www.facebook.com\/zotallaboratorios","article_modified_time":"2023-06-05T14:57:08+00:00","og_image":[{"width":1500,"height":1500,"url":"https:\/\/www.zotal.com\/wp-content\/uploads\/2019\/02\/previodairyacid-1.jpg","type":"image\/jpeg"}],"twitter_card":"summary_large_image","twitter_site":"@zotallabs","twitter_misc":{"Est. reading time":"1 minute"},"schema":{"@context":"https:\/\/schema.org","@graph":[{"@type":"WebPage","@id":"https:\/\/www.zotal.com\/en\/products\/detergent-sanitizing\/previo-dairy-acid\/","url":"https:\/\/www.zotal.com\/en\/products\/detergent-sanitizing\/previo-dairy-acid\/","name":"- PREVIO\u00ae Dairy Acid - Zotal","isPartOf":{"@id":"https:\/\/www.zotal.com\/en\/#website"},"primaryImageOfPage":{"@id":"https:\/\/www.zotal.com\/en\/products\/detergent-sanitizing\/previo-dairy-acid\/#primaryimage"},"image":{"@id":"https:\/\/www.zotal.com\/en\/products\/detergent-sanitizing\/previo-dairy-acid\/#primaryimage"},"thumbnailUrl":"https:\/\/www.zotal.com\/wp-content\/uploads\/2019\/02\/previodairyacid-1.jpg","datePublished":"2023-05-18T11:53:09+00:00","dateModified":"2023-06-05T14:57:08+00:00","description":"- PREVIO DAIRY ACID es un detergente desincrustante \u00e1cido que se presenta en forma de l\u00edquido no espumante con pH \u00e1cido para usar en industria alimentaria especialmente en instalaciones lecheras y en circuitos de agua para evitar las incrustaciones de calcio y magnesio.","breadcrumb":{"@id":"https:\/\/www.zotal.com\/en\/products\/detergent-sanitizing\/previo-dairy-acid\/#breadcrumb"},"inLanguage":"en-US","potentialAction":[{"@type":"ReadAction","target":["https:\/\/www.zotal.com\/en\/products\/detergent-sanitizing\/previo-dairy-acid\/"]}]},{"@type":"ImageObject","inLanguage":"en-US","@id":"https:\/\/www.zotal.com\/en\/products\/detergent-sanitizing\/previo-dairy-acid\/#primaryimage","url":"https:\/\/www.zotal.com\/wp-content\/uploads\/2019\/02\/previodairyacid-1.jpg","contentUrl":"https:\/\/www.zotal.com\/wp-content\/uploads\/2019\/02\/previodairyacid-1.jpg","width":1500,"height":1500,"caption":"previo dairy acid"},{"@type":"BreadcrumbList","@id":"https:\/\/www.zotal.com\/en\/products\/detergent-sanitizing\/previo-dairy-acid\/#breadcrumb","itemListElement":[{"@type":"ListItem","position":1,"name":"Portada","item":"https:\/\/www.zotal.com\/"},{"@type":"ListItem","position":2,"name":"Productos","item":"https:\/\/www.zotal.com\/shop\/"},{"@type":"ListItem","position":3,"name":"PREVIO\u00ae Dairy Acid"}]},{"@type":"WebSite","@id":"https:\/\/www.zotal.com\/en\/#website","url":"https:\/\/www.zotal.com\/en\/","name":"Zotal","description":"","publisher":{"@id":"https:\/\/www.zotal.com\/en\/#organization"},"potentialAction":[{"@type":"SearchAction","target":{"@type":"EntryPoint","urlTemplate":"https:\/\/www.zotal.com\/en\/?s={search_term_string}"},"query-input":{"@type":"PropertyValueSpecification","valueRequired":true,"valueName":"search_term_string"}}],"inLanguage":"en-US"},{"@type":"Organization","@id":"https:\/\/www.zotal.com\/en\/#organization","name":"Zotal Laboratorios","url":"https:\/\/www.zotal.com\/en\/","logo":{"@type":"ImageObject","inLanguage":"en-US","@id":"https:\/\/www.zotal.com\/en\/#\/schema\/logo\/image\/","url":"https:\/\/www.zotal.com\/wp-content\/uploads\/2015\/08\/zotallogotipo.jpg","contentUrl":"https:\/\/www.zotal.com\/wp-content\/uploads\/2015\/08\/zotallogotipo.jpg","width":706,"height":417,"caption":"Zotal Laboratorios"},"image":{"@id":"https:\/\/www.zotal.com\/en\/#\/schema\/logo\/image\/"},"sameAs":["https:\/\/www.facebook.com\/zotallaboratorios","https:\/\/x.com\/zotallabs","https:\/\/es.linkedin.com\/company\/laboratorios-zotal","https:\/\/es.pinterest.com\/zotallabs\/","https:\/\/www.youtube.com\/channel\/UCrNub93hYlNNSerE8khX8JQ"]}]}},"_links":{"self":[{"href":"https:\/\/www.zotal.com\/en\/wp-json\/wp\/v2\/product\/13886","targetHints":{"allow":["GET"]}}],"collection":[{"href":"https:\/\/www.zotal.com\/en\/wp-json\/wp\/v2\/product"}],"about":[{"href":"https:\/\/www.zotal.com\/en\/wp-json\/wp\/v2\/types\/product"}],"replies":[{"embeddable":true,"href":"https:\/\/www.zotal.com\/en\/wp-json\/wp\/v2\/comments?post=13886"}],"wp:featuredmedia":[{"embeddable":true,"href":"https:\/\/www.zotal.com\/en\/wp-json\/wp\/v2\/media\/7614"}],"wp:attachment":[{"href":"https:\/\/www.zotal.com\/en\/wp-json\/wp\/v2\/media?parent=13886"}],"wp:term":[{"taxonomy":"product_brand","embeddable":true,"href":"https:\/\/www.zotal.com\/en\/wp-json\/wp\/v2\/product_brand?post=13886"},{"taxonomy":"product_cat","embeddable":true,"href":"https:\/\/www.zotal.com\/en\/wp-json\/wp\/v2\/product_cat?post=13886"},{"taxonomy":"product_tag","embeddable":true,"href":"https:\/\/www.zotal.com\/en\/wp-json\/wp\/v2\/product_tag?post=13886"}],"curies":[{"name":"wp","href":"https:\/\/api.w.org\/{rel}","templated":true}]}}