{"id":13897,"date":"2019-04-16T09:52:46","date_gmt":"2023-05-18T13:56:12","guid":{"rendered":"https:\/\/www.zotal.com\/?post_type=product&#038;p=13897"},"modified":"2023-10-26T11:48:06","modified_gmt":"2023-10-26T09:48:06","slug":"previo-tabs","status":"publish","type":"product","link":"https:\/\/www.zotal.com\/en\/products\/detergent-sanitizing\/previo-tabs\/","title":{"rendered":"PREVIO\u00ae <br>TABS"},"content":{"rendered":"<p><strong>Previo Tabs<\/strong> is a slow-dissolving, easy-to-apply chlorine disinfectant designed for water treatment for animal consumption. Disinfecting the water ensures high-quality livestock production from a sanitary perspective. Chlorination of tanks and wells is one of the fundamental pillars of a proper biosecurity protocol in livestock farming.<\/p>\n<p>Its component, trichloroisocyanuric acid, typically contains a useful chlorine content of around 90%. Therefore, it is a very high concentration that dissolves slowly, which is why it is referred to as a slow-action disinfectant, ideal for regular maintenance of water to keep it in suitable conditions for consumption.<\/p>\n<p>Trichloroisocyanuric acid has advantages over liquid chlorine or hypochlorite, as it lasts longer due to being stabilized chlorine. It is even more effective and easier to control than other chlorine sources in shock treatments. While other sources may be more economical, they evaporate chlorine content faster, produce more unpleasant odors, and require larger treatments (logical since hypochlorite yields 15% free chlorine compared to the 90% of trichloro).<\/p>\n<p>Similarly, trichloroisocyanuric acid is less dependent on pH for proper release, whereas hypochlorite releases chlorine very abruptly at neutral pH or weak acidity.<\/p>\n<h2>Dosage<\/h2>\n<p>Recommended dosage: 1 tablet of 200 grams of <strong>Previo Tabs<\/strong> per 40 m3 of water, every 20 days as a general dose. However, high temperatures, presence of organic matter, or water hardness may influence the treatment, requiring an increase in dosage if necessary. The goal is to achieve a residual chlorine level between 0.5-1 ppm at the end of the line.<\/p>\n","protected":false},"excerpt":{"rendered":"<p><strong>Previo Tabs<\/strong> es un desinfectante clorado de disoluci\u00f3n lenta y f\u00e1cil aplicaci\u00f3n, destinado a la potabilizaci\u00f3n de agua para consumo animal. La desinfecci\u00f3n del agua garantiza unas producciones ganaderas de calidad desde un punto de vista sanitario. La cloraci\u00f3n de dep\u00f3sitos y pozos en uno de los pilares fundamentales en un correcto protocolo de bioseguridad en ganader\u00eda. <img fetchpriority=\"high\" decoding=\"async\" class=\"alignleft size-full wp-image-7603\" src=\"https:\/\/www.zotal.com\/wp-content\/uploads\/2019\/04\/previotabs.jpg\" alt=\"previo tabs\" width=\"296\" height=\"196\" \/><\/p>\n","protected":false},"featured_media":7606,"comment_status":"open","ping_status":"closed","template":"","meta":{"_acf_changed":false,"inline_featured_image":false},"product_brand":[],"product_cat":[185],"product_tag":[],"class_list":{"0":"post-13897","1":"product","2":"type-product","3":"status-publish","4":"has-post-thumbnail","6":"product_cat-detergent-sanitizing","8":"first","9":"instock","10":"shipping-taxable","11":"product-type-simple"},"acf":[],"yoast_head":"<!-- This site is optimized with the Yoast SEO plugin v26.8 - https:\/\/yoast.com\/product\/yoast-seo-wordpress\/ -->\n<title>- PREVIO\u00ae TABS - Zotal<\/title>\n<meta name=\"description\" content=\"- Previo Tabs es un desinfectante clorado de disoluci\u00f3n lenta y f\u00e1cil aplicaci\u00f3n, destinado a la potabilizaci\u00f3n de agua para consumo animal. La desinfecci\u00f3n del agua garantiza unas producciones ganaderas de calidad desde un punto de vista sanitario. La cloraci\u00f3n de dep\u00f3sitos y pozos en uno de los pilares fundamentales en un correcto protocolo de bioseguridad en ganader\u00eda.\" \/>\n<meta name=\"robots\" content=\"index, follow, max-snippet:-1, max-image-preview:large, max-video-preview:-1\" \/>\n<link rel=\"canonical\" href=\"https:\/\/www.zotal.com\/en\/products\/detergent-sanitizing\/previo-tabs\/\" \/>\n<meta property=\"og:locale\" content=\"en_US\" \/>\n<meta property=\"og:type\" content=\"article\" \/>\n<meta property=\"og:title\" content=\"- PREVIO\u00ae TABS - Zotal\" \/>\n<meta property=\"og:description\" content=\"- Previo Tabs es un desinfectante clorado de disoluci\u00f3n lenta y f\u00e1cil aplicaci\u00f3n, destinado a la potabilizaci\u00f3n de agua para consumo animal. La desinfecci\u00f3n del agua garantiza unas producciones ganaderas de calidad desde un punto de vista sanitario. La cloraci\u00f3n de dep\u00f3sitos y pozos en uno de los pilares fundamentales en un correcto protocolo de bioseguridad en ganader\u00eda.\" \/>\n<meta property=\"og:url\" content=\"https:\/\/www.zotal.com\/en\/products\/detergent-sanitizing\/previo-tabs\/\" \/>\n<meta property=\"og:site_name\" content=\"Zotal\" \/>\n<meta property=\"article:publisher\" content=\"https:\/\/www.facebook.com\/zotallaboratorios\" \/>\n<meta property=\"article:modified_time\" content=\"2023-10-26T09:48:06+00:00\" \/>\n<meta property=\"og:image\" content=\"https:\/\/www.zotal.com\/wp-content\/uploads\/2019\/04\/previotabscubo.jpg\" \/>\n\t<meta property=\"og:image:width\" content=\"1500\" \/>\n\t<meta property=\"og:image:height\" content=\"1500\" \/>\n\t<meta property=\"og:image:type\" content=\"image\/jpeg\" \/>\n<meta name=\"twitter:card\" content=\"summary_large_image\" \/>\n<meta name=\"twitter:site\" content=\"@zotallabs\" \/>\n<meta name=\"twitter:label1\" content=\"Est. reading time\" \/>\n\t<meta name=\"twitter:data1\" content=\"2 minutes\" \/>\n<script type=\"application\/ld+json\" class=\"yoast-schema-graph\">{\"@context\":\"https:\/\/schema.org\",\"@graph\":[{\"@type\":\"WebPage\",\"@id\":\"https:\/\/www.zotal.com\/en\/products\/detergent-sanitizing\/previo-tabs\/\",\"url\":\"https:\/\/www.zotal.com\/en\/products\/detergent-sanitizing\/previo-tabs\/\",\"name\":\"- PREVIO\u00ae TABS - Zotal\",\"isPartOf\":{\"@id\":\"https:\/\/www.zotal.com\/en\/#website\"},\"primaryImageOfPage\":{\"@id\":\"https:\/\/www.zotal.com\/en\/products\/detergent-sanitizing\/previo-tabs\/#primaryimage\"},\"image\":{\"@id\":\"https:\/\/www.zotal.com\/en\/products\/detergent-sanitizing\/previo-tabs\/#primaryimage\"},\"thumbnailUrl\":\"https:\/\/www.zotal.com\/wp-content\/uploads\/2019\/04\/previotabscubo.jpg\",\"datePublished\":\"2023-05-18T13:56:12+00:00\",\"dateModified\":\"2023-10-26T09:48:06+00:00\",\"description\":\"- Previo Tabs es un desinfectante clorado de disoluci\u00f3n lenta y f\u00e1cil aplicaci\u00f3n, destinado a la potabilizaci\u00f3n de agua para consumo animal. La desinfecci\u00f3n del agua garantiza unas producciones ganaderas de calidad desde un punto de vista sanitario. La cloraci\u00f3n de dep\u00f3sitos y pozos en uno de los pilares fundamentales en un correcto protocolo de bioseguridad en ganader\u00eda.\",\"breadcrumb\":{\"@id\":\"https:\/\/www.zotal.com\/en\/products\/detergent-sanitizing\/previo-tabs\/#breadcrumb\"},\"inLanguage\":\"en-US\",\"potentialAction\":[{\"@type\":\"ReadAction\",\"target\":[\"https:\/\/www.zotal.com\/en\/products\/detergent-sanitizing\/previo-tabs\/\"]}]},{\"@type\":\"ImageObject\",\"inLanguage\":\"en-US\",\"@id\":\"https:\/\/www.zotal.com\/en\/products\/detergent-sanitizing\/previo-tabs\/#primaryimage\",\"url\":\"https:\/\/www.zotal.com\/wp-content\/uploads\/2019\/04\/previotabscubo.jpg\",\"contentUrl\":\"https:\/\/www.zotal.com\/wp-content\/uploads\/2019\/04\/previotabscubo.jpg\",\"width\":1500,\"height\":1500},{\"@type\":\"BreadcrumbList\",\"@id\":\"https:\/\/www.zotal.com\/en\/products\/detergent-sanitizing\/previo-tabs\/#breadcrumb\",\"itemListElement\":[{\"@type\":\"ListItem\",\"position\":1,\"name\":\"Portada\",\"item\":\"https:\/\/www.zotal.com\/\"},{\"@type\":\"ListItem\",\"position\":2,\"name\":\"Productos\",\"item\":\"https:\/\/www.zotal.com\/shop\/\"},{\"@type\":\"ListItem\",\"position\":3,\"name\":\"PREVIO\u00ae TABS\"}]},{\"@type\":\"WebSite\",\"@id\":\"https:\/\/www.zotal.com\/en\/#website\",\"url\":\"https:\/\/www.zotal.com\/en\/\",\"name\":\"Zotal\",\"description\":\"\",\"publisher\":{\"@id\":\"https:\/\/www.zotal.com\/en\/#organization\"},\"potentialAction\":[{\"@type\":\"SearchAction\",\"target\":{\"@type\":\"EntryPoint\",\"urlTemplate\":\"https:\/\/www.zotal.com\/en\/?s={search_term_string}\"},\"query-input\":{\"@type\":\"PropertyValueSpecification\",\"valueRequired\":true,\"valueName\":\"search_term_string\"}}],\"inLanguage\":\"en-US\"},{\"@type\":\"Organization\",\"@id\":\"https:\/\/www.zotal.com\/en\/#organization\",\"name\":\"Zotal Laboratorios\",\"url\":\"https:\/\/www.zotal.com\/en\/\",\"logo\":{\"@type\":\"ImageObject\",\"inLanguage\":\"en-US\",\"@id\":\"https:\/\/www.zotal.com\/en\/#\/schema\/logo\/image\/\",\"url\":\"https:\/\/www.zotal.com\/wp-content\/uploads\/2015\/08\/zotallogotipo.jpg\",\"contentUrl\":\"https:\/\/www.zotal.com\/wp-content\/uploads\/2015\/08\/zotallogotipo.jpg\",\"width\":706,\"height\":417,\"caption\":\"Zotal Laboratorios\"},\"image\":{\"@id\":\"https:\/\/www.zotal.com\/en\/#\/schema\/logo\/image\/\"},\"sameAs\":[\"https:\/\/www.facebook.com\/zotallaboratorios\",\"https:\/\/x.com\/zotallabs\",\"https:\/\/es.linkedin.com\/company\/laboratorios-zotal\",\"https:\/\/es.pinterest.com\/zotallabs\/\",\"https:\/\/www.youtube.com\/channel\/UCrNub93hYlNNSerE8khX8JQ\"]}]}<\/script>\n<!-- \/ Yoast SEO plugin. -->","yoast_head_json":{"title":"- PREVIO\u00ae TABS - Zotal","description":"- Previo Tabs es un desinfectante clorado de disoluci\u00f3n lenta y f\u00e1cil aplicaci\u00f3n, destinado a la potabilizaci\u00f3n de agua para consumo animal. La desinfecci\u00f3n del agua garantiza unas producciones ganaderas de calidad desde un punto de vista sanitario. La cloraci\u00f3n de dep\u00f3sitos y pozos en uno de los pilares fundamentales en un correcto protocolo de bioseguridad en ganader\u00eda.","robots":{"index":"index","follow":"follow","max-snippet":"max-snippet:-1","max-image-preview":"max-image-preview:large","max-video-preview":"max-video-preview:-1"},"canonical":"https:\/\/www.zotal.com\/en\/products\/detergent-sanitizing\/previo-tabs\/","og_locale":"en_US","og_type":"article","og_title":"- PREVIO\u00ae TABS - Zotal","og_description":"- Previo Tabs es un desinfectante clorado de disoluci\u00f3n lenta y f\u00e1cil aplicaci\u00f3n, destinado a la potabilizaci\u00f3n de agua para consumo animal. La desinfecci\u00f3n del agua garantiza unas producciones ganaderas de calidad desde un punto de vista sanitario. La cloraci\u00f3n de dep\u00f3sitos y pozos en uno de los pilares fundamentales en un correcto protocolo de bioseguridad en ganader\u00eda.","og_url":"https:\/\/www.zotal.com\/en\/products\/detergent-sanitizing\/previo-tabs\/","og_site_name":"Zotal","article_publisher":"https:\/\/www.facebook.com\/zotallaboratorios","article_modified_time":"2023-10-26T09:48:06+00:00","og_image":[{"width":1500,"height":1500,"url":"https:\/\/www.zotal.com\/wp-content\/uploads\/2019\/04\/previotabscubo.jpg","type":"image\/jpeg"}],"twitter_card":"summary_large_image","twitter_site":"@zotallabs","twitter_misc":{"Est. reading time":"2 minutes"},"schema":{"@context":"https:\/\/schema.org","@graph":[{"@type":"WebPage","@id":"https:\/\/www.zotal.com\/en\/products\/detergent-sanitizing\/previo-tabs\/","url":"https:\/\/www.zotal.com\/en\/products\/detergent-sanitizing\/previo-tabs\/","name":"- PREVIO\u00ae TABS - Zotal","isPartOf":{"@id":"https:\/\/www.zotal.com\/en\/#website"},"primaryImageOfPage":{"@id":"https:\/\/www.zotal.com\/en\/products\/detergent-sanitizing\/previo-tabs\/#primaryimage"},"image":{"@id":"https:\/\/www.zotal.com\/en\/products\/detergent-sanitizing\/previo-tabs\/#primaryimage"},"thumbnailUrl":"https:\/\/www.zotal.com\/wp-content\/uploads\/2019\/04\/previotabscubo.jpg","datePublished":"2023-05-18T13:56:12+00:00","dateModified":"2023-10-26T09:48:06+00:00","description":"- Previo Tabs es un desinfectante clorado de disoluci\u00f3n lenta y f\u00e1cil aplicaci\u00f3n, destinado a la potabilizaci\u00f3n de agua para consumo animal. La desinfecci\u00f3n del agua garantiza unas producciones ganaderas de calidad desde un punto de vista sanitario. La cloraci\u00f3n de dep\u00f3sitos y pozos en uno de los pilares fundamentales en un correcto protocolo de bioseguridad en ganader\u00eda.","breadcrumb":{"@id":"https:\/\/www.zotal.com\/en\/products\/detergent-sanitizing\/previo-tabs\/#breadcrumb"},"inLanguage":"en-US","potentialAction":[{"@type":"ReadAction","target":["https:\/\/www.zotal.com\/en\/products\/detergent-sanitizing\/previo-tabs\/"]}]},{"@type":"ImageObject","inLanguage":"en-US","@id":"https:\/\/www.zotal.com\/en\/products\/detergent-sanitizing\/previo-tabs\/#primaryimage","url":"https:\/\/www.zotal.com\/wp-content\/uploads\/2019\/04\/previotabscubo.jpg","contentUrl":"https:\/\/www.zotal.com\/wp-content\/uploads\/2019\/04\/previotabscubo.jpg","width":1500,"height":1500},{"@type":"BreadcrumbList","@id":"https:\/\/www.zotal.com\/en\/products\/detergent-sanitizing\/previo-tabs\/#breadcrumb","itemListElement":[{"@type":"ListItem","position":1,"name":"Portada","item":"https:\/\/www.zotal.com\/"},{"@type":"ListItem","position":2,"name":"Productos","item":"https:\/\/www.zotal.com\/shop\/"},{"@type":"ListItem","position":3,"name":"PREVIO\u00ae TABS"}]},{"@type":"WebSite","@id":"https:\/\/www.zotal.com\/en\/#website","url":"https:\/\/www.zotal.com\/en\/","name":"Zotal","description":"","publisher":{"@id":"https:\/\/www.zotal.com\/en\/#organization"},"potentialAction":[{"@type":"SearchAction","target":{"@type":"EntryPoint","urlTemplate":"https:\/\/www.zotal.com\/en\/?s={search_term_string}"},"query-input":{"@type":"PropertyValueSpecification","valueRequired":true,"valueName":"search_term_string"}}],"inLanguage":"en-US"},{"@type":"Organization","@id":"https:\/\/www.zotal.com\/en\/#organization","name":"Zotal Laboratorios","url":"https:\/\/www.zotal.com\/en\/","logo":{"@type":"ImageObject","inLanguage":"en-US","@id":"https:\/\/www.zotal.com\/en\/#\/schema\/logo\/image\/","url":"https:\/\/www.zotal.com\/wp-content\/uploads\/2015\/08\/zotallogotipo.jpg","contentUrl":"https:\/\/www.zotal.com\/wp-content\/uploads\/2015\/08\/zotallogotipo.jpg","width":706,"height":417,"caption":"Zotal Laboratorios"},"image":{"@id":"https:\/\/www.zotal.com\/en\/#\/schema\/logo\/image\/"},"sameAs":["https:\/\/www.facebook.com\/zotallaboratorios","https:\/\/x.com\/zotallabs","https:\/\/es.linkedin.com\/company\/laboratorios-zotal","https:\/\/es.pinterest.com\/zotallabs\/","https:\/\/www.youtube.com\/channel\/UCrNub93hYlNNSerE8khX8JQ"]}]}},"_links":{"self":[{"href":"https:\/\/www.zotal.com\/en\/wp-json\/wp\/v2\/product\/13897","targetHints":{"allow":["GET"]}}],"collection":[{"href":"https:\/\/www.zotal.com\/en\/wp-json\/wp\/v2\/product"}],"about":[{"href":"https:\/\/www.zotal.com\/en\/wp-json\/wp\/v2\/types\/product"}],"replies":[{"embeddable":true,"href":"https:\/\/www.zotal.com\/en\/wp-json\/wp\/v2\/comments?post=13897"}],"wp:featuredmedia":[{"embeddable":true,"href":"https:\/\/www.zotal.com\/en\/wp-json\/wp\/v2\/media\/7606"}],"wp:attachment":[{"href":"https:\/\/www.zotal.com\/en\/wp-json\/wp\/v2\/media?parent=13897"}],"wp:term":[{"taxonomy":"product_brand","embeddable":true,"href":"https:\/\/www.zotal.com\/en\/wp-json\/wp\/v2\/product_brand?post=13897"},{"taxonomy":"product_cat","embeddable":true,"href":"https:\/\/www.zotal.com\/en\/wp-json\/wp\/v2\/product_cat?post=13897"},{"taxonomy":"product_tag","embeddable":true,"href":"https:\/\/www.zotal.com\/en\/wp-json\/wp\/v2\/product_tag?post=13897"}],"curies":[{"name":"wp","href":"https:\/\/api.w.org\/{rel}","templated":true}]}}