{"id":13918,"date":"2019-11-13T12:12:11","date_gmt":"2019-11-13T11:12:11","guid":{"rendered":"https:\/\/www.zotal.com\/products\/uncategorized\/lifronil-pipetas-gatos\/"},"modified":"2023-06-07T18:38:08","modified_gmt":"2023-06-07T16:38:08","slug":"lifronil-pipettes-cats","status":"publish","type":"product","link":"https:\/\/www.zotal.com\/en\/products\/pets\/lifronil-pipettes-cats\/","title":{"rendered":"LIFRONIL\u00ae<br>Pipettes Cats"},"content":{"rendered":"<p><strong>Lifronil 50mg<\/strong> soluci\u00f3n spot-on para gatos.<\/p>\n<h2>Indicaciones<\/h2>\n<p>Tratamiento de las infestaciones por pulgas (Ctenocephalides spp.).<\/p>\n<p>El medicamento veterinario presenta una eficacia insecticida persistente durante 5 semanas frente a pulgas (Ctenocephalides spp.).<\/p>\n<p>El medicamento veterinario no ha demostrado un efecto acaricida inmediato frente a garrapatas, pero presenta una eficacia acaricida persistente de hasta 2 semanas frente a Ixodes ricinus y de 1 semana frente a Dermacentor reticulatus y Rhipicephalus sanguineus. Si cuando se aplica el medicamento, el animal ya presenta garrapatas de estas especies es posible que no se eliminen todas en las primeras 48 horas, pero morir\u00e1n en el plazo de una semana.<\/p>\n<p>El medicamento veterinario puede usarse como parte de la estrategia de tratamiento para el control de la dermatitis al\u00e9rgica por pulgas (DAP), siempre que haya sido diagnosticada previamente por un veterinario.<\/p>\n<h2>Contraindicaciones<\/h2>\n<p>A falta de datos disponibles, el medicamento veterinario no debe utilizarse en cachorros de gato menores de 2 meses de edad y\/o que pesen menos de 1 kg.<\/p>\n<p>No utilizar en animales enfermos (enfermedades sist\u00e9micas, fiebre\u2026) o convalecientes.<\/p>\n<p>No utilizar en conejos ya que pueden producirse reacciones adversas al medicamento e incluso la muerte.<\/p>\n<p>No usar en caso de hipersensibilidad a la sustancia activa o a alg\u00fan excipiente.<\/p>\n<h2>Advertencias especiales para cada especie de destino<\/h2>\n<p>Las pulgas de los animales dom\u00e9sticos suelen infestar la cesta, la cama y sus zonas de descanso habituales, como las alfombras y el mobiliario tapizado. Por lo tanto, en caso de infestaci\u00f3n masiva y al inicio de las medidas de control, estas zonas deben ser tratadas con un insecticida autorizado y aspirarse con regularidad.<\/p>\n<p>El medicamento veterinario no evita que las garrapatas se fijen a los animales. Si el animal ha recibido el tratamiento antes de la exposici\u00f3n a las garrapatas, estas se eliminar\u00e1n en las primeras 24 a 48 horas despu\u00e9s de haberse fijado. Esto ocurre por lo general antes de la ingurgitaci\u00f3n, lo cual minimiza, pero no excluye el riesgo de trasmisi\u00f3n de enfermedades. Una vez muertas, las garrapatas suelen desprenderse del animal, pero si alguna permanece, puede eliminarse tirando ligeramente de ella.<\/p>\n<p>Es preciso evitar la inmersi\u00f3n del animal en el agua, el ba\u00f1o o el uso de champ\u00fa de forma frecuente ya que no se dispone de pruebas sobre el mantenimiento de la eficacia del medicamento en estos casos.<\/p>\n<p>Para un control \u00f3ptimo de los problemas de pulgas en casas con varios animales dom\u00e9sticos, todos los perros y gatos de la casa deben ser tratados con un insecticida autorizado.<\/p>\n<p>Cuando se usa como parte de una estrategia para el tratamiento de la Dermatitis Al\u00e9rgica por Pulgas se recomiendan aplicaciones mensuales al animal al\u00e9rgico y a los dem\u00e1s perros y gatos de la casa.<\/p>\n<h2>Precauciones especiales de uso<\/h2>\n<h3>Precauciones especiales para su uso en animales<\/h3>\n<p>Evitar el contacto con los ojos del animal. En caso de contacto accidental, lavarlos de inmediato y a fondo con abundante agua.<\/p>\n<p>No aplicar el medicamento sobre heridas ni sobre la piel da\u00f1ada.<\/p>\n<p>Es importante asegurarse de que el medicamento veterinario se aplica en una zona en la que el animal no pueda lamerse y que los animales no se laman unos a otros durante el tratamiento.<\/p>\n<h3>Precauciones espec\u00edficas que debe tomar la persona que administre el medicamento a los animales<\/h3>\n<p>Este medicamento veterinario puede causar irritaci\u00f3n ocular y de las mucosas. Por lo tanto, debe evitarse que entre en contacto con la boca o los ojos.<\/p>\n<p>En caso de contacto accidental con los ojos, lavarlos de inmediato y a fondo con abundante agua. Si la irritaci\u00f3n ocular persiste consultar con un m\u00e9dico y mostrarle el prospecto o la etiqueta.<\/p>\n<p>No fumar, beber ni comer durante la aplicaci\u00f3n del medicamento.<\/p>\n<p>Evitar que el medicamento entre en contacto con la piel. Si esto ocurriera, lavarse las manos con agua y jab\u00f3n. Lavarse siempre las manos despu\u00e9s del manipular el medicamento.<\/p>\n<p>Los animales o las personas que manipulen el medicamento y que presenten hipersensibilidad conocida al fipronilo o a cualquiera de los excipientes (v\u00e9ase la secci\u00f3n 6.1) deben evitar todo contacto con el medicamento veterinario.<\/p>\n<p>No se deben tocar los animales tratados hasta que el punto de aplicaci\u00f3n del medicamento est\u00e9 seco y, hasta ese momento, debe mantenerse a los ni\u00f1os alejados de los animales tratados. Por lo tanto, se recomienda no tratar a los animales durante el d\u00eda y aplicar el medicamento con preferencia al atardecer. Asimismo, debe evitarse que los animales reci\u00e9n tratados duerman con sus propietarios, en particular, con los ni\u00f1os.<\/p>\n<h3>Otras precauciones:<\/h3>\n<p>Este medicamento veterinario contiene alcohol como veh\u00edculo que puede causar efectos adversos en superficies pintadas, barnizadas o dem\u00e1s superficies y mobiliario de la casa.<\/p>\n<p>Este medicamento es inflamable. Mantener el medicamento alejado de fuentes de calor, chispas, fuego o de cualquier otra fuente de ignici\u00f3n.<\/p>\n<h2>Reacciones adversas<\/h2>\n<p>La frecuencia de las reacciones adversas se debe clasificar conforme a los siguientes grupos:<\/p>\n<ul>\n<li>Muy frecuentemente (m\u00e1s de 1 animal por cada 10 presenta reacciones adversas)<\/li>\n<li>Frecuentemente (m\u00e1s de 1 pero menos de 10 animales por cada 100 animales tratados)<\/li>\n<li>Infrecuentemente (m\u00e1s de 1 pero menos de 10 animales por cada 1.000 animales tratados)<\/li>\n<li>En raras ocasiones (m\u00e1s de 1 pero menos de 10 animales por cada 10.000 animales tratados)<\/li>\n<li>En muy raras ocasiones (menos de 1 animal por cada 10.000 animales tratados, incluyendo casos aislados)<\/li>\n<\/ul>\n<p>Si el animal se lame, puede observarse un breve periodo de hipersalivaci\u00f3n que se debe principalmente a la naturaleza del excipiente.<\/p>\n<p>Entre las presuntas y reacciones adversas extremadamente raras que pueden aparecer despu\u00e9s de la utilizaci\u00f3n del medicamento se han descrito reacciones cut\u00e1neas transitorias en el punto de aplicaci\u00f3n (descamaci\u00f3n, alopecia local, prurito y eritema), as\u00ed como prurito o alopecia generalizados. En casos excepcionales, tras la administraci\u00f3n del medicamento se observaron reacciones como hipersalivaci\u00f3n, signos neurol\u00f3gicos reversibles (hiperestesia, depresi\u00f3n, signos nerviosos) o v\u00f3mitos.<\/p>\n<h2>Uso durante la gestaci\u00f3n, la lactancia o la puesta<\/h2>\n<p>Los estudios toxicol\u00f3gicos con fipronilo no han demostrado efectos terat\u00f3genos ni embriot\u00f3xicos. No se han llevado a cabo con este medicamento estudios en hembras gestantes ni lactantes. El uso durante la gestaci\u00f3n y la lactancia debe condicionarse a la recomendaci\u00f3n del veterinario responsable tras la valoraci\u00f3n beneficio\/riesgo.<\/p>\n<h2>Interacci\u00f3n con otros medicamentos y otras formas de interacci\u00f3n<\/h2>\n<p>Ninguna conocida.<\/p>\n<h2>Posolog\u00eda y v\u00eda de administraci\u00f3n<\/h2>\n<h3>V\u00eda de administraci\u00f3n y dosis:<\/h3>\n<p>Solo para uso externo.<\/p>\n<p>Administrar 1 pipeta de 0,5 ml por animal mediante aplicaci\u00f3n t\u00f3pica en la piel.<\/p>\n<h3>Modo de administraci\u00f3n:<\/h3>\n<p>Extraer la pipeta del sobre. Sujetar la pipeta en posici\u00f3n vertical. Dar golpecitos en la parte es-trecha de la pipeta para asegurar que su contenido se encuentra en el cuerpo principal. Retirar la punta de la pipeta.<\/p>\n<p>Separar el pelaje del animal hasta que la piel quede visible. Colocar la punta de la pipeta directamente sobre la piel descubierta del animal y apretarla ligeramente para vaciar su contenido en dos puntos a lo largo del lomo del gato, con preferencia en la base de la cabeza y 2 \u00f3 3 cm m\u00e1s atr\u00e1s, vaciando aproximadamente la mitad del volumen en cada punto. Apretar la pipeta varias veces para asegurar que la administraci\u00f3n se ha realizado completamente.<\/p>\n<p>Es importante asegurarse de que el medicamento veterinario se aplica en una zona en la que el animal no pueda lamerse y que los animales no se laman unos a otros despu\u00e9s del tratamiento.<\/p>\n<p>Debe procurarse no humedecer en exceso el pelo del animal con el medicamento ya que esto podr\u00eda darle un aspecto pegajoso al pelaje en la zona de tratamiento. No obstante, si esto ocurriera, desaparecer\u00eda a las 24 horas despu\u00e9s de la aplicaci\u00f3n. Tambi\u00e9n se puede observar en el pelaje de esa zona la aparici\u00f3n de descamaci\u00f3n y dep\u00f3sitos cristalinos durante las 48 horas siguientes a la aplicaci\u00f3n.<\/p>\n<h3>Pauta de tratamiento<\/h3>\n<p>Para un control \u00f3ptimo de la infestaci\u00f3n por pulgas o garrapatas, el programa de tratamiento puede basarse en la situaci\u00f3n epidemiol\u00f3gica local.<\/p>\n<p>A falta de estudios de seguridad, el intervalo m\u00ednimo de tratamiento es de 4 semanas.<\/p>\n<h2>Sobredosificaci\u00f3n (s\u00edntomas, medidas de urgencia, ant\u00eddotos), en caso necesario<\/h2>\n<p>No se observaron reacciones adversas en la especie de destino en los estudios de seguridad realizados en gatos y cachorros de 2 meses de edad y mayores, con un peso aproximado de 1 kg y tratados con una dosis 5 veces mayor a la dosis recomendada durante 3 meses consecutivos. El riesgo de reacciones adversas puede aumentar en casos de sobredosis.<\/p>\n<h2>Tiempos de espera<\/h2>\n<p>No procede.<\/p>\n<h2>Propiedades Farmacol\u00f3gicas<\/h2>\n<p>Grupo farmacoterap\u00e9utico: Ectoparasiticidas de uso t\u00f3pico.<\/p>\n<p>C\u00f3digo ATCvet: QP53AX15<\/p>\n<h2>Propiedades Farmacodin\u00e1micas<\/h2>\n<p>El fipronilo es un insecticida y acaricida que pertenece a la familia de los fenilpirazoles. Act\u00faa inhibiendo el \u00e1cido \u03b3-aminobut\u00edrico (GABA), uni\u00e9ndose a los canales de cloro y bloqueando la transferencia pre y postsin\u00e1ptica de los iones cloruro a trav\u00e9s de las membranas celulares. Como resultado de ello, se genera una actividad descontrolada del sistema nervioso central y la muerte de los insectos o \u00e1caros.<\/p>\n<p>El fipronilo muestra una actividad insecticida frente a pulgas (Ctenocephalides spp.) y acaricida frente a garrapatas en gatos.<\/p>\n<p>Las pulgas mueren en 48 horas. Las garrapatas por lo general mueren en el plazo de las 48 horas tras el contacto con el fipronilo, sin embargo, si est\u00e1n presentes algunas especies de garrapatas (Ixodes ricinus, Dermacentor reticulatus o Rhipicephalus sanguineus) cuando se aplica el medicamento, es posible que no se eliminen todas en las primeras 48 horas.<\/p>\n<h2>Datos Farmacocin\u00e9ticos<\/h2>\n<p>Absorci\u00f3n<\/p>\n<p>La absorci\u00f3n del fipronilo a trav\u00e9s de la piel es escasa.<\/p>\n<p>Distribuci\u00f3n<\/p>\n<p>Despu\u00e9s de la aplicaci\u00f3n t\u00f3pica, el medicamento se extiende desde el punto de aplicaci\u00f3n hasta cubrir la superficie entera del animal en el plazo de 24 a 48 horas.<\/p>\n<p>Biotransformaci\u00f3n<\/p>\n<p>El fipronilo se metaboliza principalmente en su derivado sulfona que tambi\u00e9n posee propiedades insecticidas y acaricidas.<\/p>\n<p>Eliminaci\u00f3n<\/p>\n<p>La concentraci\u00f3n de fipronilo en el pelo disminuye con el tiempo.<\/p>\n<h2>Datos Farmac\u00e9uticos<\/h2>\n<h3>Lista de Excipientes<\/h3>\n<p>Butilhidroxianisol E320<\/p>\n<p>Butilhidroxitolueno E321<\/p>\n<p>Alcohol benc\u00edlico E1519<\/p>\n<p>Dietilenglicol monoetil \u00e9ter<\/p>\n<h3>Incompatibilidades Principales<\/h3>\n<p>Ninguna conocida.<\/p>\n<h3>Periodo de Validez<\/h3>\n<p>Per\u00edodo de validez del medicamento veterinario acondicionado para su venta: 2 a\u00f1os.<\/p>\n<h3>Precauciones Especiales de Conservaci\u00f3n<\/h3>\n<p>No conservar a temperatura superior a los 25\u02daC. Conservar en un lugar seco.<\/p>\n<p>Conservar en su envase original.<\/p>\n<h3>Naturaleza y Composici\u00f3n del Envase Primario<\/h3>\n<p>Una pipeta blanca termosellada compuesta por una capa de polipropileno \/ copol\u00edmero de olefina c\u00edclica \/ polipropileno y una capa de polietileno \/ etileno \/ alcohol vin\u00edlico \/ polietileno.<\/p>\n<p>Caja con 1, 2, 3, 4, 6, 8, 9, 10, 12, 15, 18, 20, 21, 24, 30, 60, 90 \u00f3 150 pipetas en sobres de aluminio individuales.<\/p>\n<p>Es posible que no se comercialicen todos los formatos.<\/p>\n<h3>Precauciones Especiales para la eliminaci\u00f3n del medicamento veterinario no utilizado o, en su caso, los residuos derivados de su uso<\/h3>\n<p>Todo medicamento veterinario no utilizado o los residuos derivados del mismo deber\u00e1n eliminarse de conformidad con las normativas locales.<\/p>\n<p>El fipronilo puede afectar de forma adversa a los organismos acu\u00e1ticos. No se deben contaminar estanques, v\u00edas fluviales o acequias con el medicamento ni con el envase vac\u00edo.<\/p>\n","protected":false},"excerpt":{"rendered":"<p>Tratamiento de las infestaciones por pulgas (Ctenocephalides spp.).<\/p>\n<p>El medicamento veterinario presenta una eficacia insecticida persistente durante 5 semanas frente a pulgas (Ctenocephalides spp.).<\/p>\n<p><img fetchpriority=\"high\" decoding=\"async\" class=\"alignleft size-full wp-image-7951\" src=\"https:\/\/www.zotal.com\/wp-content\/uploads\/2019\/11\/lifronilgatos.jpg\" alt=\"lifronil pipetas gatos\" width=\"296\" height=\"196\" \/><\/p>\n","protected":false},"featured_media":7954,"comment_status":"open","ping_status":"closed","template":"","meta":{"_acf_changed":false,"inline_featured_image":false},"product_brand":[],"product_cat":[188],"product_tag":[],"class_list":{"0":"post-13918","1":"product","2":"type-product","3":"status-publish","4":"has-post-thumbnail","6":"product_cat-pets","8":"first","9":"instock","10":"shipping-taxable","11":"product-type-simple"},"acf":[],"yoast_head":"<!-- This site is optimized with the Yoast SEO plugin v26.8 - https:\/\/yoast.com\/product\/yoast-seo-wordpress\/ -->\n<title>LIFRONIL\u00aePipettes Cats - Zotal<\/title>\n<meta name=\"description\" content=\"LIFRONIL\u00ae Pipetas Gatos para el - Tratamiento de las infestaciones por pulgas (Ctenocephalides spp.).  El medicamento veterinario presenta una eficacia insecticida persistente durante 5 semanas frente a pulgas (Ctenocephalides spp.).\" \/>\n<meta name=\"robots\" content=\"index, follow, max-snippet:-1, max-image-preview:large, max-video-preview:-1\" \/>\n<link rel=\"canonical\" href=\"https:\/\/www.zotal.com\/en\/products\/pets\/lifronil-pipettes-cats\/\" \/>\n<meta property=\"og:locale\" content=\"en_US\" \/>\n<meta property=\"og:type\" content=\"article\" \/>\n<meta property=\"og:title\" content=\"LIFRONIL\u00aePipettes Cats - Zotal\" \/>\n<meta property=\"og:description\" content=\"LIFRONIL\u00ae Pipetas Gatos para el - Tratamiento de las infestaciones por pulgas (Ctenocephalides spp.).  El medicamento veterinario presenta una eficacia insecticida persistente durante 5 semanas frente a pulgas (Ctenocephalides spp.).\" \/>\n<meta property=\"og:url\" content=\"https:\/\/www.zotal.com\/en\/products\/pets\/lifronil-pipettes-cats\/\" \/>\n<meta property=\"og:site_name\" content=\"Zotal\" \/>\n<meta property=\"article:publisher\" content=\"https:\/\/www.facebook.com\/zotallaboratorios\" \/>\n<meta property=\"article:modified_time\" content=\"2023-06-07T16:38:08+00:00\" \/>\n<meta property=\"og:image\" content=\"https:\/\/www.zotal.com\/wp-content\/uploads\/2019\/11\/envaselifronilpipetasgatos.jpg\" \/>\n\t<meta property=\"og:image:width\" content=\"1181\" \/>\n\t<meta property=\"og:image:height\" content=\"1671\" \/>\n\t<meta property=\"og:image:type\" content=\"image\/jpeg\" \/>\n<meta name=\"twitter:card\" content=\"summary_large_image\" \/>\n<meta name=\"twitter:site\" content=\"@zotallabs\" \/>\n<meta name=\"twitter:label1\" content=\"Est. reading time\" \/>\n\t<meta name=\"twitter:data1\" content=\"9 minutes\" \/>\n<script type=\"application\/ld+json\" class=\"yoast-schema-graph\">{\"@context\":\"https:\/\/schema.org\",\"@graph\":[{\"@type\":\"WebPage\",\"@id\":\"https:\/\/www.zotal.com\/en\/products\/pets\/lifronil-pipettes-cats\/\",\"url\":\"https:\/\/www.zotal.com\/en\/products\/pets\/lifronil-pipettes-cats\/\",\"name\":\"LIFRONIL\u00ae Pipettes Cats - Zotal\",\"isPartOf\":{\"@id\":\"https:\/\/www.zotal.com\/en\/#website\"},\"primaryImageOfPage\":{\"@id\":\"https:\/\/www.zotal.com\/en\/products\/pets\/lifronil-pipettes-cats\/#primaryimage\"},\"image\":{\"@id\":\"https:\/\/www.zotal.com\/en\/products\/pets\/lifronil-pipettes-cats\/#primaryimage\"},\"thumbnailUrl\":\"https:\/\/www.zotal.com\/wp-content\/uploads\/2019\/11\/envaselifronilpipetasgatos.jpg\",\"datePublished\":\"2019-11-13T11:12:11+00:00\",\"dateModified\":\"2023-06-07T16:38:08+00:00\",\"description\":\"LIFRONIL\u00ae Pipetas Gatos para el - Tratamiento de las infestaciones por pulgas (Ctenocephalides spp.). El medicamento veterinario presenta una eficacia insecticida persistente durante 5 semanas frente a pulgas (Ctenocephalides spp.).\",\"breadcrumb\":{\"@id\":\"https:\/\/www.zotal.com\/en\/products\/pets\/lifronil-pipettes-cats\/#breadcrumb\"},\"inLanguage\":\"en-US\",\"potentialAction\":[{\"@type\":\"ReadAction\",\"target\":[\"https:\/\/www.zotal.com\/en\/products\/pets\/lifronil-pipettes-cats\/\"]}]},{\"@type\":\"ImageObject\",\"inLanguage\":\"en-US\",\"@id\":\"https:\/\/www.zotal.com\/en\/products\/pets\/lifronil-pipettes-cats\/#primaryimage\",\"url\":\"https:\/\/www.zotal.com\/wp-content\/uploads\/2019\/11\/envaselifronilpipetasgatos.jpg\",\"contentUrl\":\"https:\/\/www.zotal.com\/wp-content\/uploads\/2019\/11\/envaselifronilpipetasgatos.jpg\",\"width\":1181,\"height\":1671,\"caption\":\"lifronil pipetas gatos\"},{\"@type\":\"BreadcrumbList\",\"@id\":\"https:\/\/www.zotal.com\/en\/products\/pets\/lifronil-pipettes-cats\/#breadcrumb\",\"itemListElement\":[{\"@type\":\"ListItem\",\"position\":1,\"name\":\"Portada\",\"item\":\"https:\/\/www.zotal.com\/\"},{\"@type\":\"ListItem\",\"position\":2,\"name\":\"Productos\",\"item\":\"https:\/\/www.zotal.com\/shop\/\"},{\"@type\":\"ListItem\",\"position\":3,\"name\":\"LIFRONIL\u00aePipettes Cats\"}]},{\"@type\":\"WebSite\",\"@id\":\"https:\/\/www.zotal.com\/en\/#website\",\"url\":\"https:\/\/www.zotal.com\/en\/\",\"name\":\"Zotal\",\"description\":\"\",\"publisher\":{\"@id\":\"https:\/\/www.zotal.com\/en\/#organization\"},\"potentialAction\":[{\"@type\":\"SearchAction\",\"target\":{\"@type\":\"EntryPoint\",\"urlTemplate\":\"https:\/\/www.zotal.com\/en\/?s={search_term_string}\"},\"query-input\":{\"@type\":\"PropertyValueSpecification\",\"valueRequired\":true,\"valueName\":\"search_term_string\"}}],\"inLanguage\":\"en-US\"},{\"@type\":\"Organization\",\"@id\":\"https:\/\/www.zotal.com\/en\/#organization\",\"name\":\"Zotal Laboratorios\",\"url\":\"https:\/\/www.zotal.com\/en\/\",\"logo\":{\"@type\":\"ImageObject\",\"inLanguage\":\"en-US\",\"@id\":\"https:\/\/www.zotal.com\/en\/#\/schema\/logo\/image\/\",\"url\":\"https:\/\/www.zotal.com\/wp-content\/uploads\/2015\/08\/zotallogotipo.jpg\",\"contentUrl\":\"https:\/\/www.zotal.com\/wp-content\/uploads\/2015\/08\/zotallogotipo.jpg\",\"width\":706,\"height\":417,\"caption\":\"Zotal Laboratorios\"},\"image\":{\"@id\":\"https:\/\/www.zotal.com\/en\/#\/schema\/logo\/image\/\"},\"sameAs\":[\"https:\/\/www.facebook.com\/zotallaboratorios\",\"https:\/\/x.com\/zotallabs\",\"https:\/\/es.linkedin.com\/company\/laboratorios-zotal\",\"https:\/\/es.pinterest.com\/zotallabs\/\",\"https:\/\/www.youtube.com\/channel\/UCrNub93hYlNNSerE8khX8JQ\"]}]}<\/script>\n<!-- \/ Yoast SEO plugin. -->","yoast_head_json":{"title":"LIFRONIL\u00aePipettes Cats - Zotal","description":"LIFRONIL\u00ae Pipetas Gatos para el - Tratamiento de las infestaciones por pulgas (Ctenocephalides spp.).  El medicamento veterinario presenta una eficacia insecticida persistente durante 5 semanas frente a pulgas (Ctenocephalides spp.).","robots":{"index":"index","follow":"follow","max-snippet":"max-snippet:-1","max-image-preview":"max-image-preview:large","max-video-preview":"max-video-preview:-1"},"canonical":"https:\/\/www.zotal.com\/en\/products\/pets\/lifronil-pipettes-cats\/","og_locale":"en_US","og_type":"article","og_title":"LIFRONIL\u00aePipettes Cats - Zotal","og_description":"LIFRONIL\u00ae Pipetas Gatos para el - Tratamiento de las infestaciones por pulgas (Ctenocephalides spp.).  El medicamento veterinario presenta una eficacia insecticida persistente durante 5 semanas frente a pulgas (Ctenocephalides spp.).","og_url":"https:\/\/www.zotal.com\/en\/products\/pets\/lifronil-pipettes-cats\/","og_site_name":"Zotal","article_publisher":"https:\/\/www.facebook.com\/zotallaboratorios","article_modified_time":"2023-06-07T16:38:08+00:00","og_image":[{"width":1181,"height":1671,"url":"https:\/\/www.zotal.com\/wp-content\/uploads\/2019\/11\/envaselifronilpipetasgatos.jpg","type":"image\/jpeg"}],"twitter_card":"summary_large_image","twitter_site":"@zotallabs","twitter_misc":{"Est. reading time":"9 minutes"},"schema":{"@context":"https:\/\/schema.org","@graph":[{"@type":"WebPage","@id":"https:\/\/www.zotal.com\/en\/products\/pets\/lifronil-pipettes-cats\/","url":"https:\/\/www.zotal.com\/en\/products\/pets\/lifronil-pipettes-cats\/","name":"LIFRONIL\u00ae Pipettes Cats - Zotal","isPartOf":{"@id":"https:\/\/www.zotal.com\/en\/#website"},"primaryImageOfPage":{"@id":"https:\/\/www.zotal.com\/en\/products\/pets\/lifronil-pipettes-cats\/#primaryimage"},"image":{"@id":"https:\/\/www.zotal.com\/en\/products\/pets\/lifronil-pipettes-cats\/#primaryimage"},"thumbnailUrl":"https:\/\/www.zotal.com\/wp-content\/uploads\/2019\/11\/envaselifronilpipetasgatos.jpg","datePublished":"2019-11-13T11:12:11+00:00","dateModified":"2023-06-07T16:38:08+00:00","description":"LIFRONIL\u00ae Pipetas Gatos para el - Tratamiento de las infestaciones por pulgas (Ctenocephalides spp.). El medicamento veterinario presenta una eficacia insecticida persistente durante 5 semanas frente a pulgas (Ctenocephalides spp.).","breadcrumb":{"@id":"https:\/\/www.zotal.com\/en\/products\/pets\/lifronil-pipettes-cats\/#breadcrumb"},"inLanguage":"en-US","potentialAction":[{"@type":"ReadAction","target":["https:\/\/www.zotal.com\/en\/products\/pets\/lifronil-pipettes-cats\/"]}]},{"@type":"ImageObject","inLanguage":"en-US","@id":"https:\/\/www.zotal.com\/en\/products\/pets\/lifronil-pipettes-cats\/#primaryimage","url":"https:\/\/www.zotal.com\/wp-content\/uploads\/2019\/11\/envaselifronilpipetasgatos.jpg","contentUrl":"https:\/\/www.zotal.com\/wp-content\/uploads\/2019\/11\/envaselifronilpipetasgatos.jpg","width":1181,"height":1671,"caption":"lifronil pipetas gatos"},{"@type":"BreadcrumbList","@id":"https:\/\/www.zotal.com\/en\/products\/pets\/lifronil-pipettes-cats\/#breadcrumb","itemListElement":[{"@type":"ListItem","position":1,"name":"Portada","item":"https:\/\/www.zotal.com\/"},{"@type":"ListItem","position":2,"name":"Productos","item":"https:\/\/www.zotal.com\/shop\/"},{"@type":"ListItem","position":3,"name":"LIFRONIL\u00aePipettes Cats"}]},{"@type":"WebSite","@id":"https:\/\/www.zotal.com\/en\/#website","url":"https:\/\/www.zotal.com\/en\/","name":"Zotal","description":"","publisher":{"@id":"https:\/\/www.zotal.com\/en\/#organization"},"potentialAction":[{"@type":"SearchAction","target":{"@type":"EntryPoint","urlTemplate":"https:\/\/www.zotal.com\/en\/?s={search_term_string}"},"query-input":{"@type":"PropertyValueSpecification","valueRequired":true,"valueName":"search_term_string"}}],"inLanguage":"en-US"},{"@type":"Organization","@id":"https:\/\/www.zotal.com\/en\/#organization","name":"Zotal Laboratorios","url":"https:\/\/www.zotal.com\/en\/","logo":{"@type":"ImageObject","inLanguage":"en-US","@id":"https:\/\/www.zotal.com\/en\/#\/schema\/logo\/image\/","url":"https:\/\/www.zotal.com\/wp-content\/uploads\/2015\/08\/zotallogotipo.jpg","contentUrl":"https:\/\/www.zotal.com\/wp-content\/uploads\/2015\/08\/zotallogotipo.jpg","width":706,"height":417,"caption":"Zotal Laboratorios"},"image":{"@id":"https:\/\/www.zotal.com\/en\/#\/schema\/logo\/image\/"},"sameAs":["https:\/\/www.facebook.com\/zotallaboratorios","https:\/\/x.com\/zotallabs","https:\/\/es.linkedin.com\/company\/laboratorios-zotal","https:\/\/es.pinterest.com\/zotallabs\/","https:\/\/www.youtube.com\/channel\/UCrNub93hYlNNSerE8khX8JQ"]}]}},"_links":{"self":[{"href":"https:\/\/www.zotal.com\/en\/wp-json\/wp\/v2\/product\/13918","targetHints":{"allow":["GET"]}}],"collection":[{"href":"https:\/\/www.zotal.com\/en\/wp-json\/wp\/v2\/product"}],"about":[{"href":"https:\/\/www.zotal.com\/en\/wp-json\/wp\/v2\/types\/product"}],"replies":[{"embeddable":true,"href":"https:\/\/www.zotal.com\/en\/wp-json\/wp\/v2\/comments?post=13918"}],"wp:featuredmedia":[{"embeddable":true,"href":"https:\/\/www.zotal.com\/en\/wp-json\/wp\/v2\/media\/7954"}],"wp:attachment":[{"href":"https:\/\/www.zotal.com\/en\/wp-json\/wp\/v2\/media?parent=13918"}],"wp:term":[{"taxonomy":"product_brand","embeddable":true,"href":"https:\/\/www.zotal.com\/en\/wp-json\/wp\/v2\/product_brand?post=13918"},{"taxonomy":"product_cat","embeddable":true,"href":"https:\/\/www.zotal.com\/en\/wp-json\/wp\/v2\/product_cat?post=13918"},{"taxonomy":"product_tag","embeddable":true,"href":"https:\/\/www.zotal.com\/en\/wp-json\/wp\/v2\/product_tag?post=13918"}],"curies":[{"name":"wp","href":"https:\/\/api.w.org\/{rel}","templated":true}]}}