{"id":13930,"date":"2018-11-26T16:10:01","date_gmt":"2018-11-26T15:10:01","guid":{"rendered":"https:\/\/www.zotal.com\/products\/uncategorized\/zotal-eliminaolores\/"},"modified":"2023-06-02T12:01:48","modified_gmt":"2023-06-02T10:01:48","slug":"zotal-odor-eliminator","status":"publish","type":"product","link":"https:\/\/www.zotal.com\/en\/products\/pets\/zotal-odor-eliminator\/","title":{"rendered":"ZOTAL\u00ae <br>Odor eliminator"},"content":{"rendered":"<p>ZOTAL\u00ae Eliminaolores\u00a0desodorizante es un original producto que neutraliza qu\u00edmicamente. Este producto no enmascara, inactiva los malos olores ocasionados en ambientes cerrados, ba\u00f1os, cocinas, por tabaco o alimentos.<\/p>\n<p>Est\u00e1 ligeramente perfumado, aportando un agradable aroma por el ambiente. Desodorizante especialmente indicado para eliminar los malos olores ocasionados por el or\u00edn o las heces de las mascotas.<\/p>\n<p>Se presenta en un peque\u00f1o formato de 75ml para ser usado cada vez que sacamos a pasear a nuestro perro, y un formato de 250 ml para uso dom\u00e9stico.<\/p>\n<h2>Aplicaciones y modo de empleo<\/h2>\n<p>ZOTAL\u00ae Eliminaolores es un desodorizante altamente efectivo que act\u00faa frente a un amplio rango de malos olores. Estos incluyen el tabaco, olores azufrados, pescado, basura, deposiciones de animales, sudor y otros. Su ingrediente activo es una mol\u00e9cula compleja que se une a las mol\u00e9culas peque\u00f1as y vol\u00e1tiles, que habitualmente incluyen \u00e1tomos de azufre o nitr\u00f3geno. Dicho ingrediente activo las hace precipitar a las superficies elimin\u00e1ndolas del aire, neutralizando as\u00ed su capacidad de causar mal olor. El producto no enmascara los olores, sino que realmente los inactiva.<\/p>\n<p>Bastan algunas pulverizaciones de este desodorizante para que el ingrediente activo se una a las mol\u00e9culas causantes del mal olor y las neutralice. De esta forma, elimina el olor durante horas y dejando una agradable fragancia. Puede usarse para eliminar olores de ropa y tejidos.<\/p>\n<p>Aplicar el desodorizante desde una distancia de 30-40 cm sobre la superficie a tratar. Posible aplicaci\u00f3n en tejidos, cortinas, camas de perros, gatos y en general de mascotas, etc y dejar secar. Es ideal para llevar en el paso de nuestro perro y aplicar sobre la superficie donde ha hecho sus necesidades.<\/p>\n<p>&nbsp;<\/p>\n<h2>N\u00famero de aplicaciones<\/h2>\n<ul>\n<li>75 ml:\u00a0500 pulverizaciones<\/li>\n<li>250 ml:\u00a01.100 pulverizaciones<\/li>\n<\/ul>\n","protected":false},"excerpt":{"rendered":"<p><strong>ZOTAL\u00ae Eliminaolores<\/strong> es un desodorizante multiusos capaz de eliminar los olores que puede desprender tu mascota, pero que tambi\u00e9n sirve para eliminar olor a basura, tabaco o pescado.<\/p>\n<p><img fetchpriority=\"high\" decoding=\"async\" class=\"alignleft size-full wp-image-7081\" src=\"https:\/\/www.zotal.com\/wp-content\/uploads\/2018\/11\/zotaleliminaolores.jpg\" alt=\"\" width=\"296\" height=\"196\" \/><\/p>\n<p>&nbsp;<\/p>\n","protected":false},"featured_media":15255,"comment_status":"open","ping_status":"closed","template":"","meta":{"_acf_changed":false,"inline_featured_image":false},"product_brand":[],"product_cat":[188],"product_tag":[],"class_list":{"0":"post-13930","1":"product","2":"type-product","3":"status-publish","4":"has-post-thumbnail","6":"product_cat-pets","8":"first","9":"instock","10":"shipping-taxable","11":"product-type-simple"},"acf":[],"yoast_head":"<!-- This site is optimized with the Yoast SEO plugin v26.8 - https:\/\/yoast.com\/product\/yoast-seo-wordpress\/ -->\n<title>ZOTAL\u00ae Eliminaolores desodorizante | ZOTAL<\/title>\n<meta name=\"description\" content=\"ZOTAL\u00ae Eliminaolores desodorizante es un original producto que neutraliza qu\u00edmicamente los malos olores ocasionados por or\u00edn o heces de mascotas.\" \/>\n<meta name=\"robots\" content=\"index, follow, max-snippet:-1, max-image-preview:large, max-video-preview:-1\" \/>\n<link rel=\"canonical\" href=\"https:\/\/www.zotal.com\/en\/products\/pets\/zotal-odor-eliminator\/\" \/>\n<meta property=\"og:locale\" content=\"en_US\" \/>\n<meta property=\"og:type\" content=\"article\" \/>\n<meta property=\"og:title\" content=\"ZOTAL\u00ae Eliminaolores desodorizante | ZOTAL\" \/>\n<meta property=\"og:description\" content=\"ZOTAL\u00ae Eliminaolores desodorizante es un original producto que neutraliza qu\u00edmicamente los malos olores ocasionados por or\u00edn o heces de mascotas.\" \/>\n<meta property=\"og:url\" content=\"https:\/\/www.zotal.com\/en\/products\/pets\/zotal-odor-eliminator\/\" \/>\n<meta property=\"og:site_name\" content=\"Zotal\" \/>\n<meta property=\"article:publisher\" content=\"https:\/\/www.facebook.com\/zotallaboratorios\" \/>\n<meta property=\"article:modified_time\" content=\"2023-06-02T10:01:48+00:00\" \/>\n<meta property=\"og:image\" content=\"https:\/\/www.zotal.com\/wp-content\/uploads\/2018\/11\/zotaleliminaolores2.jpg\" \/>\n\t<meta property=\"og:image:width\" content=\"3000\" \/>\n\t<meta property=\"og:image:height\" content=\"3508\" \/>\n\t<meta property=\"og:image:type\" content=\"image\/jpeg\" \/>\n<meta name=\"twitter:card\" content=\"summary_large_image\" \/>\n<meta name=\"twitter:site\" content=\"@zotallabs\" \/>\n<meta name=\"twitter:label1\" content=\"Est. reading time\" \/>\n\t<meta name=\"twitter:data1\" content=\"2 minutes\" \/>\n<script type=\"application\/ld+json\" class=\"yoast-schema-graph\">{\"@context\":\"https:\/\/schema.org\",\"@graph\":[{\"@type\":\"WebPage\",\"@id\":\"https:\/\/www.zotal.com\/en\/products\/pets\/zotal-odor-eliminator\/\",\"url\":\"https:\/\/www.zotal.com\/en\/products\/pets\/zotal-odor-eliminator\/\",\"name\":\"ZOTAL\u00ae Eliminaolores desodorizante | ZOTAL\",\"isPartOf\":{\"@id\":\"https:\/\/www.zotal.com\/en\/#website\"},\"primaryImageOfPage\":{\"@id\":\"https:\/\/www.zotal.com\/en\/products\/pets\/zotal-odor-eliminator\/#primaryimage\"},\"image\":{\"@id\":\"https:\/\/www.zotal.com\/en\/products\/pets\/zotal-odor-eliminator\/#primaryimage\"},\"thumbnailUrl\":\"https:\/\/www.zotal.com\/wp-content\/uploads\/2018\/11\/zotal_eliminaolores.jpg\",\"datePublished\":\"2018-11-26T15:10:01+00:00\",\"dateModified\":\"2023-06-02T10:01:48+00:00\",\"description\":\"ZOTAL\u00ae Eliminaolores desodorizante es un original producto que neutraliza qu\u00edmicamente los malos olores ocasionados por or\u00edn o heces de mascotas.\",\"breadcrumb\":{\"@id\":\"https:\/\/www.zotal.com\/en\/products\/pets\/zotal-odor-eliminator\/#breadcrumb\"},\"inLanguage\":\"en-US\",\"potentialAction\":[{\"@type\":\"ReadAction\",\"target\":[\"https:\/\/www.zotal.com\/en\/products\/pets\/zotal-odor-eliminator\/\"]}]},{\"@type\":\"ImageObject\",\"inLanguage\":\"en-US\",\"@id\":\"https:\/\/www.zotal.com\/en\/products\/pets\/zotal-odor-eliminator\/#primaryimage\",\"url\":\"https:\/\/www.zotal.com\/wp-content\/uploads\/2018\/11\/zotal_eliminaolores.jpg\",\"contentUrl\":\"https:\/\/www.zotal.com\/wp-content\/uploads\/2018\/11\/zotal_eliminaolores.jpg\",\"width\":1000,\"height\":1000},{\"@type\":\"BreadcrumbList\",\"@id\":\"https:\/\/www.zotal.com\/en\/products\/pets\/zotal-odor-eliminator\/#breadcrumb\",\"itemListElement\":[{\"@type\":\"ListItem\",\"position\":1,\"name\":\"Portada\",\"item\":\"https:\/\/www.zotal.com\/\"},{\"@type\":\"ListItem\",\"position\":2,\"name\":\"Productos\",\"item\":\"https:\/\/www.zotal.com\/shop\/\"},{\"@type\":\"ListItem\",\"position\":3,\"name\":\"ZOTAL\u00ae Odor eliminator\"}]},{\"@type\":\"WebSite\",\"@id\":\"https:\/\/www.zotal.com\/en\/#website\",\"url\":\"https:\/\/www.zotal.com\/en\/\",\"name\":\"Zotal\",\"description\":\"\",\"publisher\":{\"@id\":\"https:\/\/www.zotal.com\/en\/#organization\"},\"potentialAction\":[{\"@type\":\"SearchAction\",\"target\":{\"@type\":\"EntryPoint\",\"urlTemplate\":\"https:\/\/www.zotal.com\/en\/?s={search_term_string}\"},\"query-input\":{\"@type\":\"PropertyValueSpecification\",\"valueRequired\":true,\"valueName\":\"search_term_string\"}}],\"inLanguage\":\"en-US\"},{\"@type\":\"Organization\",\"@id\":\"https:\/\/www.zotal.com\/en\/#organization\",\"name\":\"Zotal Laboratorios\",\"url\":\"https:\/\/www.zotal.com\/en\/\",\"logo\":{\"@type\":\"ImageObject\",\"inLanguage\":\"en-US\",\"@id\":\"https:\/\/www.zotal.com\/en\/#\/schema\/logo\/image\/\",\"url\":\"https:\/\/www.zotal.com\/wp-content\/uploads\/2015\/08\/zotallogotipo.jpg\",\"contentUrl\":\"https:\/\/www.zotal.com\/wp-content\/uploads\/2015\/08\/zotallogotipo.jpg\",\"width\":706,\"height\":417,\"caption\":\"Zotal Laboratorios\"},\"image\":{\"@id\":\"https:\/\/www.zotal.com\/en\/#\/schema\/logo\/image\/\"},\"sameAs\":[\"https:\/\/www.facebook.com\/zotallaboratorios\",\"https:\/\/x.com\/zotallabs\",\"https:\/\/es.linkedin.com\/company\/laboratorios-zotal\",\"https:\/\/es.pinterest.com\/zotallabs\/\",\"https:\/\/www.youtube.com\/channel\/UCrNub93hYlNNSerE8khX8JQ\"]}]}<\/script>\n<!-- \/ Yoast SEO plugin. -->","yoast_head_json":{"title":"ZOTAL\u00ae Eliminaolores desodorizante | ZOTAL","description":"ZOTAL\u00ae Eliminaolores desodorizante es un original producto que neutraliza qu\u00edmicamente los malos olores ocasionados por or\u00edn o heces de mascotas.","robots":{"index":"index","follow":"follow","max-snippet":"max-snippet:-1","max-image-preview":"max-image-preview:large","max-video-preview":"max-video-preview:-1"},"canonical":"https:\/\/www.zotal.com\/en\/products\/pets\/zotal-odor-eliminator\/","og_locale":"en_US","og_type":"article","og_title":"ZOTAL\u00ae Eliminaolores desodorizante | ZOTAL","og_description":"ZOTAL\u00ae Eliminaolores desodorizante es un original producto que neutraliza qu\u00edmicamente los malos olores ocasionados por or\u00edn o heces de mascotas.","og_url":"https:\/\/www.zotal.com\/en\/products\/pets\/zotal-odor-eliminator\/","og_site_name":"Zotal","article_publisher":"https:\/\/www.facebook.com\/zotallaboratorios","article_modified_time":"2023-06-02T10:01:48+00:00","og_image":[{"width":3000,"height":3508,"url":"https:\/\/www.zotal.com\/wp-content\/uploads\/2018\/11\/zotaleliminaolores2.jpg","type":"image\/jpeg"}],"twitter_card":"summary_large_image","twitter_site":"@zotallabs","twitter_misc":{"Est. reading time":"2 minutes"},"schema":{"@context":"https:\/\/schema.org","@graph":[{"@type":"WebPage","@id":"https:\/\/www.zotal.com\/en\/products\/pets\/zotal-odor-eliminator\/","url":"https:\/\/www.zotal.com\/en\/products\/pets\/zotal-odor-eliminator\/","name":"ZOTAL\u00ae Eliminaolores desodorizante | ZOTAL","isPartOf":{"@id":"https:\/\/www.zotal.com\/en\/#website"},"primaryImageOfPage":{"@id":"https:\/\/www.zotal.com\/en\/products\/pets\/zotal-odor-eliminator\/#primaryimage"},"image":{"@id":"https:\/\/www.zotal.com\/en\/products\/pets\/zotal-odor-eliminator\/#primaryimage"},"thumbnailUrl":"https:\/\/www.zotal.com\/wp-content\/uploads\/2018\/11\/zotal_eliminaolores.jpg","datePublished":"2018-11-26T15:10:01+00:00","dateModified":"2023-06-02T10:01:48+00:00","description":"ZOTAL\u00ae Eliminaolores desodorizante es un original producto que neutraliza qu\u00edmicamente los malos olores ocasionados por or\u00edn o heces de mascotas.","breadcrumb":{"@id":"https:\/\/www.zotal.com\/en\/products\/pets\/zotal-odor-eliminator\/#breadcrumb"},"inLanguage":"en-US","potentialAction":[{"@type":"ReadAction","target":["https:\/\/www.zotal.com\/en\/products\/pets\/zotal-odor-eliminator\/"]}]},{"@type":"ImageObject","inLanguage":"en-US","@id":"https:\/\/www.zotal.com\/en\/products\/pets\/zotal-odor-eliminator\/#primaryimage","url":"https:\/\/www.zotal.com\/wp-content\/uploads\/2018\/11\/zotal_eliminaolores.jpg","contentUrl":"https:\/\/www.zotal.com\/wp-content\/uploads\/2018\/11\/zotal_eliminaolores.jpg","width":1000,"height":1000},{"@type":"BreadcrumbList","@id":"https:\/\/www.zotal.com\/en\/products\/pets\/zotal-odor-eliminator\/#breadcrumb","itemListElement":[{"@type":"ListItem","position":1,"name":"Portada","item":"https:\/\/www.zotal.com\/"},{"@type":"ListItem","position":2,"name":"Productos","item":"https:\/\/www.zotal.com\/shop\/"},{"@type":"ListItem","position":3,"name":"ZOTAL\u00ae Odor eliminator"}]},{"@type":"WebSite","@id":"https:\/\/www.zotal.com\/en\/#website","url":"https:\/\/www.zotal.com\/en\/","name":"Zotal","description":"","publisher":{"@id":"https:\/\/www.zotal.com\/en\/#organization"},"potentialAction":[{"@type":"SearchAction","target":{"@type":"EntryPoint","urlTemplate":"https:\/\/www.zotal.com\/en\/?s={search_term_string}"},"query-input":{"@type":"PropertyValueSpecification","valueRequired":true,"valueName":"search_term_string"}}],"inLanguage":"en-US"},{"@type":"Organization","@id":"https:\/\/www.zotal.com\/en\/#organization","name":"Zotal Laboratorios","url":"https:\/\/www.zotal.com\/en\/","logo":{"@type":"ImageObject","inLanguage":"en-US","@id":"https:\/\/www.zotal.com\/en\/#\/schema\/logo\/image\/","url":"https:\/\/www.zotal.com\/wp-content\/uploads\/2015\/08\/zotallogotipo.jpg","contentUrl":"https:\/\/www.zotal.com\/wp-content\/uploads\/2015\/08\/zotallogotipo.jpg","width":706,"height":417,"caption":"Zotal Laboratorios"},"image":{"@id":"https:\/\/www.zotal.com\/en\/#\/schema\/logo\/image\/"},"sameAs":["https:\/\/www.facebook.com\/zotallaboratorios","https:\/\/x.com\/zotallabs","https:\/\/es.linkedin.com\/company\/laboratorios-zotal","https:\/\/es.pinterest.com\/zotallabs\/","https:\/\/www.youtube.com\/channel\/UCrNub93hYlNNSerE8khX8JQ"]}]}},"_links":{"self":[{"href":"https:\/\/www.zotal.com\/en\/wp-json\/wp\/v2\/product\/13930","targetHints":{"allow":["GET"]}}],"collection":[{"href":"https:\/\/www.zotal.com\/en\/wp-json\/wp\/v2\/product"}],"about":[{"href":"https:\/\/www.zotal.com\/en\/wp-json\/wp\/v2\/types\/product"}],"replies":[{"embeddable":true,"href":"https:\/\/www.zotal.com\/en\/wp-json\/wp\/v2\/comments?post=13930"}],"wp:featuredmedia":[{"embeddable":true,"href":"https:\/\/www.zotal.com\/en\/wp-json\/wp\/v2\/media\/15255"}],"wp:attachment":[{"href":"https:\/\/www.zotal.com\/en\/wp-json\/wp\/v2\/media?parent=13930"}],"wp:term":[{"taxonomy":"product_brand","embeddable":true,"href":"https:\/\/www.zotal.com\/en\/wp-json\/wp\/v2\/product_brand?post=13930"},{"taxonomy":"product_cat","embeddable":true,"href":"https:\/\/www.zotal.com\/en\/wp-json\/wp\/v2\/product_cat?post=13930"},{"taxonomy":"product_tag","embeddable":true,"href":"https:\/\/www.zotal.com\/en\/wp-json\/wp\/v2\/product_tag?post=13930"}],"curies":[{"name":"wp","href":"https:\/\/api.w.org\/{rel}","templated":true}]}}