{"id":14868,"date":"2023-05-23T10:10:47","date_gmt":"2023-05-23T08:10:47","guid":{"rendered":"https:\/\/www.zotal.com\/?post_type=product&#038;p=14868"},"modified":"2026-02-26T12:30:02","modified_gmt":"2026-02-26T11:30:02","slug":"sanitasforte-vet","status":"publish","type":"product","link":"https:\/\/www.zotal.com\/en\/products\/disinfectants\/sanitasforte-vet\/","title":{"rendered":"SANITAS\u00ae<br>Forte Vet"},"content":{"rendered":"<p><strong>SANITAS\u00ae Forte Vet<\/strong> es un <strong>desinfectante<\/strong> de amplio espectro, de \u00faltima generaci\u00f3n, que combina dos principios activos. Unidos ejercen una acci\u00f3n desinfectante a dosis reducidas: Glutaraldeh\u00eddo y Cloruro de Didecil Dimetil Amonio. La gran capacidad de penetraci\u00f3n de estos dos compuestos, unida a la acci\u00f3n de los tensioactivos de su excipiente, aseguran una acci\u00f3n desinfectante inmediata e intensa. Es eficaz frente a virus, bacterias y hongos, incluso en presencia de materia org\u00e1nica.<\/p>\n<p>Su excelente compatibilidad con todo tipo de materiales lo convierte en un producto vers\u00e1til para la desinfecci\u00f3n completa de naves, locales e instalaciones de ganader\u00eda y otros recintos que alberguen animales. Asimismo puede usarse en la desinfecci\u00f3n de utensilios, maquinaria y aparatos. Tambi\u00e9n es eficaz en la desinfecci\u00f3n de medios de transporte de ganado, cl\u00ednicas veterinarias y \u00e1reas de estabulaci\u00f3n de animales.<\/p>\n<h2><span style=\"color: #011168;\">Aplicaciones<\/span><\/h2>\n<p><strong>SANITAS\u00ae Forte Vet<\/strong>\u00a0es un desinfectante de amplio espectro que puede utilizarse para la desinfecci\u00f3n de <strong>todo tipo de superficies<\/strong>. Puede aplicarse mediante frotamiento o pulverizaci\u00f3n, siendo igualmente eficaz de ambas maneras. Este desinfectante de amplio espectro est\u00e1 indicado para la desinfecci\u00f3n terminal de instalaciones por nebulizaci\u00f3n (desinfecci\u00f3n a\u00e9rea). Tambi\u00e9n puede utilizarse en la desinfecci\u00f3n de vados sanitarios.<\/p>\n<h2><span style=\"color: #011168;\">Modo de empleo<\/span><\/h2>\n<p>El producto se aplicar\u00e1 a la dosis recomendada, dej\u00e1ndolo secar en el lugar\u00a0de aplicaci\u00f3n o, si esto no fuese posible, permitiendo su acci\u00f3n durante al\u00a0menos 15 minutos. Puede desinfectar los utensilios o maquinaria por\u00a0inmersi\u00f3n en una soluci\u00f3n a la dosis se\u00f1alada de producto, durante un m\u00ednimo\u00a0de media hora, y aclarar luego con abundante agua, si su tama\u00f1o lo permite,\u00a0o bien ser desinfectar por pulverizaci\u00f3n.<\/p>\n<p>No reutilizar los envases. Eliminar los residuos de un modo adecuado.<\/p>\n<p><iframe src=\"https:\/\/www.youtube.com\/embed\/WadjbEWdjJ0\" width=\"560\" height=\"315\" frameborder=\"0\" allowfullscreen=\"allowfullscreen\"><\/iframe><\/p>\n","protected":false},"excerpt":{"rendered":"<p>&nbsp;<\/p>\n<p><img fetchpriority=\"high\" decoding=\"async\" class=\"alignnone size-full wp-image-1765\" src=\"https:\/\/www.zotal.com\/wp-content\/uploads\/2015\/09\/forte.jpg\" alt=\"forte\" width=\"296\" height=\"196\" \/><\/p>\n<p>&nbsp;<\/p>\n","protected":false},"featured_media":607,"comment_status":"closed","ping_status":"closed","template":"","meta":{"_acf_changed":false,"inline_featured_image":false},"product_brand":[],"product_cat":[184],"product_tag":[755,1042,756,757],"class_list":{"0":"post-14868","1":"product","2":"type-product","3":"status-publish","4":"has-post-thumbnail","6":"product_cat-disinfectants","7":"product_tag-bactericides","8":"product_tag-desinfectante-uso-ganadero-en","9":"product_tag-fungicides","10":"product_tag-pesticides","12":"first","13":"instock","14":"shipping-taxable","15":"product-type-simple"},"acf":[],"yoast_head":"<!-- This site is optimized with the Yoast SEO plugin v26.8 - https:\/\/yoast.com\/product\/yoast-seo-wordpress\/ -->\n<title>SANITAS\u00ae Forte Vet: Desinfectante de Amplio Espectro | ZOTAL<\/title>\n<meta name=\"description\" content=\"SANITAS\u00ae Forte Vet es un desinfectante de amplio espectro para uso ganadero. Autorizado para uso en industria alimentaria.\" \/>\n<meta name=\"robots\" content=\"index, follow, max-snippet:-1, max-image-preview:large, max-video-preview:-1\" \/>\n<link rel=\"canonical\" href=\"https:\/\/www.zotal.com\/en\/products\/disinfectants\/sanitasforte-vet\/\" \/>\n<meta property=\"og:locale\" content=\"en_US\" \/>\n<meta property=\"og:type\" content=\"article\" \/>\n<meta property=\"og:title\" content=\"SANITAS\u00ae Forte Vet: Desinfectante de Amplio Espectro | ZOTAL\" \/>\n<meta property=\"og:description\" content=\"SANITAS\u00ae Forte Vet es un desinfectante de amplio espectro para uso ganadero. Autorizado para uso en industria alimentaria.\" \/>\n<meta property=\"og:url\" content=\"https:\/\/www.zotal.com\/en\/products\/disinfectants\/sanitasforte-vet\/\" \/>\n<meta property=\"og:site_name\" content=\"Zotal\" \/>\n<meta property=\"article:publisher\" content=\"https:\/\/www.facebook.com\/zotallaboratorios\" \/>\n<meta property=\"article:modified_time\" content=\"2026-02-26T11:30:02+00:00\" \/>\n<meta property=\"og:image\" content=\"https:\/\/www.zotal.com\/wp-content\/uploads\/2015\/09\/SANITAS___Forte__5369df0839e1c.jpg\" \/>\n\t<meta property=\"og:image:width\" content=\"2480\" \/>\n\t<meta property=\"og:image:height\" content=\"2480\" \/>\n\t<meta property=\"og:image:type\" content=\"image\/jpeg\" \/>\n<meta name=\"twitter:card\" content=\"summary_large_image\" \/>\n<meta name=\"twitter:site\" content=\"@zotallabs\" \/>\n<meta name=\"twitter:label1\" content=\"Est. reading time\" \/>\n\t<meta name=\"twitter:data1\" content=\"2 minutes\" \/>\n<script type=\"application\/ld+json\" class=\"yoast-schema-graph\">{\"@context\":\"https:\/\/schema.org\",\"@graph\":[{\"@type\":\"WebPage\",\"@id\":\"https:\/\/www.zotal.com\/en\/products\/disinfectants\/sanitasforte-vet\/\",\"url\":\"https:\/\/www.zotal.com\/en\/products\/disinfectants\/sanitasforte-vet\/\",\"name\":\"SANITAS\u00ae Forte Vet: Desinfectante de Amplio Espectro | ZOTAL\",\"isPartOf\":{\"@id\":\"https:\/\/www.zotal.com\/en\/#website\"},\"primaryImageOfPage\":{\"@id\":\"https:\/\/www.zotal.com\/en\/products\/disinfectants\/sanitasforte-vet\/#primaryimage\"},\"image\":{\"@id\":\"https:\/\/www.zotal.com\/en\/products\/disinfectants\/sanitasforte-vet\/#primaryimage\"},\"thumbnailUrl\":\"https:\/\/www.zotal.com\/wp-content\/uploads\/2015\/09\/SANITAS___Forte__5369df0839e1c.jpg\",\"datePublished\":\"2023-05-23T08:10:47+00:00\",\"dateModified\":\"2026-02-26T11:30:02+00:00\",\"description\":\"SANITAS\u00ae Forte Vet es un desinfectante de amplio espectro para uso ganadero. Autorizado para uso en industria alimentaria.\",\"breadcrumb\":{\"@id\":\"https:\/\/www.zotal.com\/en\/products\/disinfectants\/sanitasforte-vet\/#breadcrumb\"},\"inLanguage\":\"en-US\",\"potentialAction\":[{\"@type\":\"ReadAction\",\"target\":[\"https:\/\/www.zotal.com\/en\/products\/disinfectants\/sanitasforte-vet\/\"]}]},{\"@type\":\"ImageObject\",\"inLanguage\":\"en-US\",\"@id\":\"https:\/\/www.zotal.com\/en\/products\/disinfectants\/sanitasforte-vet\/#primaryimage\",\"url\":\"https:\/\/www.zotal.com\/wp-content\/uploads\/2015\/09\/SANITAS___Forte__5369df0839e1c.jpg\",\"contentUrl\":\"https:\/\/www.zotal.com\/wp-content\/uploads\/2015\/09\/SANITAS___Forte__5369df0839e1c.jpg\",\"width\":2480,\"height\":2480},{\"@type\":\"BreadcrumbList\",\"@id\":\"https:\/\/www.zotal.com\/en\/products\/disinfectants\/sanitasforte-vet\/#breadcrumb\",\"itemListElement\":[{\"@type\":\"ListItem\",\"position\":1,\"name\":\"Portada\",\"item\":\"https:\/\/www.zotal.com\/\"},{\"@type\":\"ListItem\",\"position\":2,\"name\":\"Productos\",\"item\":\"https:\/\/www.zotal.com\/shop\/\"},{\"@type\":\"ListItem\",\"position\":3,\"name\":\"SANITAS\u00aeForte Vet\"}]},{\"@type\":\"WebSite\",\"@id\":\"https:\/\/www.zotal.com\/en\/#website\",\"url\":\"https:\/\/www.zotal.com\/en\/\",\"name\":\"Zotal\",\"description\":\"\",\"publisher\":{\"@id\":\"https:\/\/www.zotal.com\/en\/#organization\"},\"potentialAction\":[{\"@type\":\"SearchAction\",\"target\":{\"@type\":\"EntryPoint\",\"urlTemplate\":\"https:\/\/www.zotal.com\/en\/?s={search_term_string}\"},\"query-input\":{\"@type\":\"PropertyValueSpecification\",\"valueRequired\":true,\"valueName\":\"search_term_string\"}}],\"inLanguage\":\"en-US\"},{\"@type\":\"Organization\",\"@id\":\"https:\/\/www.zotal.com\/en\/#organization\",\"name\":\"Zotal Laboratorios\",\"url\":\"https:\/\/www.zotal.com\/en\/\",\"logo\":{\"@type\":\"ImageObject\",\"inLanguage\":\"en-US\",\"@id\":\"https:\/\/www.zotal.com\/en\/#\/schema\/logo\/image\/\",\"url\":\"https:\/\/www.zotal.com\/wp-content\/uploads\/2015\/08\/zotallogotipo.jpg\",\"contentUrl\":\"https:\/\/www.zotal.com\/wp-content\/uploads\/2015\/08\/zotallogotipo.jpg\",\"width\":706,\"height\":417,\"caption\":\"Zotal Laboratorios\"},\"image\":{\"@id\":\"https:\/\/www.zotal.com\/en\/#\/schema\/logo\/image\/\"},\"sameAs\":[\"https:\/\/www.facebook.com\/zotallaboratorios\",\"https:\/\/x.com\/zotallabs\",\"https:\/\/es.linkedin.com\/company\/laboratorios-zotal\",\"https:\/\/es.pinterest.com\/zotallabs\/\",\"https:\/\/www.youtube.com\/channel\/UCrNub93hYlNNSerE8khX8JQ\"]}]}<\/script>\n<!-- \/ Yoast SEO plugin. -->","yoast_head_json":{"title":"SANITAS\u00ae Forte Vet: Desinfectante de Amplio Espectro | ZOTAL","description":"SANITAS\u00ae Forte Vet es un desinfectante de amplio espectro para uso ganadero. Autorizado para uso en industria alimentaria.","robots":{"index":"index","follow":"follow","max-snippet":"max-snippet:-1","max-image-preview":"max-image-preview:large","max-video-preview":"max-video-preview:-1"},"canonical":"https:\/\/www.zotal.com\/en\/products\/disinfectants\/sanitasforte-vet\/","og_locale":"en_US","og_type":"article","og_title":"SANITAS\u00ae Forte Vet: Desinfectante de Amplio Espectro | ZOTAL","og_description":"SANITAS\u00ae Forte Vet es un desinfectante de amplio espectro para uso ganadero. Autorizado para uso en industria alimentaria.","og_url":"https:\/\/www.zotal.com\/en\/products\/disinfectants\/sanitasforte-vet\/","og_site_name":"Zotal","article_publisher":"https:\/\/www.facebook.com\/zotallaboratorios","article_modified_time":"2026-02-26T11:30:02+00:00","og_image":[{"width":2480,"height":2480,"url":"https:\/\/www.zotal.com\/wp-content\/uploads\/2015\/09\/SANITAS___Forte__5369df0839e1c.jpg","type":"image\/jpeg"}],"twitter_card":"summary_large_image","twitter_site":"@zotallabs","twitter_misc":{"Est. reading time":"2 minutes"},"schema":{"@context":"https:\/\/schema.org","@graph":[{"@type":"WebPage","@id":"https:\/\/www.zotal.com\/en\/products\/disinfectants\/sanitasforte-vet\/","url":"https:\/\/www.zotal.com\/en\/products\/disinfectants\/sanitasforte-vet\/","name":"SANITAS\u00ae Forte Vet: Desinfectante de Amplio Espectro | ZOTAL","isPartOf":{"@id":"https:\/\/www.zotal.com\/en\/#website"},"primaryImageOfPage":{"@id":"https:\/\/www.zotal.com\/en\/products\/disinfectants\/sanitasforte-vet\/#primaryimage"},"image":{"@id":"https:\/\/www.zotal.com\/en\/products\/disinfectants\/sanitasforte-vet\/#primaryimage"},"thumbnailUrl":"https:\/\/www.zotal.com\/wp-content\/uploads\/2015\/09\/SANITAS___Forte__5369df0839e1c.jpg","datePublished":"2023-05-23T08:10:47+00:00","dateModified":"2026-02-26T11:30:02+00:00","description":"SANITAS\u00ae Forte Vet es un desinfectante de amplio espectro para uso ganadero. Autorizado para uso en industria alimentaria.","breadcrumb":{"@id":"https:\/\/www.zotal.com\/en\/products\/disinfectants\/sanitasforte-vet\/#breadcrumb"},"inLanguage":"en-US","potentialAction":[{"@type":"ReadAction","target":["https:\/\/www.zotal.com\/en\/products\/disinfectants\/sanitasforte-vet\/"]}]},{"@type":"ImageObject","inLanguage":"en-US","@id":"https:\/\/www.zotal.com\/en\/products\/disinfectants\/sanitasforte-vet\/#primaryimage","url":"https:\/\/www.zotal.com\/wp-content\/uploads\/2015\/09\/SANITAS___Forte__5369df0839e1c.jpg","contentUrl":"https:\/\/www.zotal.com\/wp-content\/uploads\/2015\/09\/SANITAS___Forte__5369df0839e1c.jpg","width":2480,"height":2480},{"@type":"BreadcrumbList","@id":"https:\/\/www.zotal.com\/en\/products\/disinfectants\/sanitasforte-vet\/#breadcrumb","itemListElement":[{"@type":"ListItem","position":1,"name":"Portada","item":"https:\/\/www.zotal.com\/"},{"@type":"ListItem","position":2,"name":"Productos","item":"https:\/\/www.zotal.com\/shop\/"},{"@type":"ListItem","position":3,"name":"SANITAS\u00aeForte Vet"}]},{"@type":"WebSite","@id":"https:\/\/www.zotal.com\/en\/#website","url":"https:\/\/www.zotal.com\/en\/","name":"Zotal","description":"","publisher":{"@id":"https:\/\/www.zotal.com\/en\/#organization"},"potentialAction":[{"@type":"SearchAction","target":{"@type":"EntryPoint","urlTemplate":"https:\/\/www.zotal.com\/en\/?s={search_term_string}"},"query-input":{"@type":"PropertyValueSpecification","valueRequired":true,"valueName":"search_term_string"}}],"inLanguage":"en-US"},{"@type":"Organization","@id":"https:\/\/www.zotal.com\/en\/#organization","name":"Zotal Laboratorios","url":"https:\/\/www.zotal.com\/en\/","logo":{"@type":"ImageObject","inLanguage":"en-US","@id":"https:\/\/www.zotal.com\/en\/#\/schema\/logo\/image\/","url":"https:\/\/www.zotal.com\/wp-content\/uploads\/2015\/08\/zotallogotipo.jpg","contentUrl":"https:\/\/www.zotal.com\/wp-content\/uploads\/2015\/08\/zotallogotipo.jpg","width":706,"height":417,"caption":"Zotal Laboratorios"},"image":{"@id":"https:\/\/www.zotal.com\/en\/#\/schema\/logo\/image\/"},"sameAs":["https:\/\/www.facebook.com\/zotallaboratorios","https:\/\/x.com\/zotallabs","https:\/\/es.linkedin.com\/company\/laboratorios-zotal","https:\/\/es.pinterest.com\/zotallabs\/","https:\/\/www.youtube.com\/channel\/UCrNub93hYlNNSerE8khX8JQ"]}]}},"_links":{"self":[{"href":"https:\/\/www.zotal.com\/en\/wp-json\/wp\/v2\/product\/14868","targetHints":{"allow":["GET"]}}],"collection":[{"href":"https:\/\/www.zotal.com\/en\/wp-json\/wp\/v2\/product"}],"about":[{"href":"https:\/\/www.zotal.com\/en\/wp-json\/wp\/v2\/types\/product"}],"replies":[{"embeddable":true,"href":"https:\/\/www.zotal.com\/en\/wp-json\/wp\/v2\/comments?post=14868"}],"wp:featuredmedia":[{"embeddable":true,"href":"https:\/\/www.zotal.com\/en\/wp-json\/wp\/v2\/media\/607"}],"wp:attachment":[{"href":"https:\/\/www.zotal.com\/en\/wp-json\/wp\/v2\/media?parent=14868"}],"wp:term":[{"taxonomy":"product_brand","embeddable":true,"href":"https:\/\/www.zotal.com\/en\/wp-json\/wp\/v2\/product_brand?post=14868"},{"taxonomy":"product_cat","embeddable":true,"href":"https:\/\/www.zotal.com\/en\/wp-json\/wp\/v2\/product_cat?post=14868"},{"taxonomy":"product_tag","embeddable":true,"href":"https:\/\/www.zotal.com\/en\/wp-json\/wp\/v2\/product_tag?post=14868"}],"curies":[{"name":"wp","href":"https:\/\/api.w.org\/{rel}","templated":true}]}}