{"id":18833,"date":"2024-03-19T12:57:41","date_gmt":"2024-03-19T11:57:41","guid":{"rendered":"https:\/\/www.zotal.com\/?post_type=product&#038;p=18833"},"modified":"2024-07-01T14:21:00","modified_gmt":"2024-07-01T12:21:00","slug":"arpon-diptron","status":"publish","type":"product","link":"https:\/\/www.zotal.com\/en\/products\/insecticides\/arpon-diptron\/","title":{"rendered":"ARPON\u00ae Diptron"},"content":{"rendered":"<p class=\"s2\"><strong><span class=\"s3\">ARPON<\/span> <span class=\"s3\">D<\/span><span class=\"s3\">iptron<\/span><\/strong><span class=\"s3\"> es un <\/span><span class=\"s3\">lnsecticida<\/span><span class=\"s3\">-Larvicida de amplio espectro de acci\u00f3n para uso en el entorno ganadero. <\/span><span class=\"s3\">Formulado con la revolucionaria materia activa <\/span><span class=\"s3\">Etofenprox<\/span><span class=\"s3\"> (mol\u00e9cula de \u00faltima generaci\u00f3n con triple acci\u00f3n insecticida, acaricida y larvicida) y potenciado con <\/span><span class=\"s3\">but\u00f3xido<\/span><span class=\"s3\"> de <\/span><span class=\"s3\">piperonilo<\/span><span class=\"s3\"> que multiplica su eficacia hasta 10 veces. <\/span><span class=\"s3\">Etofenprox<\/span><span class=\"s3\"> es un derivado de los <\/span><span class=\"s3\">piretoides<\/span><span class=\"s3\"> que act\u00faa por contacto e ingesti\u00f3n afectando al sistema nervioso de los insectos. Presenta gran eficacia y persistencia frente a insectos voladores y rastreros (garrapatas, cucarachas, pulgas, moscas, mosquitos, <\/span>\u00e1caro rojo, escarabajo del esti\u00e9rcol<span class=\"s3\">&#8230;).<\/span><\/p>\n<h2 class=\"s2\"><strong>Ventajas<\/strong><\/h2>\n<ul>\n<li class=\"s6\"><span class=\"s3\">Altamente eficaz, combate cepas resistentes de manera instant\u00e1nea (cucarachas, moscas, mosquitos).<\/span><\/li>\n<li class=\"s6\"><span class=\"s3\">Amplio espectro de acci\u00f3n, tambi\u00e9n como larvicida de moscas y mosquitos. Voladores: moscas, mosquitos&#8230; Rastreros: <\/span><span class=\"s3\">Alphitobius<\/span> <span class=\"s3\">diaperinus<\/span><span class=\"s3\">, \u00c1caro rojo, Cucarachas, Chinches, Pulgas&#8230;<\/span><\/li>\n<li class=\"s6\"><span class=\"s3\">Extraordinario y r\u00e1pido efecto volteo sin desalojo.<\/span><\/li>\n<li class=\"s6\"><span class=\"s3\">Excelente persistencia.<\/span><\/li>\n<li class=\"s6\"><span class=\"s3\">DL<\/span><span class=\"s7\">50<\/span><span class=\"s3\"> alt\u00edsima (m\u00e1s seguro). La toxicidad de <\/span><span class=\"s3\">Etofenprox<\/span><span class=\"s3\"> es muy inferior al resto de insecticidas.<\/span><\/li>\n<li class=\"s6\"><span class=\"s3\">Muy estable. No huele, no mancha, no pica. No inflamable.<\/span><\/li>\n<\/ul>\n<h2><strong>Aplicaciones<\/strong><\/h2>\n<p class=\"s2\"><strong><span class=\"s3\">ARPON<\/span> <span class=\"s3\">Diptron<\/span><\/strong><span class=\"s3\"> es un In<\/span><span class=\"s3\">secticida, Larvicida indicado para la eliminaci\u00f3n de insectos rastreros y voladores, (moscas, mosquitos, pulgas y garrapatas, piojos, \u00e1caro rojo, escarabajo del esti\u00e9rcol&#8230;). Ideal para aplicar en entornos ganaderos. <\/span><span class=\"s3\">Funciona por contacto e ingesti\u00f3n y afecta al sistema nervioso de los insectos. Tiene un buen efecto residual.\u00a0 <\/span><span class=\"s3\">Para uso e<\/span><span class=\"s3\">n entornos ganaderos<\/span><span class=\"s3\">.<\/span><\/p>\n<h2><strong>Modo de aplicaci\u00f3n<\/strong><\/h2>\n<p class=\"s2\"><span class=\"s3\">Se puede usar mediante pulverizaci\u00f3n o nebulizaci\u00f3n del producto diluido en agua. Se puede aplicar en la s<\/span><span class=\"s3\">u<\/span><span class=\"s3\">perficie de jaulas, comederos, bebederos, paredes, suelos, grietas, ranuras y escondrijos. <\/span><span class=\"s3\">Debe aplicarse a la dosis recomendada, diluido al 1,5% en agua.<\/span><\/p>\n<p>&nbsp;<\/p>\n","protected":false},"excerpt":{"rendered":"<p>ARPON\u00ae Actisan is an emulsifiable concentrated liquid disinfectant and insecticide. Three active ingredients (Glutaraldehyde, didecyl dimethyl ammonium chloride, and alkyl dimethyl benzyl ammonium chloride) are combined to exercise a very wide spectrum disinfectant action against bacteria, viruses and fungi. Its insecticide action is due to the two pyrethroids (Cypermethrin and Deltamethrin) in its formula. Both compounds possess an exceptional efficacy against all kinds of insects and mites, such as flies, mosquitoes, cockroaches, fleas, ants, spiders, ticks and others. Its excellent compatibility with all kinds of materials makes it a versatile product for the complete disinfection and elimination of insects from all kind of buildings, sheds and facilities used for livestock, poultry (broilers, layers and incubation rooms) and rabbit farming, kennels and other areas which house animals. It can also be used in the disinfection and elimination of insects from machinery and equipment, as well as for the treatment of livestock transportation vehicles, veterinary clinics (areas destined for animals, hospitalization cages, etc) and slaughterhouses (animal stabling area).<\/p>\n<p><img fetchpriority=\"high\" decoding=\"async\" class=\"alignnone size-full wp-image-1752\" src=\"https:\/\/www.zotal.com\/wp-content\/uploads\/2015\/09\/actisan.jpg\" alt=\"actisan\" width=\"296\" height=\"196\" \/><\/p>\n","protected":false},"featured_media":18835,"comment_status":"open","ping_status":"closed","template":"","meta":{"_acf_changed":false,"inline_featured_image":false},"product_brand":[],"product_cat":[187],"product_tag":[1387,757],"class_list":{"0":"post-18833","1":"product","2":"type-product","3":"status-publish","4":"has-post-thumbnail","6":"product_cat-insecticides","7":"product_tag-insecticida-uso-ganadero-en","8":"product_tag-pesticides","10":"first","11":"instock","12":"shipping-taxable","13":"product-type-simple"},"acf":[],"yoast_head":"<!-- This site is optimized with the Yoast SEO plugin v26.8 - https:\/\/yoast.com\/product\/yoast-seo-wordpress\/ -->\n<title>ARPON\u00ae Actisan: Insecticidae liquid | ZOTAL<\/title>\n<meta name=\"description\" content=\"ARPON\u00ae Actisan is an emulsifiable concentrated liquid disinfectant and insecticide. The ingredients are combined to exercise a very wide spectrum disinfectant action\" \/>\n<meta name=\"robots\" content=\"index, follow, max-snippet:-1, max-image-preview:large, max-video-preview:-1\" \/>\n<link rel=\"canonical\" href=\"https:\/\/www.zotal.com\/en\/products\/insecticides\/arpon-diptron\/\" \/>\n<meta property=\"og:locale\" content=\"en_US\" \/>\n<meta property=\"og:type\" content=\"article\" \/>\n<meta property=\"og:title\" content=\"ARPON\u00ae Actisan: Insecticidae liquid | ZOTAL\" \/>\n<meta property=\"og:description\" content=\"ARPON\u00ae Actisan is an emulsifiable concentrated liquid disinfectant and insecticide. The ingredients are combined to exercise a very wide spectrum disinfectant action\" \/>\n<meta property=\"og:url\" content=\"https:\/\/www.zotal.com\/en\/products\/insecticides\/arpon-diptron\/\" \/>\n<meta property=\"og:site_name\" content=\"Zotal\" \/>\n<meta property=\"article:publisher\" content=\"https:\/\/www.facebook.com\/zotallaboratorios\" \/>\n<meta property=\"article:modified_time\" content=\"2024-07-01T12:21:00+00:00\" \/>\n<meta property=\"og:image\" content=\"https:\/\/www.zotal.com\/wp-content\/uploads\/2024\/03\/zotal_arpon_diptron.jpg\" \/>\n\t<meta property=\"og:image:width\" content=\"600\" \/>\n\t<meta property=\"og:image:height\" content=\"600\" \/>\n\t<meta property=\"og:image:type\" content=\"image\/jpeg\" \/>\n<meta name=\"twitter:card\" content=\"summary_large_image\" \/>\n<meta name=\"twitter:site\" content=\"@zotallabs\" \/>\n<meta name=\"twitter:label1\" content=\"Est. reading time\" \/>\n\t<meta name=\"twitter:data1\" content=\"2 minutes\" \/>\n<script type=\"application\/ld+json\" class=\"yoast-schema-graph\">{\"@context\":\"https:\/\/schema.org\",\"@graph\":[{\"@type\":\"WebPage\",\"@id\":\"https:\/\/www.zotal.com\/en\/products\/insecticides\/arpon-diptron\/\",\"url\":\"https:\/\/www.zotal.com\/en\/products\/insecticides\/arpon-diptron\/\",\"name\":\"ARPON\u00ae Actisan: Insecticidae liquid | ZOTAL\",\"isPartOf\":{\"@id\":\"https:\/\/www.zotal.com\/en\/#website\"},\"primaryImageOfPage\":{\"@id\":\"https:\/\/www.zotal.com\/en\/products\/insecticides\/arpon-diptron\/#primaryimage\"},\"image\":{\"@id\":\"https:\/\/www.zotal.com\/en\/products\/insecticides\/arpon-diptron\/#primaryimage\"},\"thumbnailUrl\":\"https:\/\/www.zotal.com\/wp-content\/uploads\/2024\/03\/zotal_arpon_diptron.jpg\",\"datePublished\":\"2024-03-19T11:57:41+00:00\",\"dateModified\":\"2024-07-01T12:21:00+00:00\",\"description\":\"ARPON\u00ae Actisan is an emulsifiable concentrated liquid disinfectant and insecticide. The ingredients are combined to exercise a very wide spectrum disinfectant action\",\"breadcrumb\":{\"@id\":\"https:\/\/www.zotal.com\/en\/products\/insecticides\/arpon-diptron\/#breadcrumb\"},\"inLanguage\":\"en-US\",\"potentialAction\":[{\"@type\":\"ReadAction\",\"target\":[\"https:\/\/www.zotal.com\/en\/products\/insecticides\/arpon-diptron\/\"]}]},{\"@type\":\"ImageObject\",\"inLanguage\":\"en-US\",\"@id\":\"https:\/\/www.zotal.com\/en\/products\/insecticides\/arpon-diptron\/#primaryimage\",\"url\":\"https:\/\/www.zotal.com\/wp-content\/uploads\/2024\/03\/zotal_arpon_diptron.jpg\",\"contentUrl\":\"https:\/\/www.zotal.com\/wp-content\/uploads\/2024\/03\/zotal_arpon_diptron.jpg\",\"width\":600,\"height\":600},{\"@type\":\"BreadcrumbList\",\"@id\":\"https:\/\/www.zotal.com\/en\/products\/insecticides\/arpon-diptron\/#breadcrumb\",\"itemListElement\":[{\"@type\":\"ListItem\",\"position\":1,\"name\":\"Portada\",\"item\":\"https:\/\/www.zotal.com\/\"},{\"@type\":\"ListItem\",\"position\":2,\"name\":\"Productos\",\"item\":\"https:\/\/www.zotal.com\/shop\/\"},{\"@type\":\"ListItem\",\"position\":3,\"name\":\"ARPON\u00ae Diptron\"}]},{\"@type\":\"WebSite\",\"@id\":\"https:\/\/www.zotal.com\/en\/#website\",\"url\":\"https:\/\/www.zotal.com\/en\/\",\"name\":\"Zotal\",\"description\":\"\",\"publisher\":{\"@id\":\"https:\/\/www.zotal.com\/en\/#organization\"},\"potentialAction\":[{\"@type\":\"SearchAction\",\"target\":{\"@type\":\"EntryPoint\",\"urlTemplate\":\"https:\/\/www.zotal.com\/en\/?s={search_term_string}\"},\"query-input\":{\"@type\":\"PropertyValueSpecification\",\"valueRequired\":true,\"valueName\":\"search_term_string\"}}],\"inLanguage\":\"en-US\"},{\"@type\":\"Organization\",\"@id\":\"https:\/\/www.zotal.com\/en\/#organization\",\"name\":\"Zotal Laboratorios\",\"url\":\"https:\/\/www.zotal.com\/en\/\",\"logo\":{\"@type\":\"ImageObject\",\"inLanguage\":\"en-US\",\"@id\":\"https:\/\/www.zotal.com\/en\/#\/schema\/logo\/image\/\",\"url\":\"https:\/\/www.zotal.com\/wp-content\/uploads\/2015\/08\/zotallogotipo.jpg\",\"contentUrl\":\"https:\/\/www.zotal.com\/wp-content\/uploads\/2015\/08\/zotallogotipo.jpg\",\"width\":706,\"height\":417,\"caption\":\"Zotal Laboratorios\"},\"image\":{\"@id\":\"https:\/\/www.zotal.com\/en\/#\/schema\/logo\/image\/\"},\"sameAs\":[\"https:\/\/www.facebook.com\/zotallaboratorios\",\"https:\/\/x.com\/zotallabs\",\"https:\/\/es.linkedin.com\/company\/laboratorios-zotal\",\"https:\/\/es.pinterest.com\/zotallabs\/\",\"https:\/\/www.youtube.com\/channel\/UCrNub93hYlNNSerE8khX8JQ\"]}]}<\/script>\n<!-- \/ Yoast SEO plugin. -->","yoast_head_json":{"title":"ARPON\u00ae Actisan: Insecticidae liquid | ZOTAL","description":"ARPON\u00ae Actisan is an emulsifiable concentrated liquid disinfectant and insecticide. The ingredients are combined to exercise a very wide spectrum disinfectant action","robots":{"index":"index","follow":"follow","max-snippet":"max-snippet:-1","max-image-preview":"max-image-preview:large","max-video-preview":"max-video-preview:-1"},"canonical":"https:\/\/www.zotal.com\/en\/products\/insecticides\/arpon-diptron\/","og_locale":"en_US","og_type":"article","og_title":"ARPON\u00ae Actisan: Insecticidae liquid | ZOTAL","og_description":"ARPON\u00ae Actisan is an emulsifiable concentrated liquid disinfectant and insecticide. The ingredients are combined to exercise a very wide spectrum disinfectant action","og_url":"https:\/\/www.zotal.com\/en\/products\/insecticides\/arpon-diptron\/","og_site_name":"Zotal","article_publisher":"https:\/\/www.facebook.com\/zotallaboratorios","article_modified_time":"2024-07-01T12:21:00+00:00","og_image":[{"width":600,"height":600,"url":"https:\/\/www.zotal.com\/wp-content\/uploads\/2024\/03\/zotal_arpon_diptron.jpg","type":"image\/jpeg"}],"twitter_card":"summary_large_image","twitter_site":"@zotallabs","twitter_misc":{"Est. reading time":"2 minutes"},"schema":{"@context":"https:\/\/schema.org","@graph":[{"@type":"WebPage","@id":"https:\/\/www.zotal.com\/en\/products\/insecticides\/arpon-diptron\/","url":"https:\/\/www.zotal.com\/en\/products\/insecticides\/arpon-diptron\/","name":"ARPON\u00ae Actisan: Insecticidae liquid | ZOTAL","isPartOf":{"@id":"https:\/\/www.zotal.com\/en\/#website"},"primaryImageOfPage":{"@id":"https:\/\/www.zotal.com\/en\/products\/insecticides\/arpon-diptron\/#primaryimage"},"image":{"@id":"https:\/\/www.zotal.com\/en\/products\/insecticides\/arpon-diptron\/#primaryimage"},"thumbnailUrl":"https:\/\/www.zotal.com\/wp-content\/uploads\/2024\/03\/zotal_arpon_diptron.jpg","datePublished":"2024-03-19T11:57:41+00:00","dateModified":"2024-07-01T12:21:00+00:00","description":"ARPON\u00ae Actisan is an emulsifiable concentrated liquid disinfectant and insecticide. The ingredients are combined to exercise a very wide spectrum disinfectant action","breadcrumb":{"@id":"https:\/\/www.zotal.com\/en\/products\/insecticides\/arpon-diptron\/#breadcrumb"},"inLanguage":"en-US","potentialAction":[{"@type":"ReadAction","target":["https:\/\/www.zotal.com\/en\/products\/insecticides\/arpon-diptron\/"]}]},{"@type":"ImageObject","inLanguage":"en-US","@id":"https:\/\/www.zotal.com\/en\/products\/insecticides\/arpon-diptron\/#primaryimage","url":"https:\/\/www.zotal.com\/wp-content\/uploads\/2024\/03\/zotal_arpon_diptron.jpg","contentUrl":"https:\/\/www.zotal.com\/wp-content\/uploads\/2024\/03\/zotal_arpon_diptron.jpg","width":600,"height":600},{"@type":"BreadcrumbList","@id":"https:\/\/www.zotal.com\/en\/products\/insecticides\/arpon-diptron\/#breadcrumb","itemListElement":[{"@type":"ListItem","position":1,"name":"Portada","item":"https:\/\/www.zotal.com\/"},{"@type":"ListItem","position":2,"name":"Productos","item":"https:\/\/www.zotal.com\/shop\/"},{"@type":"ListItem","position":3,"name":"ARPON\u00ae Diptron"}]},{"@type":"WebSite","@id":"https:\/\/www.zotal.com\/en\/#website","url":"https:\/\/www.zotal.com\/en\/","name":"Zotal","description":"","publisher":{"@id":"https:\/\/www.zotal.com\/en\/#organization"},"potentialAction":[{"@type":"SearchAction","target":{"@type":"EntryPoint","urlTemplate":"https:\/\/www.zotal.com\/en\/?s={search_term_string}"},"query-input":{"@type":"PropertyValueSpecification","valueRequired":true,"valueName":"search_term_string"}}],"inLanguage":"en-US"},{"@type":"Organization","@id":"https:\/\/www.zotal.com\/en\/#organization","name":"Zotal Laboratorios","url":"https:\/\/www.zotal.com\/en\/","logo":{"@type":"ImageObject","inLanguage":"en-US","@id":"https:\/\/www.zotal.com\/en\/#\/schema\/logo\/image\/","url":"https:\/\/www.zotal.com\/wp-content\/uploads\/2015\/08\/zotallogotipo.jpg","contentUrl":"https:\/\/www.zotal.com\/wp-content\/uploads\/2015\/08\/zotallogotipo.jpg","width":706,"height":417,"caption":"Zotal Laboratorios"},"image":{"@id":"https:\/\/www.zotal.com\/en\/#\/schema\/logo\/image\/"},"sameAs":["https:\/\/www.facebook.com\/zotallaboratorios","https:\/\/x.com\/zotallabs","https:\/\/es.linkedin.com\/company\/laboratorios-zotal","https:\/\/es.pinterest.com\/zotallabs\/","https:\/\/www.youtube.com\/channel\/UCrNub93hYlNNSerE8khX8JQ"]}]}},"_links":{"self":[{"href":"https:\/\/www.zotal.com\/en\/wp-json\/wp\/v2\/product\/18833","targetHints":{"allow":["GET"]}}],"collection":[{"href":"https:\/\/www.zotal.com\/en\/wp-json\/wp\/v2\/product"}],"about":[{"href":"https:\/\/www.zotal.com\/en\/wp-json\/wp\/v2\/types\/product"}],"replies":[{"embeddable":true,"href":"https:\/\/www.zotal.com\/en\/wp-json\/wp\/v2\/comments?post=18833"}],"wp:featuredmedia":[{"embeddable":true,"href":"https:\/\/www.zotal.com\/en\/wp-json\/wp\/v2\/media\/18835"}],"wp:attachment":[{"href":"https:\/\/www.zotal.com\/en\/wp-json\/wp\/v2\/media?parent=18833"}],"wp:term":[{"taxonomy":"product_brand","embeddable":true,"href":"https:\/\/www.zotal.com\/en\/wp-json\/wp\/v2\/product_brand?post=18833"},{"taxonomy":"product_cat","embeddable":true,"href":"https:\/\/www.zotal.com\/en\/wp-json\/wp\/v2\/product_cat?post=18833"},{"taxonomy":"product_tag","embeddable":true,"href":"https:\/\/www.zotal.com\/en\/wp-json\/wp\/v2\/product_tag?post=18833"}],"curies":[{"name":"wp","href":"https:\/\/api.w.org\/{rel}","templated":true}]}}