{"id":19454,"date":"2024-05-21T11:35:32","date_gmt":"2024-05-21T09:35:32","guid":{"rendered":"https:\/\/www.zotal.com\/?post_type=product&#038;p=19454"},"modified":"2024-07-12T12:36:03","modified_gmt":"2024-07-12T10:36:03","slug":"letal-avispas-y-nidos-i-97","status":"publish","type":"product","link":"https:\/\/www.zotal.com\/en\/products\/insecticides\/letal-avispas-y-nidos-i-97\/","title":{"rendered":"LETAL\u00ae <br>Avispas y Nidos <br> I-97"},"content":{"rendered":"<p class=\"p1\">Insecticida de r\u00e1pida y gran actividad sobre avispas, sus nidos y avispones. Dispone de un <strong>pulverizador de largo alcance, hasta 4 metros.<\/strong><\/p>\n<p>&nbsp;<\/p>\n<p><img fetchpriority=\"high\" decoding=\"async\" class=\"alignnone wp-image-19563\" src=\"https:\/\/www.zotal.com\/wp-content\/uploads\/2024\/05\/Zotal_AvispasyNidos_grafico-300x139.png\" alt=\"\" width=\"352\" height=\"163\" srcset=\"https:\/\/www.zotal.com\/wp-content\/uploads\/2024\/05\/Zotal_AvispasyNidos_grafico-300x139.png 300w, https:\/\/www.zotal.com\/wp-content\/uploads\/2024\/05\/Zotal_AvispasyNidos_grafico-1024x476.png 1024w, https:\/\/www.zotal.com\/wp-content\/uploads\/2024\/05\/Zotal_AvispasyNidos_grafico-768x357.png 768w, https:\/\/www.zotal.com\/wp-content\/uploads\/2024\/05\/Zotal_AvispasyNidos_grafico-510x237.png 510w, https:\/\/www.zotal.com\/wp-content\/uploads\/2024\/05\/Zotal_AvispasyNidos_grafico.png 1428w\" sizes=\"(max-width: 352px) 100vw, 352px\" \/><\/p>\n<p>&nbsp;<\/p>\n<h2><strong>Aplicaciones<\/strong><\/h2>\n<p class=\"p1\"><strong>LETAL\u00ae Avispas y Nidos I-97<\/strong> es un insecticida para insectos voladores, en aerosol para uso por el p\u00fablico en general en base a paletrina y 1R-trans-fenotrina. Posee una r\u00e1pida y elevada actividad sobre avispas, sus nidos y avispones.<\/p>\n<h2><strong>Modo de Aplicaci\u00f3n<\/strong><\/h2>\n<p class=\"p1\"><strong>Pulverizar LETAL\u00ae Avispas y Nidos I-97<\/strong>, directamente sobre los nidos de las avispas, preferentemente a primera hora de la ma\u00f1ana o al atardecer, momento de menor presencia y actividad de estos insectos.<\/p>\n<p class=\"p1\"><b>Aplicaci\u00f3n en interiores: <\/b>pulverizaci\u00f3n a\u00e9rea del producto dirigida a las esquinas superiores del recinto, evitando pulverizar directamente sobre los objetos.<\/p>\n<p class=\"p1\"><b>Aplicaci\u00f3n en exteriores:<\/b> en espacios alrededor de edificaciones (porches, terrazas etc.), pulverizaci\u00f3n dirigida a paredes y suelos, no pudi\u00e9ndose aplicar de forma a\u00e9rea. Esperar unos minutos antes de dirigirse a la zona tratada.<\/p>\n","protected":false},"excerpt":{"rendered":"<p>Insecticida de r\u00e1pida y gran actividad sobre avispas, sus nidos y avispones. Dispone de un pulverizador de largo alcance, hasta 4 metros.<\/p>\n<p><img decoding=\"async\" class=\"alignnone wp-image-19457 size-full\" src=\"https:\/\/www.zotal.com\/wp-content\/uploads\/2024\/05\/Formatos_zotal_AvispasyNidos_I-97.png\" alt=\"\" width=\"296\" height=\"196\" \/><\/p>\n<p>&nbsp;<\/p>\n","protected":false},"featured_media":19790,"comment_status":"closed","ping_status":"closed","template":"","meta":{"_acf_changed":false,"inline_featured_image":false},"product_brand":[],"product_cat":[187],"product_tag":[1011,1387,757],"class_list":{"0":"post-19454","1":"product","2":"type-product","3":"status-publish","4":"has-post-thumbnail","6":"product_cat-insecticides","7":"product_tag-insecticida-uso-domestico-en","8":"product_tag-insecticida-uso-ganadero-en","9":"product_tag-pesticides","11":"first","12":"instock","13":"shipping-taxable","14":"product-type-simple"},"acf":[],"yoast_head":"<!-- This site is optimized with the Yoast SEO plugin v26.8 - https:\/\/yoast.com\/product\/yoast-seo-wordpress\/ -->\n<title>Insecticida laca LETAL\u00ae Laca Plus | Zotal<\/title>\n<meta name=\"description\" content=\"LETAL\u00ae AVISPAS Y NIDOS I-97 Insecticida de r\u00e1pida y gran actividad sobre avispas, sus nidos y avispones. Dispone de un pulverizador de largo alcance, hasta 4 metros.\" \/>\n<meta name=\"robots\" content=\"index, follow, max-snippet:-1, max-image-preview:large, max-video-preview:-1\" \/>\n<link rel=\"canonical\" href=\"https:\/\/www.zotal.com\/en\/products\/insecticides\/letal-avispas-y-nidos-i-97\/\" \/>\n<meta property=\"og:locale\" content=\"en_US\" \/>\n<meta property=\"og:type\" content=\"article\" \/>\n<meta property=\"og:title\" content=\"Insecticida laca LETAL\u00ae Laca Plus | Zotal\" \/>\n<meta property=\"og:description\" content=\"LETAL\u00ae AVISPAS Y NIDOS I-97 Insecticida de r\u00e1pida y gran actividad sobre avispas, sus nidos y avispones. Dispone de un pulverizador de largo alcance, hasta 4 metros.\" \/>\n<meta property=\"og:url\" content=\"https:\/\/www.zotal.com\/en\/products\/insecticides\/letal-avispas-y-nidos-i-97\/\" \/>\n<meta property=\"og:site_name\" content=\"Zotal\" \/>\n<meta property=\"article:publisher\" content=\"https:\/\/www.facebook.com\/zotallaboratorios\" \/>\n<meta property=\"article:modified_time\" content=\"2024-07-12T10:36:03+00:00\" \/>\n<meta property=\"og:image\" content=\"https:\/\/www.zotal.com\/wp-content\/uploads\/2024\/05\/zotal_AvispasyNidos_I-97-2.jpg\" \/>\n\t<meta property=\"og:image:width\" content=\"600\" \/>\n\t<meta property=\"og:image:height\" content=\"600\" \/>\n\t<meta property=\"og:image:type\" content=\"image\/jpeg\" \/>\n<meta name=\"twitter:card\" content=\"summary_large_image\" \/>\n<meta name=\"twitter:site\" content=\"@zotallabs\" \/>\n<meta name=\"twitter:label1\" content=\"Est. reading time\" \/>\n\t<meta name=\"twitter:data1\" content=\"2 minutes\" \/>\n<script type=\"application\/ld+json\" class=\"yoast-schema-graph\">{\"@context\":\"https:\/\/schema.org\",\"@graph\":[{\"@type\":\"WebPage\",\"@id\":\"https:\/\/www.zotal.com\/en\/products\/insecticides\/letal-avispas-y-nidos-i-97\/\",\"url\":\"https:\/\/www.zotal.com\/en\/products\/insecticides\/letal-avispas-y-nidos-i-97\/\",\"name\":\"Insecticida laca LETAL\u00ae Laca Plus | Zotal\",\"isPartOf\":{\"@id\":\"https:\/\/www.zotal.com\/en\/#website\"},\"primaryImageOfPage\":{\"@id\":\"https:\/\/www.zotal.com\/en\/products\/insecticides\/letal-avispas-y-nidos-i-97\/#primaryimage\"},\"image\":{\"@id\":\"https:\/\/www.zotal.com\/en\/products\/insecticides\/letal-avispas-y-nidos-i-97\/#primaryimage\"},\"thumbnailUrl\":\"https:\/\/www.zotal.com\/wp-content\/uploads\/2024\/05\/zotal_AvispasyNidos_I-97-2.jpg\",\"datePublished\":\"2024-05-21T09:35:32+00:00\",\"dateModified\":\"2024-07-12T10:36:03+00:00\",\"description\":\"LETAL\u00ae AVISPAS Y NIDOS I-97 Insecticida de r\u00e1pida y gran actividad sobre avispas, sus nidos y avispones. Dispone de un pulverizador de largo alcance, hasta 4 metros.\",\"breadcrumb\":{\"@id\":\"https:\/\/www.zotal.com\/en\/products\/insecticides\/letal-avispas-y-nidos-i-97\/#breadcrumb\"},\"inLanguage\":\"en-US\",\"potentialAction\":[{\"@type\":\"ReadAction\",\"target\":[\"https:\/\/www.zotal.com\/en\/products\/insecticides\/letal-avispas-y-nidos-i-97\/\"]}]},{\"@type\":\"ImageObject\",\"inLanguage\":\"en-US\",\"@id\":\"https:\/\/www.zotal.com\/en\/products\/insecticides\/letal-avispas-y-nidos-i-97\/#primaryimage\",\"url\":\"https:\/\/www.zotal.com\/wp-content\/uploads\/2024\/05\/zotal_AvispasyNidos_I-97-2.jpg\",\"contentUrl\":\"https:\/\/www.zotal.com\/wp-content\/uploads\/2024\/05\/zotal_AvispasyNidos_I-97-2.jpg\",\"width\":600,\"height\":600},{\"@type\":\"BreadcrumbList\",\"@id\":\"https:\/\/www.zotal.com\/en\/products\/insecticides\/letal-avispas-y-nidos-i-97\/#breadcrumb\",\"itemListElement\":[{\"@type\":\"ListItem\",\"position\":1,\"name\":\"Portada\",\"item\":\"https:\/\/www.zotal.com\/\"},{\"@type\":\"ListItem\",\"position\":2,\"name\":\"Productos\",\"item\":\"https:\/\/www.zotal.com\/shop\/\"},{\"@type\":\"ListItem\",\"position\":3,\"name\":\"LETAL\u00ae Avispas y Nidos I-97\"}]},{\"@type\":\"WebSite\",\"@id\":\"https:\/\/www.zotal.com\/en\/#website\",\"url\":\"https:\/\/www.zotal.com\/en\/\",\"name\":\"Zotal\",\"description\":\"\",\"publisher\":{\"@id\":\"https:\/\/www.zotal.com\/en\/#organization\"},\"potentialAction\":[{\"@type\":\"SearchAction\",\"target\":{\"@type\":\"EntryPoint\",\"urlTemplate\":\"https:\/\/www.zotal.com\/en\/?s={search_term_string}\"},\"query-input\":{\"@type\":\"PropertyValueSpecification\",\"valueRequired\":true,\"valueName\":\"search_term_string\"}}],\"inLanguage\":\"en-US\"},{\"@type\":\"Organization\",\"@id\":\"https:\/\/www.zotal.com\/en\/#organization\",\"name\":\"Zotal Laboratorios\",\"url\":\"https:\/\/www.zotal.com\/en\/\",\"logo\":{\"@type\":\"ImageObject\",\"inLanguage\":\"en-US\",\"@id\":\"https:\/\/www.zotal.com\/en\/#\/schema\/logo\/image\/\",\"url\":\"https:\/\/www.zotal.com\/wp-content\/uploads\/2015\/08\/zotallogotipo.jpg\",\"contentUrl\":\"https:\/\/www.zotal.com\/wp-content\/uploads\/2015\/08\/zotallogotipo.jpg\",\"width\":706,\"height\":417,\"caption\":\"Zotal Laboratorios\"},\"image\":{\"@id\":\"https:\/\/www.zotal.com\/en\/#\/schema\/logo\/image\/\"},\"sameAs\":[\"https:\/\/www.facebook.com\/zotallaboratorios\",\"https:\/\/x.com\/zotallabs\",\"https:\/\/es.linkedin.com\/company\/laboratorios-zotal\",\"https:\/\/es.pinterest.com\/zotallabs\/\",\"https:\/\/www.youtube.com\/channel\/UCrNub93hYlNNSerE8khX8JQ\"]}]}<\/script>\n<!-- \/ Yoast SEO plugin. -->","yoast_head_json":{"title":"Insecticida laca LETAL\u00ae Laca Plus | Zotal","description":"LETAL\u00ae AVISPAS Y NIDOS I-97 Insecticida de r\u00e1pida y gran actividad sobre avispas, sus nidos y avispones. Dispone de un pulverizador de largo alcance, hasta 4 metros.","robots":{"index":"index","follow":"follow","max-snippet":"max-snippet:-1","max-image-preview":"max-image-preview:large","max-video-preview":"max-video-preview:-1"},"canonical":"https:\/\/www.zotal.com\/en\/products\/insecticides\/letal-avispas-y-nidos-i-97\/","og_locale":"en_US","og_type":"article","og_title":"Insecticida laca LETAL\u00ae Laca Plus | Zotal","og_description":"LETAL\u00ae AVISPAS Y NIDOS I-97 Insecticida de r\u00e1pida y gran actividad sobre avispas, sus nidos y avispones. Dispone de un pulverizador de largo alcance, hasta 4 metros.","og_url":"https:\/\/www.zotal.com\/en\/products\/insecticides\/letal-avispas-y-nidos-i-97\/","og_site_name":"Zotal","article_publisher":"https:\/\/www.facebook.com\/zotallaboratorios","article_modified_time":"2024-07-12T10:36:03+00:00","og_image":[{"width":600,"height":600,"url":"https:\/\/www.zotal.com\/wp-content\/uploads\/2024\/05\/zotal_AvispasyNidos_I-97-2.jpg","type":"image\/jpeg"}],"twitter_card":"summary_large_image","twitter_site":"@zotallabs","twitter_misc":{"Est. reading time":"2 minutes"},"schema":{"@context":"https:\/\/schema.org","@graph":[{"@type":"WebPage","@id":"https:\/\/www.zotal.com\/en\/products\/insecticides\/letal-avispas-y-nidos-i-97\/","url":"https:\/\/www.zotal.com\/en\/products\/insecticides\/letal-avispas-y-nidos-i-97\/","name":"Insecticida laca LETAL\u00ae Laca Plus | Zotal","isPartOf":{"@id":"https:\/\/www.zotal.com\/en\/#website"},"primaryImageOfPage":{"@id":"https:\/\/www.zotal.com\/en\/products\/insecticides\/letal-avispas-y-nidos-i-97\/#primaryimage"},"image":{"@id":"https:\/\/www.zotal.com\/en\/products\/insecticides\/letal-avispas-y-nidos-i-97\/#primaryimage"},"thumbnailUrl":"https:\/\/www.zotal.com\/wp-content\/uploads\/2024\/05\/zotal_AvispasyNidos_I-97-2.jpg","datePublished":"2024-05-21T09:35:32+00:00","dateModified":"2024-07-12T10:36:03+00:00","description":"LETAL\u00ae AVISPAS Y NIDOS I-97 Insecticida de r\u00e1pida y gran actividad sobre avispas, sus nidos y avispones. Dispone de un pulverizador de largo alcance, hasta 4 metros.","breadcrumb":{"@id":"https:\/\/www.zotal.com\/en\/products\/insecticides\/letal-avispas-y-nidos-i-97\/#breadcrumb"},"inLanguage":"en-US","potentialAction":[{"@type":"ReadAction","target":["https:\/\/www.zotal.com\/en\/products\/insecticides\/letal-avispas-y-nidos-i-97\/"]}]},{"@type":"ImageObject","inLanguage":"en-US","@id":"https:\/\/www.zotal.com\/en\/products\/insecticides\/letal-avispas-y-nidos-i-97\/#primaryimage","url":"https:\/\/www.zotal.com\/wp-content\/uploads\/2024\/05\/zotal_AvispasyNidos_I-97-2.jpg","contentUrl":"https:\/\/www.zotal.com\/wp-content\/uploads\/2024\/05\/zotal_AvispasyNidos_I-97-2.jpg","width":600,"height":600},{"@type":"BreadcrumbList","@id":"https:\/\/www.zotal.com\/en\/products\/insecticides\/letal-avispas-y-nidos-i-97\/#breadcrumb","itemListElement":[{"@type":"ListItem","position":1,"name":"Portada","item":"https:\/\/www.zotal.com\/"},{"@type":"ListItem","position":2,"name":"Productos","item":"https:\/\/www.zotal.com\/shop\/"},{"@type":"ListItem","position":3,"name":"LETAL\u00ae Avispas y Nidos I-97"}]},{"@type":"WebSite","@id":"https:\/\/www.zotal.com\/en\/#website","url":"https:\/\/www.zotal.com\/en\/","name":"Zotal","description":"","publisher":{"@id":"https:\/\/www.zotal.com\/en\/#organization"},"potentialAction":[{"@type":"SearchAction","target":{"@type":"EntryPoint","urlTemplate":"https:\/\/www.zotal.com\/en\/?s={search_term_string}"},"query-input":{"@type":"PropertyValueSpecification","valueRequired":true,"valueName":"search_term_string"}}],"inLanguage":"en-US"},{"@type":"Organization","@id":"https:\/\/www.zotal.com\/en\/#organization","name":"Zotal Laboratorios","url":"https:\/\/www.zotal.com\/en\/","logo":{"@type":"ImageObject","inLanguage":"en-US","@id":"https:\/\/www.zotal.com\/en\/#\/schema\/logo\/image\/","url":"https:\/\/www.zotal.com\/wp-content\/uploads\/2015\/08\/zotallogotipo.jpg","contentUrl":"https:\/\/www.zotal.com\/wp-content\/uploads\/2015\/08\/zotallogotipo.jpg","width":706,"height":417,"caption":"Zotal Laboratorios"},"image":{"@id":"https:\/\/www.zotal.com\/en\/#\/schema\/logo\/image\/"},"sameAs":["https:\/\/www.facebook.com\/zotallaboratorios","https:\/\/x.com\/zotallabs","https:\/\/es.linkedin.com\/company\/laboratorios-zotal","https:\/\/es.pinterest.com\/zotallabs\/","https:\/\/www.youtube.com\/channel\/UCrNub93hYlNNSerE8khX8JQ"]}]}},"_links":{"self":[{"href":"https:\/\/www.zotal.com\/en\/wp-json\/wp\/v2\/product\/19454","targetHints":{"allow":["GET"]}}],"collection":[{"href":"https:\/\/www.zotal.com\/en\/wp-json\/wp\/v2\/product"}],"about":[{"href":"https:\/\/www.zotal.com\/en\/wp-json\/wp\/v2\/types\/product"}],"replies":[{"embeddable":true,"href":"https:\/\/www.zotal.com\/en\/wp-json\/wp\/v2\/comments?post=19454"}],"wp:featuredmedia":[{"embeddable":true,"href":"https:\/\/www.zotal.com\/en\/wp-json\/wp\/v2\/media\/19790"}],"wp:attachment":[{"href":"https:\/\/www.zotal.com\/en\/wp-json\/wp\/v2\/media?parent=19454"}],"wp:term":[{"taxonomy":"product_brand","embeddable":true,"href":"https:\/\/www.zotal.com\/en\/wp-json\/wp\/v2\/product_brand?post=19454"},{"taxonomy":"product_cat","embeddable":true,"href":"https:\/\/www.zotal.com\/en\/wp-json\/wp\/v2\/product_cat?post=19454"},{"taxonomy":"product_tag","embeddable":true,"href":"https:\/\/www.zotal.com\/en\/wp-json\/wp\/v2\/product_tag?post=19454"}],"curies":[{"name":"wp","href":"https:\/\/api.w.org\/{rel}","templated":true}]}}