{"id":5270,"date":"2015-11-14T12:41:37","date_gmt":"2015-11-14T11:41:37","guid":{"rendered":"https:\/\/www.zotal.com\/en\/products\/uncategorized\/arpon-deltasect-015-rtu\/"},"modified":"2024-09-03T10:52:44","modified_gmt":"2024-09-03T08:52:44","slug":"arpon-deltasect-rtu-plus","status":"publish","type":"product","link":"https:\/\/www.zotal.com\/en\/products\/insecticides\/arpon-deltasect-rtu-plus\/","title":{"rendered":"ARPON\u00ae<br>Deltasect <br>RTU PLUS"},"content":{"rendered":"<p><strong>ARPON\u00ae Deltasec RTU PLUS<\/strong> is a ready-to-use insecticidal spray based on piperonyl butoxide and deltamethrin, belonging to the synthetic pyrethroid group. It is highly effective, providing a strong initial knockdown effect, good repellency, and residual efficacy. This liquid formulation is specifically registered for domestic use and is capable of controlling crawling insects such as cockroaches, bed bugs, ants, fleas, and lice, as well as flying insects like flies, mosquitoes, and wasps. It also controls spiders, mites, and ticks, making it ideal for use in the environment of our pets.<\/p>\n<p>This insecticidal spray is ready to use and offers a broad spectrum of action. It is suitable for controlling a wide range of crawling and flying insects and acts through contact and ingestion.<\/p>\n<h2>Application Method<\/h2>\n<p><strong>ARPON\u00ae Deltasec RTU PLUS<\/strong> is applied undiluted using spraying techniques, targeting the nesting areas and those places where insects hide or pass through. It is recommended to focus especially on areas frequented by insects, such as cracks, crevices, gaps, the interior of baseboards, or voids. It can be used as an insecticide against fleas and other insects in a domestic environment.<\/p>\n<p>Before using, shake the container several times. Open the spray nozzle by aligning it with the spray symbol and press the dispenser, then apply the product.<\/p>\n<p>If insects reappear, the treatment should be repeated after at least two weeks.<\/p>\n","protected":false},"excerpt":{"rendered":"<p>ARPON \u00ae Deltasec RTU PLUS es un insecticida listo para usar con un amplio espectro de acci\u00f3n, adecuado para el control de una amplia gama de insectos voladores y rastreros. Act\u00faa por contacto e ingesti\u00f3n.<\/p>\n<p><img fetchpriority=\"high\" decoding=\"async\" class=\"size-full wp-image-6985 alignleft\" src=\"https:\/\/www.zotal.com\/wp-content\/uploads\/2015\/11\/arpondeltasectrtuplus.jpg\" alt=\"\" width=\"296\" height=\"196\" \/><\/p>\n<p>&nbsp;<\/p>\n","protected":false},"featured_media":15624,"comment_status":"open","ping_status":"closed","template":"","meta":{"_acf_changed":false,"inline_featured_image":false},"product_brand":[],"product_cat":[187],"product_tag":[754,1011],"class_list":{"0":"post-5270","1":"product","2":"type-product","3":"status-publish","4":"has-post-thumbnail","6":"product_cat-insecticides","7":"product_tag-acaricides","8":"product_tag-insecticida-uso-domestico-en","10":"first","11":"instock","12":"shipping-taxable","13":"product-type-simple"},"acf":[],"yoast_head":"<!-- This site is optimized with the Yoast SEO plugin v26.8 - https:\/\/yoast.com\/product\/yoast-seo-wordpress\/ -->\n<title>ARPON\u00ae Deltasect RTU PLUS Insecticida pulverizador | ZOTAL<\/title>\n<meta name=\"description\" content=\"ARPON\u00ae Deltasect RTU PLUS es un insecticida pulverizador que elimina y repele eficazmente insectos rastreros y \u00e1caros. Ideal para hogares con animales.\" \/>\n<meta name=\"robots\" content=\"index, follow, max-snippet:-1, max-image-preview:large, max-video-preview:-1\" \/>\n<link rel=\"canonical\" href=\"https:\/\/www.zotal.com\/en\/products\/insecticides\/arpon-deltasect-rtu-plus\/\" \/>\n<meta property=\"og:locale\" content=\"en_US\" \/>\n<meta property=\"og:type\" content=\"article\" \/>\n<meta property=\"og:title\" content=\"ARPON\u00ae Deltasect RTU PLUS Insecticida pulverizador | ZOTAL\" \/>\n<meta property=\"og:description\" content=\"ARPON\u00ae Deltasect RTU PLUS es un insecticida pulverizador que elimina y repele eficazmente insectos rastreros y \u00e1caros. Ideal para hogares con animales.\" \/>\n<meta property=\"og:url\" content=\"https:\/\/www.zotal.com\/en\/products\/insecticides\/arpon-deltasect-rtu-plus\/\" \/>\n<meta property=\"og:site_name\" content=\"Zotal\" \/>\n<meta property=\"article:publisher\" content=\"https:\/\/www.facebook.com\/zotallaboratorios\" \/>\n<meta property=\"article:modified_time\" content=\"2024-09-03T08:52:44+00:00\" \/>\n<meta property=\"og:image\" content=\"https:\/\/www.zotal.com\/wp-content\/uploads\/2015\/11\/zotal_delta_rtu_plus-1.jpg\" \/>\n\t<meta property=\"og:image:width\" content=\"1000\" \/>\n\t<meta property=\"og:image:height\" content=\"1000\" \/>\n\t<meta property=\"og:image:type\" content=\"image\/jpeg\" \/>\n<meta name=\"twitter:card\" content=\"summary_large_image\" \/>\n<meta name=\"twitter:site\" content=\"@zotallabs\" \/>\n<meta name=\"twitter:label1\" content=\"Est. reading time\" \/>\n\t<meta name=\"twitter:data1\" content=\"2 minutes\" \/>\n<script type=\"application\/ld+json\" class=\"yoast-schema-graph\">{\"@context\":\"https:\/\/schema.org\",\"@graph\":[{\"@type\":\"WebPage\",\"@id\":\"https:\/\/www.zotal.com\/en\/products\/insecticides\/arpon-deltasect-rtu-plus\/\",\"url\":\"https:\/\/www.zotal.com\/en\/products\/insecticides\/arpon-deltasect-rtu-plus\/\",\"name\":\"ARPON\u00ae Deltasect RTU PLUS Insecticida pulverizador | ZOTAL\",\"isPartOf\":{\"@id\":\"https:\/\/www.zotal.com\/en\/#website\"},\"primaryImageOfPage\":{\"@id\":\"https:\/\/www.zotal.com\/en\/products\/insecticides\/arpon-deltasect-rtu-plus\/#primaryimage\"},\"image\":{\"@id\":\"https:\/\/www.zotal.com\/en\/products\/insecticides\/arpon-deltasect-rtu-plus\/#primaryimage\"},\"thumbnailUrl\":\"https:\/\/www.zotal.com\/wp-content\/uploads\/2015\/11\/zotal_delta_rtu_plus-1.jpg\",\"datePublished\":\"2015-11-14T11:41:37+00:00\",\"dateModified\":\"2024-09-03T08:52:44+00:00\",\"description\":\"ARPON\u00ae Deltasect RTU PLUS es un insecticida pulverizador que elimina y repele eficazmente insectos rastreros y \u00e1caros. Ideal para hogares con animales.\",\"breadcrumb\":{\"@id\":\"https:\/\/www.zotal.com\/en\/products\/insecticides\/arpon-deltasect-rtu-plus\/#breadcrumb\"},\"inLanguage\":\"en-US\",\"potentialAction\":[{\"@type\":\"ReadAction\",\"target\":[\"https:\/\/www.zotal.com\/en\/products\/insecticides\/arpon-deltasect-rtu-plus\/\"]}]},{\"@type\":\"ImageObject\",\"inLanguage\":\"en-US\",\"@id\":\"https:\/\/www.zotal.com\/en\/products\/insecticides\/arpon-deltasect-rtu-plus\/#primaryimage\",\"url\":\"https:\/\/www.zotal.com\/wp-content\/uploads\/2015\/11\/zotal_delta_rtu_plus-1.jpg\",\"contentUrl\":\"https:\/\/www.zotal.com\/wp-content\/uploads\/2015\/11\/zotal_delta_rtu_plus-1.jpg\",\"width\":1000,\"height\":1000},{\"@type\":\"BreadcrumbList\",\"@id\":\"https:\/\/www.zotal.com\/en\/products\/insecticides\/arpon-deltasect-rtu-plus\/#breadcrumb\",\"itemListElement\":[{\"@type\":\"ListItem\",\"position\":1,\"name\":\"Portada\",\"item\":\"https:\/\/www.zotal.com\/\"},{\"@type\":\"ListItem\",\"position\":2,\"name\":\"Productos\",\"item\":\"https:\/\/www.zotal.com\/shop\/\"},{\"@type\":\"ListItem\",\"position\":3,\"name\":\"ARPON\u00aeDeltasect RTU PLUS\"}]},{\"@type\":\"WebSite\",\"@id\":\"https:\/\/www.zotal.com\/en\/#website\",\"url\":\"https:\/\/www.zotal.com\/en\/\",\"name\":\"Zotal\",\"description\":\"\",\"publisher\":{\"@id\":\"https:\/\/www.zotal.com\/en\/#organization\"},\"potentialAction\":[{\"@type\":\"SearchAction\",\"target\":{\"@type\":\"EntryPoint\",\"urlTemplate\":\"https:\/\/www.zotal.com\/en\/?s={search_term_string}\"},\"query-input\":{\"@type\":\"PropertyValueSpecification\",\"valueRequired\":true,\"valueName\":\"search_term_string\"}}],\"inLanguage\":\"en-US\"},{\"@type\":\"Organization\",\"@id\":\"https:\/\/www.zotal.com\/en\/#organization\",\"name\":\"Zotal Laboratorios\",\"url\":\"https:\/\/www.zotal.com\/en\/\",\"logo\":{\"@type\":\"ImageObject\",\"inLanguage\":\"en-US\",\"@id\":\"https:\/\/www.zotal.com\/en\/#\/schema\/logo\/image\/\",\"url\":\"https:\/\/www.zotal.com\/wp-content\/uploads\/2015\/08\/zotallogotipo.jpg\",\"contentUrl\":\"https:\/\/www.zotal.com\/wp-content\/uploads\/2015\/08\/zotallogotipo.jpg\",\"width\":706,\"height\":417,\"caption\":\"Zotal Laboratorios\"},\"image\":{\"@id\":\"https:\/\/www.zotal.com\/en\/#\/schema\/logo\/image\/\"},\"sameAs\":[\"https:\/\/www.facebook.com\/zotallaboratorios\",\"https:\/\/x.com\/zotallabs\",\"https:\/\/es.linkedin.com\/company\/laboratorios-zotal\",\"https:\/\/es.pinterest.com\/zotallabs\/\",\"https:\/\/www.youtube.com\/channel\/UCrNub93hYlNNSerE8khX8JQ\"]}]}<\/script>\n<!-- \/ Yoast SEO plugin. -->","yoast_head_json":{"title":"ARPON\u00ae Deltasect RTU PLUS Insecticida pulverizador | ZOTAL","description":"ARPON\u00ae Deltasect RTU PLUS es un insecticida pulverizador que elimina y repele eficazmente insectos rastreros y \u00e1caros. Ideal para hogares con animales.","robots":{"index":"index","follow":"follow","max-snippet":"max-snippet:-1","max-image-preview":"max-image-preview:large","max-video-preview":"max-video-preview:-1"},"canonical":"https:\/\/www.zotal.com\/en\/products\/insecticides\/arpon-deltasect-rtu-plus\/","og_locale":"en_US","og_type":"article","og_title":"ARPON\u00ae Deltasect RTU PLUS Insecticida pulverizador | ZOTAL","og_description":"ARPON\u00ae Deltasect RTU PLUS es un insecticida pulverizador que elimina y repele eficazmente insectos rastreros y \u00e1caros. Ideal para hogares con animales.","og_url":"https:\/\/www.zotal.com\/en\/products\/insecticides\/arpon-deltasect-rtu-plus\/","og_site_name":"Zotal","article_publisher":"https:\/\/www.facebook.com\/zotallaboratorios","article_modified_time":"2024-09-03T08:52:44+00:00","og_image":[{"width":1000,"height":1000,"url":"https:\/\/www.zotal.com\/wp-content\/uploads\/2015\/11\/zotal_delta_rtu_plus-1.jpg","type":"image\/jpeg"}],"twitter_card":"summary_large_image","twitter_site":"@zotallabs","twitter_misc":{"Est. reading time":"2 minutes"},"schema":{"@context":"https:\/\/schema.org","@graph":[{"@type":"WebPage","@id":"https:\/\/www.zotal.com\/en\/products\/insecticides\/arpon-deltasect-rtu-plus\/","url":"https:\/\/www.zotal.com\/en\/products\/insecticides\/arpon-deltasect-rtu-plus\/","name":"ARPON\u00ae Deltasect RTU PLUS Insecticida pulverizador | ZOTAL","isPartOf":{"@id":"https:\/\/www.zotal.com\/en\/#website"},"primaryImageOfPage":{"@id":"https:\/\/www.zotal.com\/en\/products\/insecticides\/arpon-deltasect-rtu-plus\/#primaryimage"},"image":{"@id":"https:\/\/www.zotal.com\/en\/products\/insecticides\/arpon-deltasect-rtu-plus\/#primaryimage"},"thumbnailUrl":"https:\/\/www.zotal.com\/wp-content\/uploads\/2015\/11\/zotal_delta_rtu_plus-1.jpg","datePublished":"2015-11-14T11:41:37+00:00","dateModified":"2024-09-03T08:52:44+00:00","description":"ARPON\u00ae Deltasect RTU PLUS es un insecticida pulverizador que elimina y repele eficazmente insectos rastreros y \u00e1caros. Ideal para hogares con animales.","breadcrumb":{"@id":"https:\/\/www.zotal.com\/en\/products\/insecticides\/arpon-deltasect-rtu-plus\/#breadcrumb"},"inLanguage":"en-US","potentialAction":[{"@type":"ReadAction","target":["https:\/\/www.zotal.com\/en\/products\/insecticides\/arpon-deltasect-rtu-plus\/"]}]},{"@type":"ImageObject","inLanguage":"en-US","@id":"https:\/\/www.zotal.com\/en\/products\/insecticides\/arpon-deltasect-rtu-plus\/#primaryimage","url":"https:\/\/www.zotal.com\/wp-content\/uploads\/2015\/11\/zotal_delta_rtu_plus-1.jpg","contentUrl":"https:\/\/www.zotal.com\/wp-content\/uploads\/2015\/11\/zotal_delta_rtu_plus-1.jpg","width":1000,"height":1000},{"@type":"BreadcrumbList","@id":"https:\/\/www.zotal.com\/en\/products\/insecticides\/arpon-deltasect-rtu-plus\/#breadcrumb","itemListElement":[{"@type":"ListItem","position":1,"name":"Portada","item":"https:\/\/www.zotal.com\/"},{"@type":"ListItem","position":2,"name":"Productos","item":"https:\/\/www.zotal.com\/shop\/"},{"@type":"ListItem","position":3,"name":"ARPON\u00aeDeltasect RTU PLUS"}]},{"@type":"WebSite","@id":"https:\/\/www.zotal.com\/en\/#website","url":"https:\/\/www.zotal.com\/en\/","name":"Zotal","description":"","publisher":{"@id":"https:\/\/www.zotal.com\/en\/#organization"},"potentialAction":[{"@type":"SearchAction","target":{"@type":"EntryPoint","urlTemplate":"https:\/\/www.zotal.com\/en\/?s={search_term_string}"},"query-input":{"@type":"PropertyValueSpecification","valueRequired":true,"valueName":"search_term_string"}}],"inLanguage":"en-US"},{"@type":"Organization","@id":"https:\/\/www.zotal.com\/en\/#organization","name":"Zotal Laboratorios","url":"https:\/\/www.zotal.com\/en\/","logo":{"@type":"ImageObject","inLanguage":"en-US","@id":"https:\/\/www.zotal.com\/en\/#\/schema\/logo\/image\/","url":"https:\/\/www.zotal.com\/wp-content\/uploads\/2015\/08\/zotallogotipo.jpg","contentUrl":"https:\/\/www.zotal.com\/wp-content\/uploads\/2015\/08\/zotallogotipo.jpg","width":706,"height":417,"caption":"Zotal Laboratorios"},"image":{"@id":"https:\/\/www.zotal.com\/en\/#\/schema\/logo\/image\/"},"sameAs":["https:\/\/www.facebook.com\/zotallaboratorios","https:\/\/x.com\/zotallabs","https:\/\/es.linkedin.com\/company\/laboratorios-zotal","https:\/\/es.pinterest.com\/zotallabs\/","https:\/\/www.youtube.com\/channel\/UCrNub93hYlNNSerE8khX8JQ"]}]}},"_links":{"self":[{"href":"https:\/\/www.zotal.com\/en\/wp-json\/wp\/v2\/product\/5270","targetHints":{"allow":["GET"]}}],"collection":[{"href":"https:\/\/www.zotal.com\/en\/wp-json\/wp\/v2\/product"}],"about":[{"href":"https:\/\/www.zotal.com\/en\/wp-json\/wp\/v2\/types\/product"}],"replies":[{"embeddable":true,"href":"https:\/\/www.zotal.com\/en\/wp-json\/wp\/v2\/comments?post=5270"}],"wp:featuredmedia":[{"embeddable":true,"href":"https:\/\/www.zotal.com\/en\/wp-json\/wp\/v2\/media\/15624"}],"wp:attachment":[{"href":"https:\/\/www.zotal.com\/en\/wp-json\/wp\/v2\/media?parent=5270"}],"wp:term":[{"taxonomy":"product_brand","embeddable":true,"href":"https:\/\/www.zotal.com\/en\/wp-json\/wp\/v2\/product_brand?post=5270"},{"taxonomy":"product_cat","embeddable":true,"href":"https:\/\/www.zotal.com\/en\/wp-json\/wp\/v2\/product_cat?post=5270"},{"taxonomy":"product_tag","embeddable":true,"href":"https:\/\/www.zotal.com\/en\/wp-json\/wp\/v2\/product_tag?post=5270"}],"curies":[{"name":"wp","href":"https:\/\/api.w.org\/{rel}","templated":true}]}}