{"id":5365,"date":"2015-11-15T16:17:44","date_gmt":"2015-11-15T15:17:44","guid":{"rendered":"https:\/\/www.zotal.com\/en\/products\/uncategorized\/parasital-pipetas-perros-medianos-10-25-kg\/"},"modified":"2023-11-20T16:33:27","modified_gmt":"2023-11-20T15:33:27","slug":"parasital-pipettes-for-medium-size-dogs-from-10-25-kg","status":"publish","type":"product","link":"https:\/\/www.zotal.com\/en\/products\/pets\/parasital-pipettes-for-medium-size-dogs-from-10-25-kg\/","title":{"rendered":"PARASITAL\u00ae Pipettes for Medium Size Dogs from <br>10-25 kg"},"content":{"rendered":"<p><strong>PARASITAL\u00ae Pipetas perros medianos 10-25 kg<\/strong>, gracias a su composici\u00f3n a base de ingredientes activos\u00a0naturales, act\u00faa con eficacia contra los eternos enemigos de nuestras\u00a0mascotas: los <strong>par\u00e1sitos externos<\/strong>. Garrapatas, pulgas, moscas e incluso el\u00a0mosquito transmisor de la Leishmaniasis, dejar\u00e1n de ser un problema,\u00a0proporcionando bienestar y tranquilidad tanto a due\u00f1os como a mascotas<\/p>\n<h2>Indicaciones<\/h2>\n<p>Los productos de la gama\u00a0PARASITAL\u00ae est\u00e1n indicados para evitar las molestias causadas por par\u00e1sitos externos.<\/p>\n<p>Con una alta capacidad repelente y persistencia, la gama\u00a0PARASITAL\u00ae cuida a los animales de forma natural, proporcionando confort y bienestar a nuestro perro, haci\u00e9ndole la vida m\u00e1s f\u00e1cil. Laboratorios independientes, homologados, garantizan la eficacia y persistencia de los ingredientes empleados.<\/p>\n<p>Estudios experimentales han demostrados tambi\u00e9n su eficacia repelente frente a mosquitos del g\u00e9nero <em>Phlebotomus<\/em>, transmisores de la Leishmaniasis. PARASITAL\u00ae Pipetas perros medianos 10-25 kg es adem\u00e1s un repelente eficaz, para evitar los ataques, de pulgas, garrapatas, moscas y mosquitos.<\/p>\n<h2>Modo de empleo<\/h2>\n<p>Usar sobre perros no infestados aplicando el contenido de la pipeta en la zona de uni\u00f3n entre el cuello y la espalda, as\u00ed como en la base de la cola. Levantar el pelo del animal para que el contenido de la pipeta entre en contacto con la piel.<\/p>\n<p>Para una protecci\u00f3n continua debe aplicarse una vez al mes. En lugares o momentos del a\u00f1o con gran cantidad de insectos se recomienda aplicar 3 o 4 semanas antes del comienzo de actividad de los insectos.<\/p>\n<ul>\n<li><strong>Resistencia al agua:<\/strong> las pipetas repelentes para perros medianos\u00a0PARASITAL\u00ae contin\u00faan protegiendo a nuestro perro cuando se moja. Si ha aplicado champ\u00fa seco o le ha ba\u00f1ado es necesario volver a aplicar la pipeta una vez limpio y seco.<\/li>\n<li><strong>En casa:\u00a0<\/strong>las pipetas repelentes para perros medianos\u00a0PARASITAL\u00ae protegen a su perro frente a nuevas pulgas, garrapatas y mosquitos, pero no eliminan una infestaci\u00f3n previa. Si su perro tiene p\u00e1rasitos, o est\u00e1n presentes en su casa, antes de utilizar las pipetas debe aplicar un tratamiento para la eliminaci\u00f3n de los par\u00e1sitos.<\/li>\n<\/ul>\n<p><iframe src=\"https:\/\/www.youtube.com\/embed\/cdG8uzkn-9M\" width=\"560\" height=\"315\" frameborder=\"0\" allowfullscreen=\"allowfullscreen\" data-mce-fragment=\"1\"><\/iframe><\/p>\n","protected":false},"excerpt":{"rendered":"<p><strong>PARASITAL\u00ae Pipettes for medium size dogs from 10-25 kg.\u00a0<\/strong>Use on non-infested animals, by applying the content of the necessary number of pipettes to the area joining the neck and the back, and the base of the tail, lifting up the animal&#8217;s hair so that the liquid enters into contact with the skin.<\/p>\n<p>Thay have tried and tested effectiveness against the Phlebotomus mosquito, which transmits Leishmaniosis in dogs. Apply one per month.<\/p>\n<p><img fetchpriority=\"high\" decoding=\"async\" class=\"alignleft size-full wp-image-7571\" src=\"https:\/\/www.zotal.com\/wp-content\/uploads\/2015\/11\/zotalparasitalpipetasantiparasitospequenosmedianos.png\" alt=\"Parasital pipetas antiparasitos perros medianos\" width=\"296\" height=\"196\" \/><\/p>\n","protected":false},"featured_media":15649,"comment_status":"open","ping_status":"closed","template":"","meta":{"_acf_changed":false,"inline_featured_image":false},"product_brand":[],"product_cat":[188],"product_tag":[],"class_list":{"0":"post-5365","1":"product","2":"type-product","3":"status-publish","4":"has-post-thumbnail","6":"product_cat-pets","8":"first","9":"instock","10":"shipping-taxable","11":"product-type-simple"},"acf":[],"yoast_head":"<!-- This site is optimized with the Yoast SEO plugin v26.8 - https:\/\/yoast.com\/product\/yoast-seo-wordpress\/ -->\n<title>PARASITAL\u00ae Pipetas Antipar\u00e1sitos Perros Medianos\u00a0| ZOTAL<\/title>\n<meta name=\"description\" content=\"PARASITAL\u00ae Pipetas perros medianos 10-25 kg gracias a su composici\u00f3n a base de ingredientes activos\u00a0naturales, act\u00faa con eficacia contra par\u00e1sitos externos.\u00a0\" \/>\n<meta name=\"robots\" content=\"index, follow, max-snippet:-1, max-image-preview:large, max-video-preview:-1\" \/>\n<link rel=\"canonical\" href=\"https:\/\/www.zotal.com\/en\/products\/pets\/parasital-pipettes-for-medium-size-dogs-from-10-25-kg\/\" \/>\n<meta property=\"og:locale\" content=\"en_US\" \/>\n<meta property=\"og:type\" content=\"article\" \/>\n<meta property=\"og:title\" content=\"PARASITAL\u00ae Pipetas Antipar\u00e1sitos Perros Medianos\u00a0| ZOTAL\" \/>\n<meta property=\"og:description\" content=\"PARASITAL\u00ae Pipetas perros medianos 10-25 kg gracias a su composici\u00f3n a base de ingredientes activos\u00a0naturales, act\u00faa con eficacia contra par\u00e1sitos externos.\u00a0\" \/>\n<meta property=\"og:url\" content=\"https:\/\/www.zotal.com\/en\/products\/pets\/parasital-pipettes-for-medium-size-dogs-from-10-25-kg\/\" \/>\n<meta property=\"og:site_name\" content=\"Zotal\" \/>\n<meta property=\"article:publisher\" content=\"https:\/\/www.facebook.com\/zotallaboratorios\" \/>\n<meta property=\"article:modified_time\" content=\"2023-11-20T15:33:27+00:00\" \/>\n<meta property=\"og:image\" content=\"https:\/\/www.zotal.com\/wp-content\/uploads\/2015\/11\/zotal_parasital_perrosmedianos_pipetas.jpg\" \/>\n\t<meta property=\"og:image:width\" content=\"1000\" \/>\n\t<meta property=\"og:image:height\" content=\"1000\" \/>\n\t<meta property=\"og:image:type\" content=\"image\/jpeg\" \/>\n<meta name=\"twitter:card\" content=\"summary_large_image\" \/>\n<meta name=\"twitter:site\" content=\"@zotallabs\" \/>\n<meta name=\"twitter:label1\" content=\"Est. reading time\" \/>\n\t<meta name=\"twitter:data1\" content=\"2 minutes\" \/>\n<script type=\"application\/ld+json\" class=\"yoast-schema-graph\">{\"@context\":\"https:\/\/schema.org\",\"@graph\":[{\"@type\":\"WebPage\",\"@id\":\"https:\/\/www.zotal.com\/en\/products\/pets\/parasital-pipettes-for-medium-size-dogs-from-10-25-kg\/\",\"url\":\"https:\/\/www.zotal.com\/en\/products\/pets\/parasital-pipettes-for-medium-size-dogs-from-10-25-kg\/\",\"name\":\"PARASITAL\u00ae Pipetas Antipar\u00e1sitos Perros Medianos\u00a0| ZOTAL\",\"isPartOf\":{\"@id\":\"https:\/\/www.zotal.com\/en\/#website\"},\"primaryImageOfPage\":{\"@id\":\"https:\/\/www.zotal.com\/en\/products\/pets\/parasital-pipettes-for-medium-size-dogs-from-10-25-kg\/#primaryimage\"},\"image\":{\"@id\":\"https:\/\/www.zotal.com\/en\/products\/pets\/parasital-pipettes-for-medium-size-dogs-from-10-25-kg\/#primaryimage\"},\"thumbnailUrl\":\"https:\/\/www.zotal.com\/wp-content\/uploads\/2015\/11\/zotal_parasital_perrosmedianos_pipetas.jpg\",\"datePublished\":\"2015-11-15T15:17:44+00:00\",\"dateModified\":\"2023-11-20T15:33:27+00:00\",\"description\":\"PARASITAL\u00ae Pipetas perros medianos 10-25 kg gracias a su composici\u00f3n a base de ingredientes activos\u00a0naturales, act\u00faa con eficacia contra par\u00e1sitos externos.\u00a0\",\"breadcrumb\":{\"@id\":\"https:\/\/www.zotal.com\/en\/products\/pets\/parasital-pipettes-for-medium-size-dogs-from-10-25-kg\/#breadcrumb\"},\"inLanguage\":\"en-US\",\"potentialAction\":[{\"@type\":\"ReadAction\",\"target\":[\"https:\/\/www.zotal.com\/en\/products\/pets\/parasital-pipettes-for-medium-size-dogs-from-10-25-kg\/\"]}]},{\"@type\":\"ImageObject\",\"inLanguage\":\"en-US\",\"@id\":\"https:\/\/www.zotal.com\/en\/products\/pets\/parasital-pipettes-for-medium-size-dogs-from-10-25-kg\/#primaryimage\",\"url\":\"https:\/\/www.zotal.com\/wp-content\/uploads\/2015\/11\/zotal_parasital_perrosmedianos_pipetas.jpg\",\"contentUrl\":\"https:\/\/www.zotal.com\/wp-content\/uploads\/2015\/11\/zotal_parasital_perrosmedianos_pipetas.jpg\",\"width\":1000,\"height\":1000},{\"@type\":\"BreadcrumbList\",\"@id\":\"https:\/\/www.zotal.com\/en\/products\/pets\/parasital-pipettes-for-medium-size-dogs-from-10-25-kg\/#breadcrumb\",\"itemListElement\":[{\"@type\":\"ListItem\",\"position\":1,\"name\":\"Portada\",\"item\":\"https:\/\/www.zotal.com\/\"},{\"@type\":\"ListItem\",\"position\":2,\"name\":\"Productos\",\"item\":\"https:\/\/www.zotal.com\/shop\/\"},{\"@type\":\"ListItem\",\"position\":3,\"name\":\"PARASITAL\u00ae Pipettes for Medium Size Dogs from 10-25 kg\"}]},{\"@type\":\"WebSite\",\"@id\":\"https:\/\/www.zotal.com\/en\/#website\",\"url\":\"https:\/\/www.zotal.com\/en\/\",\"name\":\"Zotal\",\"description\":\"\",\"publisher\":{\"@id\":\"https:\/\/www.zotal.com\/en\/#organization\"},\"potentialAction\":[{\"@type\":\"SearchAction\",\"target\":{\"@type\":\"EntryPoint\",\"urlTemplate\":\"https:\/\/www.zotal.com\/en\/?s={search_term_string}\"},\"query-input\":{\"@type\":\"PropertyValueSpecification\",\"valueRequired\":true,\"valueName\":\"search_term_string\"}}],\"inLanguage\":\"en-US\"},{\"@type\":\"Organization\",\"@id\":\"https:\/\/www.zotal.com\/en\/#organization\",\"name\":\"Zotal Laboratorios\",\"url\":\"https:\/\/www.zotal.com\/en\/\",\"logo\":{\"@type\":\"ImageObject\",\"inLanguage\":\"en-US\",\"@id\":\"https:\/\/www.zotal.com\/en\/#\/schema\/logo\/image\/\",\"url\":\"https:\/\/www.zotal.com\/wp-content\/uploads\/2015\/08\/zotallogotipo.jpg\",\"contentUrl\":\"https:\/\/www.zotal.com\/wp-content\/uploads\/2015\/08\/zotallogotipo.jpg\",\"width\":706,\"height\":417,\"caption\":\"Zotal Laboratorios\"},\"image\":{\"@id\":\"https:\/\/www.zotal.com\/en\/#\/schema\/logo\/image\/\"},\"sameAs\":[\"https:\/\/www.facebook.com\/zotallaboratorios\",\"https:\/\/x.com\/zotallabs\",\"https:\/\/es.linkedin.com\/company\/laboratorios-zotal\",\"https:\/\/es.pinterest.com\/zotallabs\/\",\"https:\/\/www.youtube.com\/channel\/UCrNub93hYlNNSerE8khX8JQ\"]}]}<\/script>\n<!-- \/ Yoast SEO plugin. -->","yoast_head_json":{"title":"PARASITAL\u00ae Pipetas Antipar\u00e1sitos Perros Medianos\u00a0| ZOTAL","description":"PARASITAL\u00ae Pipetas perros medianos 10-25 kg gracias a su composici\u00f3n a base de ingredientes activos\u00a0naturales, act\u00faa con eficacia contra par\u00e1sitos externos.\u00a0","robots":{"index":"index","follow":"follow","max-snippet":"max-snippet:-1","max-image-preview":"max-image-preview:large","max-video-preview":"max-video-preview:-1"},"canonical":"https:\/\/www.zotal.com\/en\/products\/pets\/parasital-pipettes-for-medium-size-dogs-from-10-25-kg\/","og_locale":"en_US","og_type":"article","og_title":"PARASITAL\u00ae Pipetas Antipar\u00e1sitos Perros Medianos\u00a0| ZOTAL","og_description":"PARASITAL\u00ae Pipetas perros medianos 10-25 kg gracias a su composici\u00f3n a base de ingredientes activos\u00a0naturales, act\u00faa con eficacia contra par\u00e1sitos externos.\u00a0","og_url":"https:\/\/www.zotal.com\/en\/products\/pets\/parasital-pipettes-for-medium-size-dogs-from-10-25-kg\/","og_site_name":"Zotal","article_publisher":"https:\/\/www.facebook.com\/zotallaboratorios","article_modified_time":"2023-11-20T15:33:27+00:00","og_image":[{"width":1000,"height":1000,"url":"https:\/\/www.zotal.com\/wp-content\/uploads\/2015\/11\/zotal_parasital_perrosmedianos_pipetas.jpg","type":"image\/jpeg"}],"twitter_card":"summary_large_image","twitter_site":"@zotallabs","twitter_misc":{"Est. reading time":"2 minutes"},"schema":{"@context":"https:\/\/schema.org","@graph":[{"@type":"WebPage","@id":"https:\/\/www.zotal.com\/en\/products\/pets\/parasital-pipettes-for-medium-size-dogs-from-10-25-kg\/","url":"https:\/\/www.zotal.com\/en\/products\/pets\/parasital-pipettes-for-medium-size-dogs-from-10-25-kg\/","name":"PARASITAL\u00ae Pipetas Antipar\u00e1sitos Perros Medianos\u00a0| ZOTAL","isPartOf":{"@id":"https:\/\/www.zotal.com\/en\/#website"},"primaryImageOfPage":{"@id":"https:\/\/www.zotal.com\/en\/products\/pets\/parasital-pipettes-for-medium-size-dogs-from-10-25-kg\/#primaryimage"},"image":{"@id":"https:\/\/www.zotal.com\/en\/products\/pets\/parasital-pipettes-for-medium-size-dogs-from-10-25-kg\/#primaryimage"},"thumbnailUrl":"https:\/\/www.zotal.com\/wp-content\/uploads\/2015\/11\/zotal_parasital_perrosmedianos_pipetas.jpg","datePublished":"2015-11-15T15:17:44+00:00","dateModified":"2023-11-20T15:33:27+00:00","description":"PARASITAL\u00ae Pipetas perros medianos 10-25 kg gracias a su composici\u00f3n a base de ingredientes activos\u00a0naturales, act\u00faa con eficacia contra par\u00e1sitos externos.\u00a0","breadcrumb":{"@id":"https:\/\/www.zotal.com\/en\/products\/pets\/parasital-pipettes-for-medium-size-dogs-from-10-25-kg\/#breadcrumb"},"inLanguage":"en-US","potentialAction":[{"@type":"ReadAction","target":["https:\/\/www.zotal.com\/en\/products\/pets\/parasital-pipettes-for-medium-size-dogs-from-10-25-kg\/"]}]},{"@type":"ImageObject","inLanguage":"en-US","@id":"https:\/\/www.zotal.com\/en\/products\/pets\/parasital-pipettes-for-medium-size-dogs-from-10-25-kg\/#primaryimage","url":"https:\/\/www.zotal.com\/wp-content\/uploads\/2015\/11\/zotal_parasital_perrosmedianos_pipetas.jpg","contentUrl":"https:\/\/www.zotal.com\/wp-content\/uploads\/2015\/11\/zotal_parasital_perrosmedianos_pipetas.jpg","width":1000,"height":1000},{"@type":"BreadcrumbList","@id":"https:\/\/www.zotal.com\/en\/products\/pets\/parasital-pipettes-for-medium-size-dogs-from-10-25-kg\/#breadcrumb","itemListElement":[{"@type":"ListItem","position":1,"name":"Portada","item":"https:\/\/www.zotal.com\/"},{"@type":"ListItem","position":2,"name":"Productos","item":"https:\/\/www.zotal.com\/shop\/"},{"@type":"ListItem","position":3,"name":"PARASITAL\u00ae Pipettes for Medium Size Dogs from 10-25 kg"}]},{"@type":"WebSite","@id":"https:\/\/www.zotal.com\/en\/#website","url":"https:\/\/www.zotal.com\/en\/","name":"Zotal","description":"","publisher":{"@id":"https:\/\/www.zotal.com\/en\/#organization"},"potentialAction":[{"@type":"SearchAction","target":{"@type":"EntryPoint","urlTemplate":"https:\/\/www.zotal.com\/en\/?s={search_term_string}"},"query-input":{"@type":"PropertyValueSpecification","valueRequired":true,"valueName":"search_term_string"}}],"inLanguage":"en-US"},{"@type":"Organization","@id":"https:\/\/www.zotal.com\/en\/#organization","name":"Zotal Laboratorios","url":"https:\/\/www.zotal.com\/en\/","logo":{"@type":"ImageObject","inLanguage":"en-US","@id":"https:\/\/www.zotal.com\/en\/#\/schema\/logo\/image\/","url":"https:\/\/www.zotal.com\/wp-content\/uploads\/2015\/08\/zotallogotipo.jpg","contentUrl":"https:\/\/www.zotal.com\/wp-content\/uploads\/2015\/08\/zotallogotipo.jpg","width":706,"height":417,"caption":"Zotal Laboratorios"},"image":{"@id":"https:\/\/www.zotal.com\/en\/#\/schema\/logo\/image\/"},"sameAs":["https:\/\/www.facebook.com\/zotallaboratorios","https:\/\/x.com\/zotallabs","https:\/\/es.linkedin.com\/company\/laboratorios-zotal","https:\/\/es.pinterest.com\/zotallabs\/","https:\/\/www.youtube.com\/channel\/UCrNub93hYlNNSerE8khX8JQ"]}]}},"_links":{"self":[{"href":"https:\/\/www.zotal.com\/en\/wp-json\/wp\/v2\/product\/5365","targetHints":{"allow":["GET"]}}],"collection":[{"href":"https:\/\/www.zotal.com\/en\/wp-json\/wp\/v2\/product"}],"about":[{"href":"https:\/\/www.zotal.com\/en\/wp-json\/wp\/v2\/types\/product"}],"replies":[{"embeddable":true,"href":"https:\/\/www.zotal.com\/en\/wp-json\/wp\/v2\/comments?post=5365"}],"wp:featuredmedia":[{"embeddable":true,"href":"https:\/\/www.zotal.com\/en\/wp-json\/wp\/v2\/media\/15649"}],"wp:attachment":[{"href":"https:\/\/www.zotal.com\/en\/wp-json\/wp\/v2\/media?parent=5365"}],"wp:term":[{"taxonomy":"product_brand","embeddable":true,"href":"https:\/\/www.zotal.com\/en\/wp-json\/wp\/v2\/product_brand?post=5365"},{"taxonomy":"product_cat","embeddable":true,"href":"https:\/\/www.zotal.com\/en\/wp-json\/wp\/v2\/product_cat?post=5365"},{"taxonomy":"product_tag","embeddable":true,"href":"https:\/\/www.zotal.com\/en\/wp-json\/wp\/v2\/product_tag?post=5365"}],"curies":[{"name":"wp","href":"https:\/\/api.w.org\/{rel}","templated":true}]}}