{"id":7584,"date":"2015-11-10T11:13:17","date_gmt":"2019-05-24T11:13:19","guid":{"rendered":"https:\/\/www.zotal.com\/?post_type=product&#038;p=7584"},"modified":"2024-07-01T14:23:23","modified_gmt":"2024-07-01T12:23:23","slug":"letal-laca-plus","status":"publish","type":"product","link":"https:\/\/www.zotal.com\/en\/products\/insecticides\/letal-laca-plus\/","title":{"rendered":"LETAL\u00ae <br>Laca Plus"},"content":{"rendered":"<p><strong>LETAL\u00ae Laca Plus<\/strong> is an aerosol insecticide in the form of lacquer that combines three pyrethroids to achieve an immediate knockdown effect with high lethality and residual efficacy. The product is designed for the elimination of crawling insects (cockroaches, ants, fleas, ticks, spiders, flies, etc.) by applying it directly to baseboards, cracks, and other areas where insects travel. Additionally, the product can be used in areas where flies land.<\/p>\n<h2>Applications:<\/h2>\n<p><strong>LETAL\u00ae Laca Plus<\/strong> is intended for the elimination of crawling insects (cockroaches, ants, fleas, ticks, spiders, flies, and their larvae) by applying it directly to baseboards, cracks, and other areas where insects travel. Additionally, <strong>LETAL\u00ae Laca Plus<\/strong> can be used in areas where flies land.<\/p>\n<h2>Mode of Use<\/h2>\n<p>Spray the product by directing the diffuser valve at the junction of the floor and the wall from a distance of about 25-30 cm, creating a continuous line along the entire perimeter of the room. It is also recommended to spray across doorways to prevent insects from moving between rooms. When targeting spiders and flies, apply the product in the same manner, but focus on the junctions between walls and ceilings and on columns. Do not spray into the air.<\/p>\n","protected":false},"excerpt":{"rendered":"<p>LETAL LACA\u00ae es un insecticida en forma de laca en aerosol, que combina un piretroide de efecto inmediato y gran capacidad de volteo, la D- Tetrametrina, con un piretroide de gran capacidad letal y efecto residual, la Permetrina. El producto est\u00e1 destinado a la eliminaci\u00f3n de insectos rastreros (cucarachas, hormigas, pulgas, garrapatas, ara\u00f1as, moscas, etc\u2026),mediante su aplicaci\u00f3n localizada en z\u00f3calos, rendijas y otros lugares por donde circulan los insectos. Adem\u00e1s, el producto puede usarse en las zonas donde las moscas se posan.<\/p>\n<p><img fetchpriority=\"high\" decoding=\"async\" class=\"alignnone size-full wp-image-1761\" src=\"https:\/\/www.zotal.com\/wp-content\/uploads\/2015\/09\/laca.jpg\" alt=\"laca\" width=\"296\" height=\"196\" \/><\/p>\n","protected":false},"featured_media":18788,"comment_status":"closed","ping_status":"closed","template":"","meta":{"_acf_changed":false,"inline_featured_image":false},"product_brand":[],"product_cat":[187],"product_tag":[1011,1387,757],"class_list":{"0":"post-7584","1":"product","2":"type-product","3":"status-publish","4":"has-post-thumbnail","6":"product_cat-insecticides","7":"product_tag-insecticida-uso-domestico-en","8":"product_tag-insecticida-uso-ganadero-en","9":"product_tag-pesticides","11":"first","12":"instock","13":"shipping-taxable","14":"product-type-simple"},"acf":[],"yoast_head":"<!-- This site is optimized with the Yoast SEO plugin v26.8 - https:\/\/yoast.com\/product\/yoast-seo-wordpress\/ -->\n<title>Insecticida laca LETAL\u00ae Laca Plus | Zotal<\/title>\n<meta name=\"description\" content=\"Combina un piretroide de efecto inmediato y gran capacidad de volteo con un piretroide de gran capacidad letal y efecto residual.\" \/>\n<meta name=\"robots\" content=\"index, follow, max-snippet:-1, max-image-preview:large, max-video-preview:-1\" \/>\n<link rel=\"canonical\" href=\"https:\/\/www.zotal.com\/en\/products\/insecticides\/letal-laca-plus\/\" \/>\n<meta property=\"og:locale\" content=\"en_US\" \/>\n<meta property=\"og:type\" content=\"article\" \/>\n<meta property=\"og:title\" content=\"Insecticida laca LETAL\u00ae Laca Plus | Zotal\" \/>\n<meta property=\"og:description\" content=\"Combina un piretroide de efecto inmediato y gran capacidad de volteo con un piretroide de gran capacidad letal y efecto residual.\" \/>\n<meta property=\"og:url\" content=\"https:\/\/www.zotal.com\/en\/products\/insecticides\/letal-laca-plus\/\" \/>\n<meta property=\"og:site_name\" content=\"Zotal\" \/>\n<meta property=\"article:publisher\" content=\"https:\/\/www.facebook.com\/zotallaboratorios\" \/>\n<meta property=\"article:modified_time\" content=\"2024-07-01T12:23:23+00:00\" \/>\n<meta property=\"og:image\" content=\"https:\/\/www.zotal.com\/wp-content\/uploads\/2015\/11\/zotal_lacaplus.jpg\" \/>\n\t<meta property=\"og:image:width\" content=\"600\" \/>\n\t<meta property=\"og:image:height\" content=\"600\" \/>\n\t<meta property=\"og:image:type\" content=\"image\/jpeg\" \/>\n<meta name=\"twitter:card\" content=\"summary_large_image\" \/>\n<meta name=\"twitter:site\" content=\"@zotallabs\" \/>\n<meta name=\"twitter:label1\" content=\"Est. reading time\" \/>\n\t<meta name=\"twitter:data1\" content=\"2 minutes\" \/>\n<script type=\"application\/ld+json\" class=\"yoast-schema-graph\">{\"@context\":\"https:\/\/schema.org\",\"@graph\":[{\"@type\":\"WebPage\",\"@id\":\"https:\/\/www.zotal.com\/en\/products\/insecticides\/letal-laca-plus\/\",\"url\":\"https:\/\/www.zotal.com\/en\/products\/insecticides\/letal-laca-plus\/\",\"name\":\"Insecticida laca LETAL\u00ae Laca Plus | Zotal\",\"isPartOf\":{\"@id\":\"https:\/\/www.zotal.com\/en\/#website\"},\"primaryImageOfPage\":{\"@id\":\"https:\/\/www.zotal.com\/en\/products\/insecticides\/letal-laca-plus\/#primaryimage\"},\"image\":{\"@id\":\"https:\/\/www.zotal.com\/en\/products\/insecticides\/letal-laca-plus\/#primaryimage\"},\"thumbnailUrl\":\"https:\/\/www.zotal.com\/wp-content\/uploads\/2015\/11\/zotal_lacaplus.jpg\",\"datePublished\":\"2019-05-24T11:13:19+00:00\",\"dateModified\":\"2024-07-01T12:23:23+00:00\",\"description\":\"Combina un piretroide de efecto inmediato y gran capacidad de volteo con un piretroide de gran capacidad letal y efecto residual.\",\"breadcrumb\":{\"@id\":\"https:\/\/www.zotal.com\/en\/products\/insecticides\/letal-laca-plus\/#breadcrumb\"},\"inLanguage\":\"en-US\",\"potentialAction\":[{\"@type\":\"ReadAction\",\"target\":[\"https:\/\/www.zotal.com\/en\/products\/insecticides\/letal-laca-plus\/\"]}]},{\"@type\":\"ImageObject\",\"inLanguage\":\"en-US\",\"@id\":\"https:\/\/www.zotal.com\/en\/products\/insecticides\/letal-laca-plus\/#primaryimage\",\"url\":\"https:\/\/www.zotal.com\/wp-content\/uploads\/2015\/11\/zotal_lacaplus.jpg\",\"contentUrl\":\"https:\/\/www.zotal.com\/wp-content\/uploads\/2015\/11\/zotal_lacaplus.jpg\",\"width\":600,\"height\":600},{\"@type\":\"BreadcrumbList\",\"@id\":\"https:\/\/www.zotal.com\/en\/products\/insecticides\/letal-laca-plus\/#breadcrumb\",\"itemListElement\":[{\"@type\":\"ListItem\",\"position\":1,\"name\":\"Portada\",\"item\":\"https:\/\/www.zotal.com\/\"},{\"@type\":\"ListItem\",\"position\":2,\"name\":\"Productos\",\"item\":\"https:\/\/www.zotal.com\/shop\/\"},{\"@type\":\"ListItem\",\"position\":3,\"name\":\"LETAL\u00ae Laca Plus\"}]},{\"@type\":\"WebSite\",\"@id\":\"https:\/\/www.zotal.com\/en\/#website\",\"url\":\"https:\/\/www.zotal.com\/en\/\",\"name\":\"Zotal\",\"description\":\"\",\"publisher\":{\"@id\":\"https:\/\/www.zotal.com\/en\/#organization\"},\"potentialAction\":[{\"@type\":\"SearchAction\",\"target\":{\"@type\":\"EntryPoint\",\"urlTemplate\":\"https:\/\/www.zotal.com\/en\/?s={search_term_string}\"},\"query-input\":{\"@type\":\"PropertyValueSpecification\",\"valueRequired\":true,\"valueName\":\"search_term_string\"}}],\"inLanguage\":\"en-US\"},{\"@type\":\"Organization\",\"@id\":\"https:\/\/www.zotal.com\/en\/#organization\",\"name\":\"Zotal Laboratorios\",\"url\":\"https:\/\/www.zotal.com\/en\/\",\"logo\":{\"@type\":\"ImageObject\",\"inLanguage\":\"en-US\",\"@id\":\"https:\/\/www.zotal.com\/en\/#\/schema\/logo\/image\/\",\"url\":\"https:\/\/www.zotal.com\/wp-content\/uploads\/2015\/08\/zotallogotipo.jpg\",\"contentUrl\":\"https:\/\/www.zotal.com\/wp-content\/uploads\/2015\/08\/zotallogotipo.jpg\",\"width\":706,\"height\":417,\"caption\":\"Zotal Laboratorios\"},\"image\":{\"@id\":\"https:\/\/www.zotal.com\/en\/#\/schema\/logo\/image\/\"},\"sameAs\":[\"https:\/\/www.facebook.com\/zotallaboratorios\",\"https:\/\/x.com\/zotallabs\",\"https:\/\/es.linkedin.com\/company\/laboratorios-zotal\",\"https:\/\/es.pinterest.com\/zotallabs\/\",\"https:\/\/www.youtube.com\/channel\/UCrNub93hYlNNSerE8khX8JQ\"]}]}<\/script>\n<!-- \/ Yoast SEO plugin. -->","yoast_head_json":{"title":"Insecticida laca LETAL\u00ae Laca Plus | Zotal","description":"Combina un piretroide de efecto inmediato y gran capacidad de volteo con un piretroide de gran capacidad letal y efecto residual.","robots":{"index":"index","follow":"follow","max-snippet":"max-snippet:-1","max-image-preview":"max-image-preview:large","max-video-preview":"max-video-preview:-1"},"canonical":"https:\/\/www.zotal.com\/en\/products\/insecticides\/letal-laca-plus\/","og_locale":"en_US","og_type":"article","og_title":"Insecticida laca LETAL\u00ae Laca Plus | Zotal","og_description":"Combina un piretroide de efecto inmediato y gran capacidad de volteo con un piretroide de gran capacidad letal y efecto residual.","og_url":"https:\/\/www.zotal.com\/en\/products\/insecticides\/letal-laca-plus\/","og_site_name":"Zotal","article_publisher":"https:\/\/www.facebook.com\/zotallaboratorios","article_modified_time":"2024-07-01T12:23:23+00:00","og_image":[{"width":600,"height":600,"url":"https:\/\/www.zotal.com\/wp-content\/uploads\/2015\/11\/zotal_lacaplus.jpg","type":"image\/jpeg"}],"twitter_card":"summary_large_image","twitter_site":"@zotallabs","twitter_misc":{"Est. reading time":"2 minutes"},"schema":{"@context":"https:\/\/schema.org","@graph":[{"@type":"WebPage","@id":"https:\/\/www.zotal.com\/en\/products\/insecticides\/letal-laca-plus\/","url":"https:\/\/www.zotal.com\/en\/products\/insecticides\/letal-laca-plus\/","name":"Insecticida laca LETAL\u00ae Laca Plus | Zotal","isPartOf":{"@id":"https:\/\/www.zotal.com\/en\/#website"},"primaryImageOfPage":{"@id":"https:\/\/www.zotal.com\/en\/products\/insecticides\/letal-laca-plus\/#primaryimage"},"image":{"@id":"https:\/\/www.zotal.com\/en\/products\/insecticides\/letal-laca-plus\/#primaryimage"},"thumbnailUrl":"https:\/\/www.zotal.com\/wp-content\/uploads\/2015\/11\/zotal_lacaplus.jpg","datePublished":"2019-05-24T11:13:19+00:00","dateModified":"2024-07-01T12:23:23+00:00","description":"Combina un piretroide de efecto inmediato y gran capacidad de volteo con un piretroide de gran capacidad letal y efecto residual.","breadcrumb":{"@id":"https:\/\/www.zotal.com\/en\/products\/insecticides\/letal-laca-plus\/#breadcrumb"},"inLanguage":"en-US","potentialAction":[{"@type":"ReadAction","target":["https:\/\/www.zotal.com\/en\/products\/insecticides\/letal-laca-plus\/"]}]},{"@type":"ImageObject","inLanguage":"en-US","@id":"https:\/\/www.zotal.com\/en\/products\/insecticides\/letal-laca-plus\/#primaryimage","url":"https:\/\/www.zotal.com\/wp-content\/uploads\/2015\/11\/zotal_lacaplus.jpg","contentUrl":"https:\/\/www.zotal.com\/wp-content\/uploads\/2015\/11\/zotal_lacaplus.jpg","width":600,"height":600},{"@type":"BreadcrumbList","@id":"https:\/\/www.zotal.com\/en\/products\/insecticides\/letal-laca-plus\/#breadcrumb","itemListElement":[{"@type":"ListItem","position":1,"name":"Portada","item":"https:\/\/www.zotal.com\/"},{"@type":"ListItem","position":2,"name":"Productos","item":"https:\/\/www.zotal.com\/shop\/"},{"@type":"ListItem","position":3,"name":"LETAL\u00ae Laca Plus"}]},{"@type":"WebSite","@id":"https:\/\/www.zotal.com\/en\/#website","url":"https:\/\/www.zotal.com\/en\/","name":"Zotal","description":"","publisher":{"@id":"https:\/\/www.zotal.com\/en\/#organization"},"potentialAction":[{"@type":"SearchAction","target":{"@type":"EntryPoint","urlTemplate":"https:\/\/www.zotal.com\/en\/?s={search_term_string}"},"query-input":{"@type":"PropertyValueSpecification","valueRequired":true,"valueName":"search_term_string"}}],"inLanguage":"en-US"},{"@type":"Organization","@id":"https:\/\/www.zotal.com\/en\/#organization","name":"Zotal Laboratorios","url":"https:\/\/www.zotal.com\/en\/","logo":{"@type":"ImageObject","inLanguage":"en-US","@id":"https:\/\/www.zotal.com\/en\/#\/schema\/logo\/image\/","url":"https:\/\/www.zotal.com\/wp-content\/uploads\/2015\/08\/zotallogotipo.jpg","contentUrl":"https:\/\/www.zotal.com\/wp-content\/uploads\/2015\/08\/zotallogotipo.jpg","width":706,"height":417,"caption":"Zotal Laboratorios"},"image":{"@id":"https:\/\/www.zotal.com\/en\/#\/schema\/logo\/image\/"},"sameAs":["https:\/\/www.facebook.com\/zotallaboratorios","https:\/\/x.com\/zotallabs","https:\/\/es.linkedin.com\/company\/laboratorios-zotal","https:\/\/es.pinterest.com\/zotallabs\/","https:\/\/www.youtube.com\/channel\/UCrNub93hYlNNSerE8khX8JQ"]}]}},"_links":{"self":[{"href":"https:\/\/www.zotal.com\/en\/wp-json\/wp\/v2\/product\/7584","targetHints":{"allow":["GET"]}}],"collection":[{"href":"https:\/\/www.zotal.com\/en\/wp-json\/wp\/v2\/product"}],"about":[{"href":"https:\/\/www.zotal.com\/en\/wp-json\/wp\/v2\/types\/product"}],"replies":[{"embeddable":true,"href":"https:\/\/www.zotal.com\/en\/wp-json\/wp\/v2\/comments?post=7584"}],"wp:featuredmedia":[{"embeddable":true,"href":"https:\/\/www.zotal.com\/en\/wp-json\/wp\/v2\/media\/18788"}],"wp:attachment":[{"href":"https:\/\/www.zotal.com\/en\/wp-json\/wp\/v2\/media?parent=7584"}],"wp:term":[{"taxonomy":"product_brand","embeddable":true,"href":"https:\/\/www.zotal.com\/en\/wp-json\/wp\/v2\/product_brand?post=7584"},{"taxonomy":"product_cat","embeddable":true,"href":"https:\/\/www.zotal.com\/en\/wp-json\/wp\/v2\/product_cat?post=7584"},{"taxonomy":"product_tag","embeddable":true,"href":"https:\/\/www.zotal.com\/en\/wp-json\/wp\/v2\/product_tag?post=7584"}],"curies":[{"name":"wp","href":"https:\/\/api.w.org\/{rel}","templated":true}]}}