{"id":8707,"date":"2021-02-15T12:39:27","date_gmt":"2021-02-15T11:39:27","guid":{"rendered":"https:\/\/www.zotal.com\/?post_type=product&#038;p=8707"},"modified":"2023-06-07T18:09:27","modified_gmt":"2023-06-07T16:09:27","slug":"frontal-delta-medicated-collar-for-large-and-extra-large-dogs","status":"publish","type":"product","link":"https:\/\/www.zotal.com\/en\/products\/pets\/frontal-delta-medicated-collar-for-large-and-extra-large-dogs\/","title":{"rendered":"FRONTAL\u00ae<br>DELTA <br>Medicated Collar for Large and Extra-Large Dogs"},"content":{"rendered":"<ul>\n<li>Repellent effect (anti-feeding) for 5 months against sand flies (Phlebotomus perniciosus).<\/li>\n<li>Repellent effect for 6 months against mosquito culicids (Culex pipiens). Prevention of:\n<ul>\n<li>Tick infestations for 6 months.<\/li>\n<li>Flea infestations for 4 months.<\/li>\n<\/ul>\n<\/li>\n<\/ul>\n<p>Repellent effect (anti-feeding) for 5 months against sand flies (Phlebotomus perniciosus). Repellent effect for 6 months against mosquito culicids (Culex pipiens). Prevention of: Tick infestations for 6 months. Flea infestations for 4 months.<\/p>\n<p>The repellent effect (anti-feeding) against Phlebotomus spp has been demonstrated; therefore, it can be considered as part of a program for the prevention of leishmaniasis and culicid mosquitoes of the Culex pipiens complex.<\/p>\n<h2>Mode and route of administration<\/h2>\n<p>Adapts to collars, anti-strangulation safety.<\/p>\n<h2>Dosage<\/h2>\n<p>One collar per dog.<\/p>\n<h2>Special warnings<\/h2>\n<p>Read the leaflet before use. Keep in the original packaging until use to prevent children from accessing the collar. Dogs wearing the collar should not be allowed to sleep in the same bed as their owners, especially children.<\/p>\n<h2>Special storage precautions<\/h2>\n<p>Store the bags in the outer cardboard or metal box to protect from light.<\/p>\n<p>FOR VETERINARY USE &#8211; NON-PRESCRIPTION VETERINARY MEDICINE.<\/p>\n","protected":false},"excerpt":{"rendered":"<p>El <strong>Collar FRONTAL DELTA<\/strong> posee efecto repelente (anti-alimentaci\u00f3n) frente a flebotomos (Phlebotomus perniciosus) y mosquitos cul\u00edcidos (Culex pipiens) durante 5 y 6 meses; por lo que se puede considerar como parte de un programa para la prevenci\u00f3n de leishmaniosis y mosquitos cul\u00edcidos del complejo Culex pipiens. Indicado adem\u00e1s para la prevenci\u00f3n de las infestaciones producidas por garrapatas y pulgas durante 6 y 4 meses.<\/p>\n<p><img fetchpriority=\"high\" decoding=\"async\" class=\"size-full wp-image-8696 alignleft\" src=\"https:\/\/www.zotal.com\/wp-content\/uploads\/2020\/12\/formatosfrontaldelta.jpg\" alt=\"formatos frontal delta\" width=\"296\" height=\"282\" \/><\/p>\n","protected":false},"featured_media":8709,"comment_status":"closed","ping_status":"closed","template":"","meta":{"_acf_changed":false,"inline_featured_image":false},"product_brand":[],"product_cat":[188],"product_tag":[],"class_list":{"0":"post-8707","1":"product","2":"type-product","3":"status-publish","4":"has-post-thumbnail","6":"product_cat-pets","8":"first","9":"instock","10":"shipping-taxable","11":"product-type-simple"},"acf":[],"yoast_head":"<!-- This site is optimized with the Yoast SEO plugin v26.8 - https:\/\/yoast.com\/product\/yoast-seo-wordpress\/ -->\n<title>FRONTAL\u00ae DELTA Collar Medicamentoso Perros Grandes y Muy Grandes<\/title>\n<meta name=\"description\" content=\"FRONTAL DELTA Collar Medicamentoso para perros grandes posee efecto repelente frente a flebotomos y mosquitos cul\u00edcidos de 5 a 6 meses.\" \/>\n<meta name=\"robots\" content=\"index, follow, max-snippet:-1, max-image-preview:large, max-video-preview:-1\" \/>\n<link rel=\"canonical\" href=\"https:\/\/www.zotal.com\/en\/products\/pets\/frontal-delta-medicated-collar-for-large-and-extra-large-dogs\/\" \/>\n<meta property=\"og:locale\" content=\"en_US\" \/>\n<meta property=\"og:type\" content=\"article\" \/>\n<meta property=\"og:title\" content=\"FRONTAL\u00ae DELTA Collar Medicamentoso Perros Grandes y Muy Grandes\" \/>\n<meta property=\"og:description\" content=\"FRONTAL DELTA Collar Medicamentoso para perros grandes posee efecto repelente frente a flebotomos y mosquitos cul\u00edcidos de 5 a 6 meses.\" \/>\n<meta property=\"og:url\" content=\"https:\/\/www.zotal.com\/en\/products\/pets\/frontal-delta-medicated-collar-for-large-and-extra-large-dogs\/\" \/>\n<meta property=\"og:site_name\" content=\"Zotal\" \/>\n<meta property=\"article:publisher\" content=\"https:\/\/www.facebook.com\/zotallaboratorios\" \/>\n<meta property=\"article:modified_time\" content=\"2023-06-07T16:09:27+00:00\" \/>\n<meta property=\"og:image\" content=\"https:\/\/www.zotal.com\/wp-content\/uploads\/2021\/02\/frontaldelta75cm2uni.jpg\" \/>\n\t<meta property=\"og:image:width\" content=\"1000\" \/>\n\t<meta property=\"og:image:height\" content=\"1000\" \/>\n\t<meta property=\"og:image:type\" content=\"image\/jpeg\" \/>\n<meta name=\"twitter:card\" content=\"summary_large_image\" \/>\n<meta name=\"twitter:site\" content=\"@zotallabs\" \/>\n<meta name=\"twitter:label1\" content=\"Est. reading time\" \/>\n\t<meta name=\"twitter:data1\" content=\"1 minute\" \/>\n<script type=\"application\/ld+json\" class=\"yoast-schema-graph\">{\"@context\":\"https:\/\/schema.org\",\"@graph\":[{\"@type\":\"WebPage\",\"@id\":\"https:\/\/www.zotal.com\/en\/products\/pets\/frontal-delta-medicated-collar-for-large-and-extra-large-dogs\/\",\"url\":\"https:\/\/www.zotal.com\/en\/products\/pets\/frontal-delta-medicated-collar-for-large-and-extra-large-dogs\/\",\"name\":\"FRONTAL\u00ae DELTA Collar Medicamentoso Perros Grandes y Muy Grandes\",\"isPartOf\":{\"@id\":\"https:\/\/www.zotal.com\/en\/#website\"},\"primaryImageOfPage\":{\"@id\":\"https:\/\/www.zotal.com\/en\/products\/pets\/frontal-delta-medicated-collar-for-large-and-extra-large-dogs\/#primaryimage\"},\"image\":{\"@id\":\"https:\/\/www.zotal.com\/en\/products\/pets\/frontal-delta-medicated-collar-for-large-and-extra-large-dogs\/#primaryimage\"},\"thumbnailUrl\":\"https:\/\/www.zotal.com\/wp-content\/uploads\/2021\/02\/frontaldelta75cm2uni.jpg\",\"datePublished\":\"2021-02-15T11:39:27+00:00\",\"dateModified\":\"2023-06-07T16:09:27+00:00\",\"description\":\"FRONTAL DELTA Collar Medicamentoso para perros grandes posee efecto repelente frente a flebotomos y mosquitos cul\u00edcidos de 5 a 6 meses.\",\"breadcrumb\":{\"@id\":\"https:\/\/www.zotal.com\/en\/products\/pets\/frontal-delta-medicated-collar-for-large-and-extra-large-dogs\/#breadcrumb\"},\"inLanguage\":\"en-US\",\"potentialAction\":[{\"@type\":\"ReadAction\",\"target\":[\"https:\/\/www.zotal.com\/en\/products\/pets\/frontal-delta-medicated-collar-for-large-and-extra-large-dogs\/\"]}]},{\"@type\":\"ImageObject\",\"inLanguage\":\"en-US\",\"@id\":\"https:\/\/www.zotal.com\/en\/products\/pets\/frontal-delta-medicated-collar-for-large-and-extra-large-dogs\/#primaryimage\",\"url\":\"https:\/\/www.zotal.com\/wp-content\/uploads\/2021\/02\/frontaldelta75cm2uni.jpg\",\"contentUrl\":\"https:\/\/www.zotal.com\/wp-content\/uploads\/2021\/02\/frontaldelta75cm2uni.jpg\",\"width\":1000,\"height\":1000,\"caption\":\"frontal delta perros grandes\"},{\"@type\":\"BreadcrumbList\",\"@id\":\"https:\/\/www.zotal.com\/en\/products\/pets\/frontal-delta-medicated-collar-for-large-and-extra-large-dogs\/#breadcrumb\",\"itemListElement\":[{\"@type\":\"ListItem\",\"position\":1,\"name\":\"Portada\",\"item\":\"https:\/\/www.zotal.com\/\"},{\"@type\":\"ListItem\",\"position\":2,\"name\":\"Productos\",\"item\":\"https:\/\/www.zotal.com\/shop\/\"},{\"@type\":\"ListItem\",\"position\":3,\"name\":\"FRONTAL\u00aeDELTA Medicated Collar for Large and Extra-Large Dogs\"}]},{\"@type\":\"WebSite\",\"@id\":\"https:\/\/www.zotal.com\/en\/#website\",\"url\":\"https:\/\/www.zotal.com\/en\/\",\"name\":\"Zotal\",\"description\":\"\",\"publisher\":{\"@id\":\"https:\/\/www.zotal.com\/en\/#organization\"},\"potentialAction\":[{\"@type\":\"SearchAction\",\"target\":{\"@type\":\"EntryPoint\",\"urlTemplate\":\"https:\/\/www.zotal.com\/en\/?s={search_term_string}\"},\"query-input\":{\"@type\":\"PropertyValueSpecification\",\"valueRequired\":true,\"valueName\":\"search_term_string\"}}],\"inLanguage\":\"en-US\"},{\"@type\":\"Organization\",\"@id\":\"https:\/\/www.zotal.com\/en\/#organization\",\"name\":\"Zotal Laboratorios\",\"url\":\"https:\/\/www.zotal.com\/en\/\",\"logo\":{\"@type\":\"ImageObject\",\"inLanguage\":\"en-US\",\"@id\":\"https:\/\/www.zotal.com\/en\/#\/schema\/logo\/image\/\",\"url\":\"https:\/\/www.zotal.com\/wp-content\/uploads\/2015\/08\/zotallogotipo.jpg\",\"contentUrl\":\"https:\/\/www.zotal.com\/wp-content\/uploads\/2015\/08\/zotallogotipo.jpg\",\"width\":706,\"height\":417,\"caption\":\"Zotal Laboratorios\"},\"image\":{\"@id\":\"https:\/\/www.zotal.com\/en\/#\/schema\/logo\/image\/\"},\"sameAs\":[\"https:\/\/www.facebook.com\/zotallaboratorios\",\"https:\/\/x.com\/zotallabs\",\"https:\/\/es.linkedin.com\/company\/laboratorios-zotal\",\"https:\/\/es.pinterest.com\/zotallabs\/\",\"https:\/\/www.youtube.com\/channel\/UCrNub93hYlNNSerE8khX8JQ\"]}]}<\/script>\n<!-- \/ Yoast SEO plugin. -->","yoast_head_json":{"title":"FRONTAL\u00ae DELTA Collar Medicamentoso Perros Grandes y Muy Grandes","description":"FRONTAL DELTA Collar Medicamentoso para perros grandes posee efecto repelente frente a flebotomos y mosquitos cul\u00edcidos de 5 a 6 meses.","robots":{"index":"index","follow":"follow","max-snippet":"max-snippet:-1","max-image-preview":"max-image-preview:large","max-video-preview":"max-video-preview:-1"},"canonical":"https:\/\/www.zotal.com\/en\/products\/pets\/frontal-delta-medicated-collar-for-large-and-extra-large-dogs\/","og_locale":"en_US","og_type":"article","og_title":"FRONTAL\u00ae DELTA Collar Medicamentoso Perros Grandes y Muy Grandes","og_description":"FRONTAL DELTA Collar Medicamentoso para perros grandes posee efecto repelente frente a flebotomos y mosquitos cul\u00edcidos de 5 a 6 meses.","og_url":"https:\/\/www.zotal.com\/en\/products\/pets\/frontal-delta-medicated-collar-for-large-and-extra-large-dogs\/","og_site_name":"Zotal","article_publisher":"https:\/\/www.facebook.com\/zotallaboratorios","article_modified_time":"2023-06-07T16:09:27+00:00","og_image":[{"width":1000,"height":1000,"url":"https:\/\/www.zotal.com\/wp-content\/uploads\/2021\/02\/frontaldelta75cm2uni.jpg","type":"image\/jpeg"}],"twitter_card":"summary_large_image","twitter_site":"@zotallabs","twitter_misc":{"Est. reading time":"1 minute"},"schema":{"@context":"https:\/\/schema.org","@graph":[{"@type":"WebPage","@id":"https:\/\/www.zotal.com\/en\/products\/pets\/frontal-delta-medicated-collar-for-large-and-extra-large-dogs\/","url":"https:\/\/www.zotal.com\/en\/products\/pets\/frontal-delta-medicated-collar-for-large-and-extra-large-dogs\/","name":"FRONTAL\u00ae DELTA Collar Medicamentoso Perros Grandes y Muy Grandes","isPartOf":{"@id":"https:\/\/www.zotal.com\/en\/#website"},"primaryImageOfPage":{"@id":"https:\/\/www.zotal.com\/en\/products\/pets\/frontal-delta-medicated-collar-for-large-and-extra-large-dogs\/#primaryimage"},"image":{"@id":"https:\/\/www.zotal.com\/en\/products\/pets\/frontal-delta-medicated-collar-for-large-and-extra-large-dogs\/#primaryimage"},"thumbnailUrl":"https:\/\/www.zotal.com\/wp-content\/uploads\/2021\/02\/frontaldelta75cm2uni.jpg","datePublished":"2021-02-15T11:39:27+00:00","dateModified":"2023-06-07T16:09:27+00:00","description":"FRONTAL DELTA Collar Medicamentoso para perros grandes posee efecto repelente frente a flebotomos y mosquitos cul\u00edcidos de 5 a 6 meses.","breadcrumb":{"@id":"https:\/\/www.zotal.com\/en\/products\/pets\/frontal-delta-medicated-collar-for-large-and-extra-large-dogs\/#breadcrumb"},"inLanguage":"en-US","potentialAction":[{"@type":"ReadAction","target":["https:\/\/www.zotal.com\/en\/products\/pets\/frontal-delta-medicated-collar-for-large-and-extra-large-dogs\/"]}]},{"@type":"ImageObject","inLanguage":"en-US","@id":"https:\/\/www.zotal.com\/en\/products\/pets\/frontal-delta-medicated-collar-for-large-and-extra-large-dogs\/#primaryimage","url":"https:\/\/www.zotal.com\/wp-content\/uploads\/2021\/02\/frontaldelta75cm2uni.jpg","contentUrl":"https:\/\/www.zotal.com\/wp-content\/uploads\/2021\/02\/frontaldelta75cm2uni.jpg","width":1000,"height":1000,"caption":"frontal delta perros grandes"},{"@type":"BreadcrumbList","@id":"https:\/\/www.zotal.com\/en\/products\/pets\/frontal-delta-medicated-collar-for-large-and-extra-large-dogs\/#breadcrumb","itemListElement":[{"@type":"ListItem","position":1,"name":"Portada","item":"https:\/\/www.zotal.com\/"},{"@type":"ListItem","position":2,"name":"Productos","item":"https:\/\/www.zotal.com\/shop\/"},{"@type":"ListItem","position":3,"name":"FRONTAL\u00aeDELTA Medicated Collar for Large and Extra-Large Dogs"}]},{"@type":"WebSite","@id":"https:\/\/www.zotal.com\/en\/#website","url":"https:\/\/www.zotal.com\/en\/","name":"Zotal","description":"","publisher":{"@id":"https:\/\/www.zotal.com\/en\/#organization"},"potentialAction":[{"@type":"SearchAction","target":{"@type":"EntryPoint","urlTemplate":"https:\/\/www.zotal.com\/en\/?s={search_term_string}"},"query-input":{"@type":"PropertyValueSpecification","valueRequired":true,"valueName":"search_term_string"}}],"inLanguage":"en-US"},{"@type":"Organization","@id":"https:\/\/www.zotal.com\/en\/#organization","name":"Zotal Laboratorios","url":"https:\/\/www.zotal.com\/en\/","logo":{"@type":"ImageObject","inLanguage":"en-US","@id":"https:\/\/www.zotal.com\/en\/#\/schema\/logo\/image\/","url":"https:\/\/www.zotal.com\/wp-content\/uploads\/2015\/08\/zotallogotipo.jpg","contentUrl":"https:\/\/www.zotal.com\/wp-content\/uploads\/2015\/08\/zotallogotipo.jpg","width":706,"height":417,"caption":"Zotal Laboratorios"},"image":{"@id":"https:\/\/www.zotal.com\/en\/#\/schema\/logo\/image\/"},"sameAs":["https:\/\/www.facebook.com\/zotallaboratorios","https:\/\/x.com\/zotallabs","https:\/\/es.linkedin.com\/company\/laboratorios-zotal","https:\/\/es.pinterest.com\/zotallabs\/","https:\/\/www.youtube.com\/channel\/UCrNub93hYlNNSerE8khX8JQ"]}]}},"_links":{"self":[{"href":"https:\/\/www.zotal.com\/en\/wp-json\/wp\/v2\/product\/8707","targetHints":{"allow":["GET"]}}],"collection":[{"href":"https:\/\/www.zotal.com\/en\/wp-json\/wp\/v2\/product"}],"about":[{"href":"https:\/\/www.zotal.com\/en\/wp-json\/wp\/v2\/types\/product"}],"replies":[{"embeddable":true,"href":"https:\/\/www.zotal.com\/en\/wp-json\/wp\/v2\/comments?post=8707"}],"wp:featuredmedia":[{"embeddable":true,"href":"https:\/\/www.zotal.com\/en\/wp-json\/wp\/v2\/media\/8709"}],"wp:attachment":[{"href":"https:\/\/www.zotal.com\/en\/wp-json\/wp\/v2\/media?parent=8707"}],"wp:term":[{"taxonomy":"product_brand","embeddable":true,"href":"https:\/\/www.zotal.com\/en\/wp-json\/wp\/v2\/product_brand?post=8707"},{"taxonomy":"product_cat","embeddable":true,"href":"https:\/\/www.zotal.com\/en\/wp-json\/wp\/v2\/product_cat?post=8707"},{"taxonomy":"product_tag","embeddable":true,"href":"https:\/\/www.zotal.com\/en\/wp-json\/wp\/v2\/product_tag?post=8707"}],"curies":[{"name":"wp","href":"https:\/\/api.w.org\/{rel}","templated":true}]}}